{"id":29431,"date":"2026-02-03T13:10:31","date_gmt":"2026-02-03T13:10:31","guid":{"rendered":"https:\/\/equipment-pt3.com\/produto\/skil-1841-aa-tupia\/"},"modified":"2026-02-17T17:58:44","modified_gmt":"2026-02-17T17:58:44","slug":"skil-1841-aa-tupia","status":"publish","type":"product","link":"https:\/\/equipment-pt3.com\/en\/product\/skil-1841-aa-tupia\/","title":{"rendered":"SKIL 1841 AA Tupia"},"content":{"rendered":"<p>A tupia SKIL 1841 \u00e9 a ferramenta ideal para efetuar sulcos e ensambladuras, moldar, chanfrar e criar perfis e cortes decorativos. Tem um potente motor de 1200 W que permite executar com facilidade todos os trabalhos de corte a profundidades de at\u00e9 55 mm. A SKIL 1841 \u00e9 adequada para uma grande variedade de materiais, gra\u00e7as \u00e0 pr\u00e9-sele\u00e7\u00e3o da velocidade e \u00e0 regula\u00e7\u00e3o da profundidade precisa. Pode ajustar comodamente a velocidade e a regula\u00e7\u00e3o da profundidade \u00e0 tarefa que tem em m\u00e3os. O bloqueio do fuso permite uma troca r\u00e1pida e f\u00e1cil das pontas. Esta tupia \u00e9 fornecida com uma ponta reta, tr\u00eas encaixes, uma guia paralela, pino de centragem e anel de c\u00f3pia.<\/p>\n<p><strong>Caracter\u00edsticas:<\/strong><\/p>\n<ul>\n<li>Ensamblar, chanfrar, abrir ranhurar e sulcos, arestas e perfis; esta potente tupia de 1200 W pode fazer todos estes trabalhos e muitos mais, com a maior facilidade<\/li>\n<li>Velocidade vari\u00e1vel, 11.000 &#8211; 30.000 r.p.m., para trabalhar com uma vasta gama de materiais com diferentes tipos de pontas de tupia<\/li>\n<li>Regula\u00e7\u00e3o precisa da profundidade para ajustes r\u00e1pidos e precisos<\/li>\n<li>Bloqueio do fuso para uma troca r\u00e1pida da tupia com uma \u00fanica chave<\/li>\n<li>Batente de profundidade da torre para fresagem facilitada com 3 profundidades pr\u00e9-selecionadas<\/li>\n<li>Adaptador para aspira\u00e7\u00e3o do p\u00f3 integrado, para um ambiente de trabalho mais limpo<\/li>\n<li>Topo plano, para troca f\u00e1cil de pontas<\/li>\n<\/ul>","protected":false},"excerpt":{"rendered":"<p>A tupia SKIL 1841 \u00e9 a ferramenta ideal para efetuar sulcos e ensambladuras, moldar, chanfrar e criar perfis e cortes<\/p>","protected":false},"featured_media":30403,"template":"","meta":[],"product_brand":[67],"product_cat":[34],"product_tag":[],"class_list":{"0":"post-29431","1":"product","2":"type-product","3":"status-publish","4":"has-post-thumbnail","6":"product_brand-skil","7":"product_cat-ferramentas-eletricas","9":"first","10":"instock","11":"sale","12":"purchasable","13":"product-type-simple"},"_links":{"self":[{"href":"https:\/\/equipment-pt3.com\/en\/wp-json\/wp\/v2\/product\/29431","targetHints":{"allow":["GET"]}}],"collection":[{"href":"https:\/\/equipment-pt3.com\/en\/wp-json\/wp\/v2\/product"}],"about":[{"href":"https:\/\/equipment-pt3.com\/en\/wp-json\/wp\/v2\/types\/product"}],"version-history":[{"count":4,"href":"https:\/\/equipment-pt3.com\/en\/wp-json\/wp\/v2\/product\/29431\/revisions"}],"predecessor-version":[{"id":30410,"href":"https:\/\/equipment-pt3.com\/en\/wp-json\/wp\/v2\/product\/29431\/revisions\/30410"}],"wp:featuredmedia":[{"embeddable":true,"href":"https:\/\/equipment-pt3.com\/en\/wp-json\/wp\/v2\/media\/30403"}],"wp:attachment":[{"href":"https:\/\/equipment-pt3.com\/en\/wp-json\/wp\/v2\/media?parent=29431"}],"wp:term":[{"taxonomy":"product_brand","embeddable":true,"href":"https:\/\/equipment-pt3.com\/en\/wp-json\/wp\/v2\/product_brand?post=29431"},{"taxonomy":"product_cat","embeddable":true,"href":"https:\/\/equipment-pt3.com\/en\/wp-json\/wp\/v2\/product_cat?post=29431"},{"taxonomy":"product_tag","embeddable":true,"href":"https:\/\/equipment-pt3.com\/en\/wp-json\/wp\/v2\/product_tag?post=29431"}],"curies":[{"name":"wp","href":"https:\/\/api.w.org\/{rel}","templated":true}]}}