{"id":29432,"date":"2026-02-03T13:10:32","date_gmt":"2026-02-03T13:10:32","guid":{"rendered":"https:\/\/equipment-pt3.com\/produto\/skil-2636-ad-aparafusadora-sem-fio\/"},"modified":"2026-02-13T12:39:26","modified_gmt":"2026-02-13T12:39:26","slug":"skil-2636-ad-aparafusadora-sem-fio","status":"publish","type":"product","link":"https:\/\/equipment-pt3.com\/en\/product\/skil-2636-ad-aparafusadora-sem-fio\/","title":{"rendered":"Skil 2636 AD Aparafusadora sem fio"},"content":{"rendered":"<p><strong>Aparafusadora compacta de l\u00edtio sem fio com carregador micro USB<\/strong><br \/>\nA aparafusadora sem fio \u00ab4V Max\u00bb (3,6 V) SKIL 2636 \u00e9 a ferramenta ideal para trabalhar em espa\u00e7os limitados gra\u00e7as ao seu design compacto. Est\u00e1 sempre pronta a utilizar gra\u00e7as \u00e0 fi\u00e1vel tecnologia de i\u00f5es de l\u00edtio. A pr\u00e1tica sele\u00e7\u00e3o para apertar\/desapertar assegura a facilidade de utiliza\u00e7\u00e3o durante o trabalho. O carregador micro USB oferece um tempo de carregamento reduzido. Outras fun\u00e7\u00f5es pr\u00e1ticas, tais como a potente lanterna LED, indicador do n\u00edvel de carga da bateria e bloqueio autom\u00e1tico do fuso, proporcionam uma comodidade extra durante o trabalho. A SKIL 2636 tem uma conex\u00e3o hexagonal magn\u00e9tica padr\u00e3o e \u00e9 compat\u00edvel com as pontas para aparafusadora hexagonais mais dispon\u00edveis. Esta aparafusadora sem fio \u00e9 fornecida numa mala resistente com um jogo de 35 pontas para aparafusamento e pr\u00e9-fura\u00e7\u00e3o.<\/p>\n<p><strong>Tecnologia de bateria de i\u00f5es de l\u00edtio com carregador micro USB<\/strong><br \/>\nEsta ferramenta disp\u00f5e da tecnologia de bateria de i\u00f5es de l\u00edtio. Isto significa: sem efeito mem\u00f3ria, sem descarga espont\u00e2nea e sempre pronta a utilizar! A tecnologia \u00abECP\u00bb (prote\u00e7\u00e3o eletr\u00f3nica dos elementos) impede a sobrecarga, o sobreaquecimento e a descarga profunda da bateria de i\u00f5es de l\u00edtio. Al\u00e9m disso, o carregador micro USB, que oferece um tempo de carregamento reduzido, pode ser ligado a outras interfaces USB.<\/p>\n<p><strong>Pr\u00e1tica sele\u00e7\u00e3o para apertar\/desapertar para facilitar a utiliza\u00e7\u00e3o<\/strong><br \/>\nA SKIL 2636 disp\u00f5e de um pr\u00e1tico sistema de sele\u00e7\u00e3o para apertar\/desapertar. Pode alterar comodamente a dire\u00e7\u00e3o de trabalho deslocando a alavanca para cima ou para baixo. \u00c9 f\u00e1cil de operar tanto por utilizadores destros como canhotos. A dire\u00e7\u00e3o de trabalho selecionada \u00e9 claramente exibida na parte superior da ferramenta.<\/p>\n<p><strong>Fun\u00e7\u00f5es pr\u00e1ticas para uma comodidade extra durante o trabalho<\/strong><br \/>\nA boa visibilidade do seu trabalho \u00e9 garantida pela lanterna LED. O indicador do n\u00edvel de carga da bateria exibe um aviso quando o n\u00edvel da bateria est\u00e1 baixo, da\u00ed que ter\u00e1 sempre tempo para recarregar. O bloqueio do fuso permite-lhe usar for\u00e7a manual extra quando necess\u00e1rio, por exemplo para terminar de apertar ou come\u00e7ar a soltar parafusos e pernos. Pode guardar duas brocas extra para aparafusadora na ferramenta para ter mais brocas \u00e0 m\u00e3o. Esta ferramenta \u00e9 fornecida numa mala resistente com um porta-pontas magn\u00e9tico, 26 pontas, duas pontas de aparafusar hexagonais para pr\u00e9-fura\u00e7\u00e3o, cinco conectores e uma extens\u00e3o para ligar os conectores.<\/p>\n<p>&nbsp;<\/p>\n<p><strong>Caracter\u00edsticas:<\/strong><\/p>\n<section class=\"elementor-section elementor-top-section elementor-element elementor-element-7bcf1ca8 elementor-section-boxed elementor-section-height-default elementor-section-height-default\" data-id=\"7bcf1ca8\" data-element_type=\"section\" data-e-type=\"section\">\n<div class=\"elementor-container elementor-column-gap-default\">\n<div class=\"elementor-column elementor-col-100 elementor-top-column elementor-element elementor-element-774190a8\" data-id=\"774190a8\" data-element_type=\"column\" data-e-type=\"column\">\n<div class=\"elementor-widget-wrap elementor-element-populated\">\n<div class=\"elementor-element elementor-element-2619d6f elementor-widget elementor-widget-woocommerce-product-data-tabs\" data-id=\"2619d6f\" data-element_type=\"widget\" data-e-type=\"widget\" data-widget_type=\"woocommerce-product-data-tabs.default\">\n<div class=\"elementor-widget-container\">\n<div class=\"woocommerce-tabs wc-tabs-wrapper\">\n<div id=\"tab-caracteristics_tab\" class=\"woocommerce-Tabs-panel woocommerce-Tabs-panel--caracteristics_tab panel entry-content wc-tab\" role=\"tabpanel\" aria-labelledby=\"tab-title-caracteristics_tab\">\n<ul>\n<li>Bloqueio autom\u00e1tico do fuso para apertar ou desapertar parafusos e pernos manualmente<\/li>\n<li>Esta aparafusadora sem fio recebeu um iF DESIGN AWARD 2017 gra\u00e7as \u00e0 excecional qualidade do seu design<\/li>\n<li>Softgrip e pega de tamanho ergon\u00f3mico, para uma comodidade \u00f3tima<\/li>\n<li>O sistema eletr\u00f3nico protege contra a sobrecarga, sobreaquecimento e descarga profunda<\/li>\n<li>Duas brocas para aparafusadora extra \u00e0 m\u00e3o gra\u00e7as ao dep\u00f3sito de brocas na ferramenta<\/li>\n<li>Lanterna para uma melhor visualiza\u00e7\u00e3o da pe\u00e7a a ser trabalhada e um trabalho mais confort\u00e1vel em \u00e1reas mal iluminadas<\/li>\n<li>Indicador apertar\/desapertar, para ver rapidamente se o sentido de rota\u00e7\u00e3o est\u00e1 correto<\/li>\n<li>O indicador do n\u00edvel de carga da bateria exibe um aviso quando o n\u00edvel da bateria est\u00e1 baixo<\/li>\n<li>Aparafusadora de l\u00edtio sem fio com carregador micro USB para uma gama ampla de op\u00e7\u00f5es de carregamento<\/li>\n<li>Tecnologia de i\u00f5es de l\u00edtio: sem efeito mem\u00f3ria, sem descarga espont\u00e2nea e sempre pronta a utilizar<\/li>\n<li>Fornecida numa mala resistente com um conjunto de 35 brocas para aparafusamento e pr\u00e9-fura\u00e7\u00e3o<\/li>\n<\/ul>\n<p>&nbsp;<\/p>\n<\/div>\n<\/div>\n<\/div>\n<\/div>\n<\/div>\n<\/div>\n<\/div>\n<\/section>","protected":false},"excerpt":{"rendered":"<p>Aparafusadora compacta de l\u00edtio sem fio com carregador micro USB A aparafusadora sem fio \u00ab4V Max\u00bb (3,6 V) SKIL 2636<\/p>","protected":false},"featured_media":31183,"template":"","meta":[],"product_brand":[67],"product_cat":[34],"product_tag":[],"class_list":{"0":"post-29432","1":"product","2":"type-product","3":"status-publish","4":"has-post-thumbnail","6":"product_brand-skil","7":"product_cat-ferramentas-eletricas","9":"first","10":"instock","11":"sale","12":"taxable","13":"shipping-taxable","14":"purchasable","15":"product-type-simple"},"_links":{"self":[{"href":"https:\/\/equipment-pt3.com\/en\/wp-json\/wp\/v2\/product\/29432","targetHints":{"allow":["GET"]}}],"collection":[{"href":"https:\/\/equipment-pt3.com\/en\/wp-json\/wp\/v2\/product"}],"about":[{"href":"https:\/\/equipment-pt3.com\/en\/wp-json\/wp\/v2\/types\/product"}],"version-history":[{"count":3,"href":"https:\/\/equipment-pt3.com\/en\/wp-json\/wp\/v2\/product\/29432\/revisions"}],"predecessor-version":[{"id":31187,"href":"https:\/\/equipment-pt3.com\/en\/wp-json\/wp\/v2\/product\/29432\/revisions\/31187"}],"wp:featuredmedia":[{"embeddable":true,"href":"https:\/\/equipment-pt3.com\/en\/wp-json\/wp\/v2\/media\/31183"}],"wp:attachment":[{"href":"https:\/\/equipment-pt3.com\/en\/wp-json\/wp\/v2\/media?parent=29432"}],"wp:term":[{"taxonomy":"product_brand","embeddable":true,"href":"https:\/\/equipment-pt3.com\/en\/wp-json\/wp\/v2\/product_brand?post=29432"},{"taxonomy":"product_cat","embeddable":true,"href":"https:\/\/equipment-pt3.com\/en\/wp-json\/wp\/v2\/product_cat?post=29432"},{"taxonomy":"product_tag","embeddable":true,"href":"https:\/\/equipment-pt3.com\/en\/wp-json\/wp\/v2\/product_tag?post=29432"}],"curies":[{"name":"wp","href":"https:\/\/api.w.org\/{rel}","templated":true}]}}