{"id":29433,"date":"2026-02-03T13:10:32","date_gmt":"2026-02-03T13:10:32","guid":{"rendered":"https:\/\/equipment-pt3.com\/produto\/skil-2900-aj-tesoura-multi-funcoes-48v\/"},"modified":"2026-02-17T15:30:44","modified_gmt":"2026-02-17T15:30:44","slug":"skil-2900-aj-tesoura-multi-funcoes-48v","status":"publish","type":"product","link":"https:\/\/equipment-pt3.com\/en\/product\/skil-2900-aj-tesoura-multi-funcoes-48v\/","title":{"rendered":"Skil 2900 AJ Tesoura multi-func\u00f5es 4,8V\u00a0"},"content":{"rendered":"<p>A SKIL 2900 \u00abMulti Cutter\u00bb fornece-lhe a solu\u00e7\u00e3o ideal para todos aqueles desafios de corte comuns num ambiente dom\u00e9stico quotidiano. Esta ferramenta de corte sem fio de 4,8 V com bateria recarreg\u00e1vel proporciona-lhe uma grande liberdade de trabalho para cortar uma ampla gama de materiais, por exemplo, cart\u00e3o, pl\u00e1sticos, vinil, couro, papel de parede, carpete, ganga, galhos e muito mais. Ela \u00e9 ideal para cortar rapidamente e sem esfor\u00e7o em linhas direitas e em curva. O grande bot\u00e3o de bloqueio e o sistema de substitui\u00e7\u00e3o de l\u00e2mina \u00abClic\u00bb sem necessidade de ferramentas proporcionam um conforto e uma comodidade de trabalho extra.<\/p>\n<p><strong>Caracteristicas:<\/strong><\/p>\n<ul>\n<li>A solu\u00e7\u00e3o ideal para os trabalhos de corte do dia a dia<\/li>\n<li>O Multi Cutter \u00e9 uma ferramenta muito vers\u00e1til para cortar todo o tipo de materiais flex\u00edveis, como tecidos, alcatifa, cart\u00e3o, papel, flores e muitos mais<\/li>\n<li>Mudan\u00e7a simples da cabe\u00e7a de tesoura com o sistema \u00abClic\u00bb<\/li>\n<li>Permite cortes precisos e detalhados em linhas retas e curvas<\/li>\n<li>Interruptor de bloqueio grande, para utiliza\u00e7\u00e3o cont\u00ednua<\/li>\n<li>Liberdade sem fio com o sistema de acumulador NiMH de 4,8 V<\/li>\n<\/ul>","protected":false},"excerpt":{"rendered":"<p>A SKIL 2900 \u00abMulti Cutter\u00bb fornece-lhe a solu\u00e7\u00e3o ideal para todos aqueles desafios de corte comuns num ambiente dom\u00e9stico quotidiano.<\/p>","protected":false},"featured_media":30266,"template":"","meta":[],"product_brand":[67],"product_cat":[101],"product_tag":[],"class_list":{"0":"post-29433","1":"product","2":"type-product","3":"status-publish","4":"has-post-thumbnail","6":"product_brand-skil","7":"product_cat-ferramentas-manuais","9":"first","10":"instock","11":"sale","12":"purchasable","13":"product-type-simple"},"_links":{"self":[{"href":"https:\/\/equipment-pt3.com\/en\/wp-json\/wp\/v2\/product\/29433","targetHints":{"allow":["GET"]}}],"collection":[{"href":"https:\/\/equipment-pt3.com\/en\/wp-json\/wp\/v2\/product"}],"about":[{"href":"https:\/\/equipment-pt3.com\/en\/wp-json\/wp\/v2\/types\/product"}],"version-history":[{"count":3,"href":"https:\/\/equipment-pt3.com\/en\/wp-json\/wp\/v2\/product\/29433\/revisions"}],"predecessor-version":[{"id":30273,"href":"https:\/\/equipment-pt3.com\/en\/wp-json\/wp\/v2\/product\/29433\/revisions\/30273"}],"wp:featuredmedia":[{"embeddable":true,"href":"https:\/\/equipment-pt3.com\/en\/wp-json\/wp\/v2\/media\/30266"}],"wp:attachment":[{"href":"https:\/\/equipment-pt3.com\/en\/wp-json\/wp\/v2\/media?parent=29433"}],"wp:term":[{"taxonomy":"product_brand","embeddable":true,"href":"https:\/\/equipment-pt3.com\/en\/wp-json\/wp\/v2\/product_brand?post=29433"},{"taxonomy":"product_cat","embeddable":true,"href":"https:\/\/equipment-pt3.com\/en\/wp-json\/wp\/v2\/product_cat?post=29433"},{"taxonomy":"product_tag","embeddable":true,"href":"https:\/\/equipment-pt3.com\/en\/wp-json\/wp\/v2\/product_tag?post=29433"}],"curies":[{"name":"wp","href":"https:\/\/api.w.org\/{rel}","templated":true}]}}