{"id":29434,"date":"2026-02-03T13:10:32","date_gmt":"2026-02-03T13:10:32","guid":{"rendered":"https:\/\/equipment-pt3.com\/produto\/skil-4190-aa-serra-vertical\/"},"modified":"2026-02-13T12:49:18","modified_gmt":"2026-02-13T12:49:18","slug":"skil-4190-aa-serra-vertical","status":"publish","type":"product","link":"https:\/\/equipment-pt3.com\/en\/product\/skil-4190-aa-serra-vertical\/","title":{"rendered":"SKIL 4190 AA Serra vertical"},"content":{"rendered":"<section class=\"elementor-section elementor-top-section elementor-element elementor-element-7bcf1ca8 elementor-section-boxed elementor-section-height-default elementor-section-height-default\" data-id=\"7bcf1ca8\" data-element_type=\"section\" data-e-type=\"section\">\n<div class=\"elementor-container elementor-column-gap-default\">\n<div class=\"elementor-column elementor-col-100 elementor-top-column elementor-element elementor-element-774190a8\" data-id=\"774190a8\" data-element_type=\"column\" data-e-type=\"column\">\n<div class=\"elementor-widget-wrap elementor-element-populated\">\n<div class=\"elementor-element elementor-element-2619d6f elementor-widget elementor-widget-woocommerce-product-data-tabs\" data-id=\"2619d6f\" data-element_type=\"widget\" data-e-type=\"widget\" data-widget_type=\"woocommerce-product-data-tabs.default\">\n<div class=\"elementor-widget-container\">\n<div class=\"woocommerce-tabs wc-tabs-wrapper\">\n<div id=\"tab-description_tab\" class=\"woocommerce-Tabs-panel woocommerce-Tabs-panel--description_tab panel entry-content wc-tab\" role=\"tabpanel\" aria-labelledby=\"tab-title-description_tab\">\n<p><strong>Serra vertical compacta e leve com substitui\u00e7\u00e3o da l\u00e2mina sem chave<\/strong><br \/>\nCom apenas 1,3 kg, a SKIL 4190 \u00e9 uma serra vertical muito compacta e leve para efetuar cortes retos e curvos em diversos materiais, tais como madeira, metal, alum\u00ednio e pl\u00e1stico. O potente motor de 400 W \u00e9 ideal para os trabalhos de serragem mais comuns na bricolage. Esta serra vertical tem uma capacidade de serragem m\u00e1xima de 65 mm em madeira, sendo por isso adequada para a maioria das t\u00e1buas, vigas, etc. O sistema \u00abTwistlock\u00bb facilita a substitui\u00e7\u00e3o das l\u00e2minas de serra sem que seja necess\u00e1ria a utiliza\u00e7\u00e3o de qualquer ferramenta. Garantia de um ambiente de trabalho mais limpo, gra\u00e7as \u00e0 liga\u00e7\u00e3o para aspirador integrada. Esta serra vertical \u00e9 fornecida com tr\u00eas l\u00e2minas de serra para madeira.<\/p>\n<p><strong>Excelente versatilidade para cortes retos e curvos<\/strong><br \/>\nEsta serra vertical \u00e9 muito vers\u00e1til: ela \u00e9 ideal tanto para cortes a direito como em curva. Ela pode ser utilizada em pavimentos laminados, quadros, vigas, tubos, etc. A placa de base ajust\u00e1vel permite cortes em bisel de at\u00e9 45\u00b0 para a esquerda ou direita. Nenhuma chave necess\u00e1ria; basta ajustar o \u00e2ngulo desapertando e apertando os parafusos de orelhas sob a base.<\/p>\n<p><strong>Substitui\u00e7\u00e3o da l\u00e2mina sem chave e fixa\u00e7\u00e3o firme da l\u00e2mina<\/strong><br \/>\nEsta serra vertical \u00e9 compat\u00edvel com todos os tipos de l\u00e2minas de serra vertical de encabadouro em T padr\u00e3o amplamente dispon\u00edveis. O sistema \u00abTwistlock\u00bb permite-lhe trocar as l\u00e2minas de serra f\u00e1cil e comodamente sem que para isso precise de ferramentas especiais ou chaves. Tudo o que precisa de fazer \u00e9 desapertar o parafuso de orelhas \u00abTwistlock\u00bb vermelho para soltar a l\u00e2mina. Depois, basta colocar uma nova l\u00e2mina e apertar novamente o parafuso de orelhas.<\/p>\n<p><strong>Fun\u00e7\u00f5es pr\u00e1ticas para um conforto extra durante o trabalho<\/strong><br \/>\nA serra vertical SKIL 4190 tem um interruptor grande e pr\u00e1tico com um bot\u00e3o de bloqueio, de forma que n\u00e3o tem de segurar no interruptor durante a utiliza\u00e7\u00e3o cont\u00ednua. O soprador pr\u00e1tico proporciona-lhe uma boa visibilidade da pe\u00e7a a ser trabalhada, na medida em que sopra o p\u00f3 existente nas proximidades da linha de corte. Para um ambiente de trabalho mais limpo, a conex\u00e3o para aspirador integrada \u00e9 compat\u00edvel com a maior parte dos aspiradores de tamanho padr\u00e3o. A SKIL 4190 \u00e9 fornecida com tr\u00eas l\u00e2minas de serra para madeira: uma para cortes finos em madeira macia, uma para cortes m\u00e9dios em madeira dura e uma para cortes curvos.<\/p>\n<\/div>\n<\/div>\n<\/div>\n<\/div>\n<\/div>\n<\/div>\n<\/div>\n<\/section>\n<div class=\"elementor-element elementor-element-94aee0b e-flex e-con-boxed e-con e-parent e-lazyloaded\" data-id=\"94aee0b\" data-element_type=\"container\" data-e-type=\"container\">\n<div class=\"e-con-inner\">\n<div class=\"elementor-element elementor-element-14cecb3 elementor-widget-divider--view-line elementor-widget elementor-widget-divider\" data-id=\"14cecb3\" data-element_type=\"widget\" data-e-type=\"widget\" data-widget_type=\"divider.default\">\n<div class=\"elementor-widget-container\">\n<div class=\"elementor-divider\"><strong>Caracter\u00edsticas:<\/strong><\/div>\n<div>\n<section class=\"elementor-section elementor-top-section elementor-element elementor-element-7bcf1ca8 elementor-section-boxed elementor-section-height-default elementor-section-height-default\" data-id=\"7bcf1ca8\" data-element_type=\"section\" data-e-type=\"section\">\n<div class=\"elementor-container elementor-column-gap-default\">\n<div class=\"elementor-column elementor-col-100 elementor-top-column elementor-element elementor-element-774190a8\" data-id=\"774190a8\" data-element_type=\"column\" data-e-type=\"column\">\n<div class=\"elementor-widget-wrap elementor-element-populated\">\n<div class=\"elementor-element elementor-element-2619d6f elementor-widget elementor-widget-woocommerce-product-data-tabs\" data-id=\"2619d6f\" data-element_type=\"widget\" data-e-type=\"widget\" data-widget_type=\"woocommerce-product-data-tabs.default\">\n<div class=\"elementor-widget-container\">\n<div class=\"woocommerce-tabs wc-tabs-wrapper\">\n<div id=\"tab-caracteristics_tab\" class=\"woocommerce-Tabs-panel woocommerce-Tabs-panel--caracteristics_tab panel entry-content wc-tab\" role=\"tabpanel\" aria-labelledby=\"tab-title-caracteristics_tab\">\n<ul>\n<li>\u00c2ngulo da base ajust\u00e1vel at\u00e9 45\u00b0 para a esquerda ou direita para cortes em bisel precisos<\/li>\n<li>Inclui 3 l\u00e2minas de serra<\/li>\n<li>Interruptor grande e confort\u00e1vel com bot\u00e3o de bloqueio, para utiliza\u00e7\u00e3o cont\u00ednua<\/li>\n<li>Adaptador integrado para aspirador<\/li>\n<li>A fun\u00e7\u00e3o de soprador mant\u00e9m a linha de corte limpa e f\u00e1cil de seguir<\/li>\n<li>Nenhuma chave necess\u00e1ria para o ajuste do \u00e2ngulo da base<\/li>\n<li>\u00abTwistlock\u00bb para substitui\u00e7\u00e3o da l\u00e2mina sem chave e fixa\u00e7\u00e3o firme da l\u00e2mina<\/li>\n<li>Serra vertical perfeita, apta a resolver todos os trabalhos de serragem comuns, dentro e fora de casa<\/li>\n<li>Design muito compacto e leve (apenas 1,3 kg)<\/li>\n<\/ul>\n<\/div>\n<\/div>\n<\/div>\n<\/div>\n<\/div>\n<\/div>\n<\/div>\n<\/section>\n<div class=\"elementor-element elementor-element-94aee0b e-flex e-con-boxed e-con e-parent e-lazyloaded\" data-id=\"94aee0b\" data-element_type=\"container\" data-e-type=\"container\">\n<div class=\"e-con-inner\">\n<div class=\"elementor-element elementor-element-14cecb3 elementor-widget-divider--view-line elementor-widget elementor-widget-divider\" data-id=\"14cecb3\" data-element_type=\"widget\" data-e-type=\"widget\" data-widget_type=\"divider.default\">\n<div class=\"elementor-widget-container\">\n<div class=\"elementor-divider\"><\/div>\n<\/div>\n<\/div>\n<\/div>\n<\/div>\n<\/div>\n<\/div>\n<\/div>\n<\/div>\n<\/div>","protected":false},"excerpt":{"rendered":"<p>Serra vertical compacta e leve com substitui\u00e7\u00e3o da l\u00e2mina sem chave Com apenas 1,3 kg, a SKIL 4190 \u00e9 uma<\/p>","protected":false},"featured_media":31198,"template":"","meta":[],"product_brand":[67],"product_cat":[98,34],"product_tag":[],"class_list":{"0":"post-29434","1":"product","2":"type-product","3":"status-publish","4":"has-post-thumbnail","6":"product_brand-skil","7":"product_cat-ferramentas-de-corte","8":"product_cat-ferramentas-eletricas","10":"first","11":"instock","12":"sale","13":"taxable","14":"shipping-taxable","15":"purchasable","16":"product-type-simple"},"_links":{"self":[{"href":"https:\/\/equipment-pt3.com\/en\/wp-json\/wp\/v2\/product\/29434","targetHints":{"allow":["GET"]}}],"collection":[{"href":"https:\/\/equipment-pt3.com\/en\/wp-json\/wp\/v2\/product"}],"about":[{"href":"https:\/\/equipment-pt3.com\/en\/wp-json\/wp\/v2\/types\/product"}],"version-history":[{"count":2,"href":"https:\/\/equipment-pt3.com\/en\/wp-json\/wp\/v2\/product\/29434\/revisions"}],"predecessor-version":[{"id":31197,"href":"https:\/\/equipment-pt3.com\/en\/wp-json\/wp\/v2\/product\/29434\/revisions\/31197"}],"wp:featuredmedia":[{"embeddable":true,"href":"https:\/\/equipment-pt3.com\/en\/wp-json\/wp\/v2\/media\/31198"}],"wp:attachment":[{"href":"https:\/\/equipment-pt3.com\/en\/wp-json\/wp\/v2\/media?parent=29434"}],"wp:term":[{"taxonomy":"product_brand","embeddable":true,"href":"https:\/\/equipment-pt3.com\/en\/wp-json\/wp\/v2\/product_brand?post=29434"},{"taxonomy":"product_cat","embeddable":true,"href":"https:\/\/equipment-pt3.com\/en\/wp-json\/wp\/v2\/product_cat?post=29434"},{"taxonomy":"product_tag","embeddable":true,"href":"https:\/\/equipment-pt3.com\/en\/wp-json\/wp\/v2\/product_tag?post=29434"}],"curies":[{"name":"wp","href":"https:\/\/api.w.org\/{rel}","templated":true}]}}