{"id":29435,"date":"2026-02-03T13:10:32","date_gmt":"2026-02-03T13:10:32","guid":{"rendered":"https:\/\/equipment-pt3.com\/produto\/skil-5255-aa-serra-circular\/"},"modified":"2026-02-17T15:31:15","modified_gmt":"2026-02-17T15:31:15","slug":"skil-5255-aa-serra-circular","status":"publish","type":"product","link":"https:\/\/equipment-pt3.com\/en\/product\/skil-5255-aa-serra-circular\/","title":{"rendered":"Skil 5255 AA Serra circular"},"content":{"rendered":"<p>A serra circular SKIL 5255 \u00e9 muito potente gra\u00e7as ao seu motor de 1150 W, que \u00e9 suficiente para todos os trabalhos de serragem mais comuns na bricolage. A sua capacidade de serragem de 55 mm \u00e9 suficiente para serrar todos os materiais de bricolage mais comuns, tais como t\u00e1buas, vigas, etc. Esta serra circular tem tamb\u00e9m muitas fun\u00e7\u00f5es \u00fateis, por exemplo, o visor da linha de serra\u00e7\u00e3o para resultados de serragem precisos. Esta serra circular \u00e9 fornecida com um disco de serra de 24 dentes em a\u00e7o endurecido e uma guia paralela para um aux\u00edlio de serragem a direito.<\/p>\n<p><strong>Caracteristicas:<\/strong><\/p>\n<ul>\n<li>Potente motor de 1150 watt e velocidade elevada (5000 r.p.m.) para cortar at\u00e9 uma profundidade de 55 mm<\/li>\n<li>Visor da linha de serra\u00e7\u00e3o, para um tra\u00e7ado f\u00e1cil e preciso da linha marcada<\/li>\n<li>Design com uma ergonomia superior, para um controlo e uma orienta\u00e7\u00e3o \u00f3timos<\/li>\n<li>Sistema de bloqueio do fuso para mudan\u00e7a f\u00e1cil da l\u00e2mina<\/li>\n<li>Engrenagens helicoidais resistentes e constru\u00e7\u00e3o com rolamento de esferas isolados contra o p\u00f3<\/li>\n<li>Dep\u00f3sito integrado para chave<\/li>\n<\/ul>","protected":false},"excerpt":{"rendered":"<p>A serra circular SKIL 5255 \u00e9 muito potente gra\u00e7as ao seu motor de 1150 W, que \u00e9 suficiente para todos<\/p>","protected":false},"featured_media":30202,"template":"","meta":[],"product_brand":[67],"product_cat":[98,34],"product_tag":[],"class_list":{"0":"post-29435","1":"product","2":"type-product","3":"status-publish","4":"has-post-thumbnail","6":"product_brand-skil","7":"product_cat-ferramentas-de-corte","8":"product_cat-ferramentas-eletricas","10":"first","11":"instock","12":"sale","13":"purchasable","14":"product-type-simple"},"_links":{"self":[{"href":"https:\/\/equipment-pt3.com\/en\/wp-json\/wp\/v2\/product\/29435","targetHints":{"allow":["GET"]}}],"collection":[{"href":"https:\/\/equipment-pt3.com\/en\/wp-json\/wp\/v2\/product"}],"about":[{"href":"https:\/\/equipment-pt3.com\/en\/wp-json\/wp\/v2\/types\/product"}],"version-history":[{"count":3,"href":"https:\/\/equipment-pt3.com\/en\/wp-json\/wp\/v2\/product\/29435\/revisions"}],"predecessor-version":[{"id":30201,"href":"https:\/\/equipment-pt3.com\/en\/wp-json\/wp\/v2\/product\/29435\/revisions\/30201"}],"wp:featuredmedia":[{"embeddable":true,"href":"https:\/\/equipment-pt3.com\/en\/wp-json\/wp\/v2\/media\/30202"}],"wp:attachment":[{"href":"https:\/\/equipment-pt3.com\/en\/wp-json\/wp\/v2\/media?parent=29435"}],"wp:term":[{"taxonomy":"product_brand","embeddable":true,"href":"https:\/\/equipment-pt3.com\/en\/wp-json\/wp\/v2\/product_brand?post=29435"},{"taxonomy":"product_cat","embeddable":true,"href":"https:\/\/equipment-pt3.com\/en\/wp-json\/wp\/v2\/product_cat?post=29435"},{"taxonomy":"product_tag","embeddable":true,"href":"https:\/\/equipment-pt3.com\/en\/wp-json\/wp\/v2\/product_tag?post=29435"}],"curies":[{"name":"wp","href":"https:\/\/api.w.org\/{rel}","templated":true}]}}