{"id":29436,"date":"2026-02-03T13:10:32","date_gmt":"2026-02-03T13:10:32","guid":{"rendered":"https:\/\/equipment-pt3.com\/produto\/skil-6002-ca-berbequim-com-percussao\/"},"modified":"2026-02-12T10:36:09","modified_gmt":"2026-02-12T10:36:09","slug":"skil-6002-ca-berbequim-com-percussao","status":"publish","type":"product","link":"https:\/\/equipment-pt3.com\/en\/product\/skil-6002-ca-berbequim-com-percussao\/","title":{"rendered":"Skil 6002 CA Berbequim com percuss\u00e3o"},"content":{"rendered":"<p>O berbequim de percuss\u00e3o SKIL 6002 tem um design compacto e confort\u00e1vel e um motor eficaz de 500 W que executa os seus trabalhos de bricolage. Ele \u00e9 adequado para todos os trabalhos de perfura\u00e7\u00e3o comuns. A velocidade vari\u00e1vel com pr\u00e9-sele\u00e7\u00e3o da velocidade proporciona-lhe versatilidade e controlo sobre o seu trabalho. Este berbequim de percuss\u00e3o possui uma bucha de coroa dentada que lhe permite manter a bucha extremamente apertada e evitar que o berbequim escorregue durante o trabalho. A ferramenta disp\u00f5e de uma variedade de fun\u00e7\u00f5es pr\u00e1ticas, tais como o bot\u00e3o de bloqueio para um trabalho cont\u00ednuo. Este berbequim de percuss\u00e3o \u00e9 fornecido com um jogo de tr\u00eas brocas para alvenaria de 5, 6 e 8 mm.<\/p>\n<p><strong>Caracteristicas:<\/strong><\/p>\n<ul>\n<li>Berbequim de percuss\u00e3o compacto com design ergon\u00f3mico<\/li>\n<li>Interruptor de velocidade vari\u00e1vel com: \u2013 bot\u00e3o de bloqueio para trabalho cont\u00ednuo \u2013 bot\u00e3o de pr\u00e9-sele\u00e7\u00e3o da velocidade, para um \u00f3ptimo rendimento nas diferentes aplica\u00e7\u00f5es<\/li>\n<li>Fun\u00e7\u00e3o inversa para aparafusar<\/li>\n<li>Paragem da percuss\u00e3o para todos os trabalhos regulares de perfura\u00e7\u00e3o e de aparafusamento<\/li>\n<li>Elevado n\u00famero de impactos por minuto para perfurar alvenaria de forma r\u00e1pida e sem esfor\u00e7o<\/li>\n<li>Ideal para todos os trabalhos de perfura\u00e7\u00e3o dentro e fora de casa<\/li>\n<\/ul>","protected":false},"excerpt":{"rendered":"<p>O berbequim de percuss\u00e3o SKIL 6002 tem um design compacto e confort\u00e1vel e um motor eficaz de 500 W que<\/p>","protected":false},"featured_media":30207,"template":"","meta":[],"product_brand":[],"product_cat":[34],"product_tag":[],"class_list":{"0":"post-29436","1":"product","2":"type-product","3":"status-publish","4":"has-post-thumbnail","6":"product_cat-ferramentas-eletricas","8":"first","9":"instock","10":"sale","11":"purchasable","12":"product-type-simple"},"_links":{"self":[{"href":"https:\/\/equipment-pt3.com\/en\/wp-json\/wp\/v2\/product\/29436","targetHints":{"allow":["GET"]}}],"collection":[{"href":"https:\/\/equipment-pt3.com\/en\/wp-json\/wp\/v2\/product"}],"about":[{"href":"https:\/\/equipment-pt3.com\/en\/wp-json\/wp\/v2\/types\/product"}],"version-history":[{"count":1,"href":"https:\/\/equipment-pt3.com\/en\/wp-json\/wp\/v2\/product\/29436\/revisions"}],"predecessor-version":[{"id":30206,"href":"https:\/\/equipment-pt3.com\/en\/wp-json\/wp\/v2\/product\/29436\/revisions\/30206"}],"wp:featuredmedia":[{"embeddable":true,"href":"https:\/\/equipment-pt3.com\/en\/wp-json\/wp\/v2\/media\/30207"}],"wp:attachment":[{"href":"https:\/\/equipment-pt3.com\/en\/wp-json\/wp\/v2\/media?parent=29436"}],"wp:term":[{"taxonomy":"product_brand","embeddable":true,"href":"https:\/\/equipment-pt3.com\/en\/wp-json\/wp\/v2\/product_brand?post=29436"},{"taxonomy":"product_cat","embeddable":true,"href":"https:\/\/equipment-pt3.com\/en\/wp-json\/wp\/v2\/product_cat?post=29436"},{"taxonomy":"product_tag","embeddable":true,"href":"https:\/\/equipment-pt3.com\/en\/wp-json\/wp\/v2\/product_tag?post=29436"}],"curies":[{"name":"wp","href":"https:\/\/api.w.org\/{rel}","templated":true}]}}