{"id":29437,"date":"2026-02-03T13:10:32","date_gmt":"2026-02-03T13:10:32","guid":{"rendered":"https:\/\/equipment-pt3.com\/produto\/skil-6110-aa-berbequim-com-percussao\/"},"modified":"2026-02-13T14:41:27","modified_gmt":"2026-02-13T14:41:27","slug":"skil-6110-aa-berbequim-com-percussao","status":"publish","type":"product","link":"https:\/\/equipment-pt3.com\/en\/product\/skil-6110-aa-berbequim-com-percussao\/","title":{"rendered":"Skil 6110 AA Berbequim com percuss\u00e3o"},"content":{"rendered":"<p>O berbequim com percuss\u00e3o Skil 6110AA foi especialmente concebido para a s\u00e9rie Skil \u00abEnergy Line\u00bb: elevado desempenho, prote\u00e7\u00e3o do ambiente e m\u00e1xima liberdade de movimentos.<\/p>\n<p>Com um peso de apenas 1,2 kg, este berbequim \u00e9 muito compacto e leve. Est\u00e1 equipado com tudo o que \u00e9 necess\u00e1rio \u2013 um cabo de alimenta\u00e7\u00e3o com 6 metros de comprimento para maior liberdade de movimentos e um mandril de 10 mm de aperto r\u00e1pido com manga dupla, sem chave, para substitui\u00e7\u00e3o r\u00e1pida dos acess\u00f3rios.<\/p>\n<p>A velocidade vari\u00e1vel com pr\u00e9-sele\u00e7\u00e3o de velocidade oferece versatilidade e controlo durante o trabalho. A fun\u00e7\u00e3o de invers\u00e3o do sentido de rota\u00e7\u00e3o \u00e9 \u00fatil quando pretende desapertar ou remover parafusos.<\/p>\n<p>Este berbequim com percuss\u00e3o \u00e9 fornecido com punho lateral e limitador de profundidade.<\/p>\n<p>&nbsp;<\/p>\n<p>\u00d8 porta-brocas: 10 mm, Cap. em a\u00e7o: 8 mm, Cap. em madeira: 25 mm, Cap. em alvenaria: 10 mm, intensidade m\u00e1x. de impacto: 0-56000\/min<\/p>","protected":false},"excerpt":{"rendered":"<p>O berbequim com percuss\u00e3o Skil 6110AA foi especialmente concebido para a s\u00e9rie Skil \u00abEnergy Line\u00bb: elevado desempenho, prote\u00e7\u00e3o do ambiente<\/p>","protected":false},"featured_media":31216,"template":"","meta":[],"product_brand":[67],"product_cat":[34],"product_tag":[],"class_list":{"0":"post-29437","1":"product","2":"type-product","3":"status-publish","4":"has-post-thumbnail","6":"product_brand-skil","7":"product_cat-ferramentas-eletricas","9":"first","10":"instock","11":"sale","12":"taxable","13":"shipping-taxable","14":"purchasable","15":"product-type-simple"},"_links":{"self":[{"href":"https:\/\/equipment-pt3.com\/en\/wp-json\/wp\/v2\/product\/29437","targetHints":{"allow":["GET"]}}],"collection":[{"href":"https:\/\/equipment-pt3.com\/en\/wp-json\/wp\/v2\/product"}],"about":[{"href":"https:\/\/equipment-pt3.com\/en\/wp-json\/wp\/v2\/types\/product"}],"version-history":[{"count":4,"href":"https:\/\/equipment-pt3.com\/en\/wp-json\/wp\/v2\/product\/29437\/revisions"}],"predecessor-version":[{"id":31222,"href":"https:\/\/equipment-pt3.com\/en\/wp-json\/wp\/v2\/product\/29437\/revisions\/31222"}],"wp:featuredmedia":[{"embeddable":true,"href":"https:\/\/equipment-pt3.com\/en\/wp-json\/wp\/v2\/media\/31216"}],"wp:attachment":[{"href":"https:\/\/equipment-pt3.com\/en\/wp-json\/wp\/v2\/media?parent=29437"}],"wp:term":[{"taxonomy":"product_brand","embeddable":true,"href":"https:\/\/equipment-pt3.com\/en\/wp-json\/wp\/v2\/product_brand?post=29437"},{"taxonomy":"product_cat","embeddable":true,"href":"https:\/\/equipment-pt3.com\/en\/wp-json\/wp\/v2\/product_cat?post=29437"},{"taxonomy":"product_tag","embeddable":true,"href":"https:\/\/equipment-pt3.com\/en\/wp-json\/wp\/v2\/product_tag?post=29437"}],"curies":[{"name":"wp","href":"https:\/\/api.w.org\/{rel}","templated":true}]}}