{"id":29438,"date":"2026-02-03T13:10:32","date_gmt":"2026-02-03T13:10:32","guid":{"rendered":"https:\/\/equipment-pt3.com\/produto\/skil-6280-ca-berbequim-com-percussao\/"},"modified":"2026-02-12T10:36:09","modified_gmt":"2026-02-12T10:36:09","slug":"skil-6280-ca-berbequim-com-percussao","status":"publish","type":"product","link":"https:\/\/equipment-pt3.com\/en\/product\/skil-6280-ca-berbequim-com-percussao\/","title":{"rendered":"Skil 6280 CA Berbequim com percuss\u00e3o"},"content":{"rendered":"<p>O berbequim de percuss\u00e3o SKIL 6280 \u00e9 a ferramenta ideal para todos os seus trabalhos de perfura\u00e7\u00e3o dentro e fora de casa. Ele disp\u00f5e de um design compacto e de fun\u00e7\u00f5es pr\u00e1ticas. Este berbequim de percuss\u00e3o tem uma bucha de aperto r\u00e1pido semiautom\u00e1tica de 13 mm para uma mudan\u00e7a de acess\u00f3rios r\u00e1pida e simples. A velocidade vari\u00e1vel com pr\u00e9-sele\u00e7\u00e3o da velocidade proporciona-lhe versatilidade e controlo sobre o seu trabalho. Este berbequim de percuss\u00e3o \u00e9 fornecido com um punho lateral e um batente de profundidade.<\/p>\n<p><strong>Caracteristicas:<\/strong><\/p>\n<ul>\n<li>Fun\u00e7\u00e3o inversa para aparafusar<\/li>\n<li>Batente de profundidade f\u00e1cil de ajustar para pr\u00e9-selecionar a profundidade de perfura\u00e7\u00e3o de orif\u00edcios<\/li>\n<li>Pega lateral regul\u00e1vel para um controlo seguro com ambas as m\u00e3os<\/li>\n<li>Interruptor de velocidade vari\u00e1vel com: \u2013 bot\u00e3o de bloqueio para trabalho cont\u00ednuo \u2013 bot\u00e3o de pr\u00e9-sele\u00e7\u00e3o da velocidade, para um \u00f3ptimo rendimento nas diferentes aplica\u00e7\u00f5es<\/li>\n<li>Berbequim de percuss\u00e3o compacto com design ergon\u00f3mico<\/li>\n<li>Paragem da percuss\u00e3o para todos os trabalhos regulares de perfura\u00e7\u00e3o e de aparafusamento<\/li>\n<li>Elevado n\u00famero de impactos por minuto para perfurar alvenaria de forma r\u00e1pida e sem esfor\u00e7o<\/li>\n<li>Ideal para todos os trabalhos de perfura\u00e7\u00e3o dentro e fora de casa<\/li>\n<li>Bucha de aperto r\u00e1pido semiautom\u00e1tico de 13 mm para trocar de acess\u00f3rio facilmente<\/li>\n<\/ul>","protected":false},"excerpt":{"rendered":"<p>O berbequim de percuss\u00e3o SKIL 6280 \u00e9 a ferramenta ideal para todos os seus trabalhos de perfura\u00e7\u00e3o dentro e fora<\/p>","protected":false},"featured_media":30211,"template":"","meta":[],"product_brand":[67],"product_cat":[34],"product_tag":[],"class_list":{"0":"post-29438","1":"product","2":"type-product","3":"status-publish","4":"has-post-thumbnail","6":"product_brand-skil","7":"product_cat-ferramentas-eletricas","9":"first","10":"instock","11":"sale","12":"purchasable","13":"product-type-simple"},"_links":{"self":[{"href":"https:\/\/equipment-pt3.com\/en\/wp-json\/wp\/v2\/product\/29438","targetHints":{"allow":["GET"]}}],"collection":[{"href":"https:\/\/equipment-pt3.com\/en\/wp-json\/wp\/v2\/product"}],"about":[{"href":"https:\/\/equipment-pt3.com\/en\/wp-json\/wp\/v2\/types\/product"}],"version-history":[{"count":2,"href":"https:\/\/equipment-pt3.com\/en\/wp-json\/wp\/v2\/product\/29438\/revisions"}],"predecessor-version":[{"id":30214,"href":"https:\/\/equipment-pt3.com\/en\/wp-json\/wp\/v2\/product\/29438\/revisions\/30214"}],"wp:featuredmedia":[{"embeddable":true,"href":"https:\/\/equipment-pt3.com\/en\/wp-json\/wp\/v2\/media\/30211"}],"wp:attachment":[{"href":"https:\/\/equipment-pt3.com\/en\/wp-json\/wp\/v2\/media?parent=29438"}],"wp:term":[{"taxonomy":"product_brand","embeddable":true,"href":"https:\/\/equipment-pt3.com\/en\/wp-json\/wp\/v2\/product_brand?post=29438"},{"taxonomy":"product_cat","embeddable":true,"href":"https:\/\/equipment-pt3.com\/en\/wp-json\/wp\/v2\/product_cat?post=29438"},{"taxonomy":"product_tag","embeddable":true,"href":"https:\/\/equipment-pt3.com\/en\/wp-json\/wp\/v2\/product_tag?post=29438"}],"curies":[{"name":"wp","href":"https:\/\/api.w.org\/{rel}","templated":true}]}}