{"id":29440,"date":"2026-02-03T13:10:32","date_gmt":"2026-02-03T13:10:32","guid":{"rendered":"https:\/\/equipment-pt3.com\/produto\/skil-7207-aa-lixadeira-multifuncoes\/"},"modified":"2026-02-12T10:37:04","modified_gmt":"2026-02-12T10:37:04","slug":"skil-7207-aa-lixadeira-multifuncoes","status":"publish","type":"product","link":"https:\/\/equipment-pt3.com\/en\/product\/skil-7207-aa-lixadeira-multifuncoes\/","title":{"rendered":"Skil 7207 AA Lixadeira multifun\u00e7\u00f5es"},"content":{"rendered":"<p>A lixadeira multifun\u00e7\u00f5es SKIL 7207 \u00abOcto\u00bb \u00e9 uma lixadeira ajustada \u00e0 palma da m\u00e3o leve e compacta com uma base em forma de ferro de passar roupa para lixar tanto superf\u00edcies grandes como pontos dif\u00edceis e locais de dif\u00edcil acesso, tais como cantos e arestas. O design ajustado \u00e0 palma da m\u00e3o proporciona um controlo f\u00e1cil da ferramenta e confere-lhe uma enorme manobrabilidade, fazendo dela a ferramenta ideal para trabalhos de lixamento em locais apertados e de dif\u00edcil acesso, por exemplo, ao lixar mob\u00edlia ou janelas. O motor de 100 W fornece a pot\u00eancia suficiente para executar os seus trabalhos de lixamento na bricolage, r\u00e1pida e comodamente. A ponta Delta rotativa da base da lixadeira multifun\u00e7\u00f5es aumenta a vida \u00fatil da base em 300%. O sistema de recolha de p\u00f3 integrado com saco para o p\u00f3 contribui para um ambiente de trabalho mais limpo. Esta lixadeira multifun\u00e7\u00f5es \u00e9 fornecida com um saco para o p\u00f3 e tr\u00eas folhas de lixa.<\/p>\n<p><strong>Caracteristicas:<\/strong><\/p>\n<ul>\n<li>Sistema integrado com saco de recolha de p\u00f3 para minimizar a sujidade<\/li>\n<li>Baixos n\u00edveis de ru\u00eddo e vibra\u00e7\u00e3o<\/li>\n<li>Troca f\u00e1cil (sistema de fixa\u00e7\u00e3o autoaderente) da folha<\/li>\n<li>Softgrip para um \u00f3ptimo controlo<\/li>\n<li>A ponta Delta pode ser rodada duas vezes para prolongar a vida \u00fatil do dispositivo<\/li>\n<li>Design leve e compacto, para uma comodidade \u00f3tima do utilizador<\/li>\n<li>Acess\u00f3rio flex\u00edvel especial adapt\u00e1vel a superf\u00edcies redondas (acess\u00f3rio SKIL 2610393757, n\u00e3o inclu\u00eddo de origem)<\/li>\n<li>Adaptador para montagem de acess\u00f3rios especiais em 3 posi\u00e7\u00f5es (acess\u00f3rio SKIL 2610393758, n\u00e3o inclu\u00eddo de origem)<\/li>\n<li>8 acess\u00f3rios especiais para lixamento de superf\u00edcies de dif\u00edcil alcance (acess\u00f3rios SKIL, n\u00e3o inclu\u00eddos como standard)<\/li>\n<li>Sistema \u00abClic\u00bb f\u00e1cil para rodar ou trocar a ponta Delta, e para montagem de acess\u00f3rios especiais sem necessidade de ferramentas<\/li>\n<li>Movimento de lixar eficaz e motor potente, para obter resultados perfeitos<\/li>\n<li>Base com forma multifuncional, ideal tanto para grandes \u00e1reas, como para cantos<\/li>\n<\/ul>","protected":false},"excerpt":{"rendered":"<p>A lixadeira multifun\u00e7\u00f5es SKIL 7207 \u00abOcto\u00bb \u00e9 uma lixadeira ajustada \u00e0 palma da m\u00e3o leve e compacta com uma base<\/p>","protected":false},"featured_media":30294,"template":"","meta":[],"product_brand":[67],"product_cat":[34,97],"product_tag":[],"class_list":{"0":"post-29440","1":"product","2":"type-product","3":"status-publish","4":"has-post-thumbnail","6":"product_brand-skil","7":"product_cat-ferramentas-eletricas","8":"product_cat-lixadeiras","10":"first","11":"instock","12":"sale","13":"purchasable","14":"product-type-simple"},"_links":{"self":[{"href":"https:\/\/equipment-pt3.com\/en\/wp-json\/wp\/v2\/product\/29440","targetHints":{"allow":["GET"]}}],"collection":[{"href":"https:\/\/equipment-pt3.com\/en\/wp-json\/wp\/v2\/product"}],"about":[{"href":"https:\/\/equipment-pt3.com\/en\/wp-json\/wp\/v2\/types\/product"}],"version-history":[{"count":3,"href":"https:\/\/equipment-pt3.com\/en\/wp-json\/wp\/v2\/product\/29440\/revisions"}],"predecessor-version":[{"id":30295,"href":"https:\/\/equipment-pt3.com\/en\/wp-json\/wp\/v2\/product\/29440\/revisions\/30295"}],"wp:featuredmedia":[{"embeddable":true,"href":"https:\/\/equipment-pt3.com\/en\/wp-json\/wp\/v2\/media\/30294"}],"wp:attachment":[{"href":"https:\/\/equipment-pt3.com\/en\/wp-json\/wp\/v2\/media?parent=29440"}],"wp:term":[{"taxonomy":"product_brand","embeddable":true,"href":"https:\/\/equipment-pt3.com\/en\/wp-json\/wp\/v2\/product_brand?post=29440"},{"taxonomy":"product_cat","embeddable":true,"href":"https:\/\/equipment-pt3.com\/en\/wp-json\/wp\/v2\/product_cat?post=29440"},{"taxonomy":"product_tag","embeddable":true,"href":"https:\/\/equipment-pt3.com\/en\/wp-json\/wp\/v2\/product_tag?post=29440"}],"curies":[{"name":"wp","href":"https:\/\/api.w.org\/{rel}","templated":true}]}}