{"id":29442,"date":"2026-02-03T13:10:32","date_gmt":"2026-02-03T13:10:32","guid":{"rendered":"https:\/\/equipment-pt3.com\/produto\/skil-7220-ac-lixadeira-multifuncoes\/"},"modified":"2026-02-17T17:49:27","modified_gmt":"2026-02-17T17:49:27","slug":"skil-7220-ac-lixadeira-multifuncoes","status":"publish","type":"product","link":"https:\/\/equipment-pt3.com\/en\/product\/skil-7220-ac-lixadeira-multifuncoes\/","title":{"rendered":"Skil 7220 AC Lixadeira multifun\u00e7\u00f5es"},"content":{"rendered":"<p>A \u00abFox\u00bb 3 em 1 oferece-lhe uma \u00f3tima versatilidade ao combinar tr\u00eas lixadeiras diferentes numa s\u00f3: uma lixadeira vibrat\u00f3ria para lixar grandes superf\u00edcies, uma lixadeira exc\u00eantrica para lixar superf\u00edcies em curva e para uma grande remo\u00e7\u00e3o de material, e uma lixadeira Delta para lixar cantos, arestas e outros locais de dif\u00edcil acesso. A lixadeira multifun\u00e7\u00f5es disp\u00f5e de um motor potente de 250 W que executa rapidamente os seus trabalhos de lixamento. Para um trabalho mais limpo, a lixadeira multifun\u00e7\u00f5es 3 em 1 tem um sistema de recolha de p\u00f3 integrado que recolhe o p\u00f3 no recipiente do p\u00f3, e uma liga\u00e7\u00e3o para aspirador \u00e0 qual podem ser conectados quase todos os aspiradores de tamanho padr\u00e3o. A \u00abFox\u00bb 3 em 1 \u00e9 fornecida num saco resistente com dois pratos de lixar diferentes e 10 folhas de lixa.<\/p>\n<p><strong>Caracteristicas:<\/strong><\/p>\n<ul>\n<li>Tr\u00eas ferramentas combinadas numa s\u00f3: lixadeira<\/li>\n<li>Delta, lixadeira vibrat\u00f3ria e lixadeira exc\u00eantrica<\/li>\n<li>A\u00e7\u00e3o de lixar eficaz e motor potente para uma remo\u00e7\u00e3o r\u00e1pida e suave<\/li>\n<li>Aspira\u00e7\u00e3o de p\u00f3 integrada e fixa\u00e7\u00e3o para aspirador para a m\u00e1xima recolha de p\u00f3 e um ambiente de trabalho mais limpo<\/li>\n<li>Duas regula\u00e7\u00f5es da velocidade para uma remo\u00e7\u00e3o de material controlada<\/li>\n<li>Troca f\u00e1cil da folha de fixa\u00e7\u00e3o autoaderente<\/li>\n<li>A espuma triangular da ponta Delta pode ser virada para aumentar a vida \u00fatil<\/li>\n<li>Prato de lixar multifun\u00e7\u00f5es para lixar grandes \u00e1reas, bem como locais de dif\u00edcil acesso<\/li>\n<li>O prato de lixa assegura um lixamento sem riscos (o reduzido per\u00edodo de redu\u00e7\u00e3o da pot\u00eancia evita danos na pe\u00e7a a trabalhar quando a ferramenta \u00e9 desligada)<\/li>\n<li>Para lixar e polir em superf\u00edcies curvas e planas<\/li>\n<\/ul>","protected":false},"excerpt":{"rendered":"<p>A \u00abFox\u00bb 3 em 1 oferece-lhe uma \u00f3tima versatilidade ao combinar tr\u00eas lixadeiras diferentes numa s\u00f3: uma lixadeira vibrat\u00f3ria para<\/p>","protected":false},"featured_media":30196,"template":"","meta":[],"product_brand":[67],"product_cat":[34,97],"product_tag":[],"class_list":{"0":"post-29442","1":"product","2":"type-product","3":"status-publish","4":"has-post-thumbnail","6":"product_brand-skil","7":"product_cat-ferramentas-eletricas","8":"product_cat-lixadeiras","10":"first","11":"instock","12":"sale","13":"purchasable","14":"product-type-simple"},"_links":{"self":[{"href":"https:\/\/equipment-pt3.com\/en\/wp-json\/wp\/v2\/product\/29442","targetHints":{"allow":["GET"]}}],"collection":[{"href":"https:\/\/equipment-pt3.com\/en\/wp-json\/wp\/v2\/product"}],"about":[{"href":"https:\/\/equipment-pt3.com\/en\/wp-json\/wp\/v2\/types\/product"}],"version-history":[{"count":2,"href":"https:\/\/equipment-pt3.com\/en\/wp-json\/wp\/v2\/product\/29442\/revisions"}],"predecessor-version":[{"id":30195,"href":"https:\/\/equipment-pt3.com\/en\/wp-json\/wp\/v2\/product\/29442\/revisions\/30195"}],"wp:featuredmedia":[{"embeddable":true,"href":"https:\/\/equipment-pt3.com\/en\/wp-json\/wp\/v2\/media\/30196"}],"wp:attachment":[{"href":"https:\/\/equipment-pt3.com\/en\/wp-json\/wp\/v2\/media?parent=29442"}],"wp:term":[{"taxonomy":"product_brand","embeddable":true,"href":"https:\/\/equipment-pt3.com\/en\/wp-json\/wp\/v2\/product_brand?post=29442"},{"taxonomy":"product_cat","embeddable":true,"href":"https:\/\/equipment-pt3.com\/en\/wp-json\/wp\/v2\/product_cat?post=29442"},{"taxonomy":"product_tag","embeddable":true,"href":"https:\/\/equipment-pt3.com\/en\/wp-json\/wp\/v2\/product_tag?post=29442"}],"curies":[{"name":"wp","href":"https:\/\/api.w.org\/{rel}","templated":true}]}}