{"id":29443,"date":"2026-02-03T13:10:33","date_gmt":"2026-02-03T13:10:33","guid":{"rendered":"https:\/\/equipment-pt3.com\/produto\/skil-7226-ac-lixadeira-multifuncoes\/"},"modified":"2026-02-17T15:27:18","modified_gmt":"2026-02-17T15:27:18","slug":"skil-7226-ac-lixadeira-multifuncoes","status":"publish","type":"product","link":"https:\/\/equipment-pt3.com\/en\/product\/skil-7226-ac-lixadeira-multifuncoes\/","title":{"rendered":"Skil 7226 AC Lixadeira multifun\u00e7\u00f5es"},"content":{"rendered":"<p>A lixadeira multifun\u00e7\u00f5es \u00abFox\u00bb 6 em 1 \u00e9 uma combina\u00e7\u00e3o de 6 lixadeiras diferentes numa s\u00f3. Ela combina uma lixadeira Delta, vibrat\u00f3ria e exc\u00eantrica com tr\u00eas acess\u00f3rios especiais para lixar as \u00e1reas de mais dif\u00edcil acesso, incluindo um acess\u00f3rio para lixar superf\u00edcies redondas. Ela permite-lhe, por isso, executar uma grande variedade de trabalhos: desde o lixamento detalhado em cantos \u00e0 r\u00e1pida remo\u00e7\u00e3o de material em superf\u00edcies grandes, e do lixamento de mob\u00edlia ao lixamento de corrim\u00e3os, esta lixadeira consegue fazer tudo! A \u00abFox\u00bb 6 em 1 \u00e9 fornecida num saco resistente com tr\u00eas pratos de lixar, tr\u00eas acess\u00f3rios para lixar e 15 folhas de lixa.<\/p>\n<p><strong>Caracteristicas:<\/strong><\/p>\n<ul>\n<li>Aspira\u00e7\u00e3o de p\u00f3 integrada e fixa\u00e7\u00e3o para aspirador para a m\u00e1xima recolha de p\u00f3 e um ambiente de trabalho mais limpo<\/li>\n<li>O prato de lixa assegura um lixamento sem riscos (o reduzido per\u00edodo de redu\u00e7\u00e3o da pot\u00eancia evita danos na pe\u00e7a a trabalhar quando a ferramenta \u00e9 desligada)<\/li>\n<li>A espuma triangular da ponta Delta pode ser virada para aumentar a vida \u00fatil<\/li>\n<li>Troca f\u00e1cil da folha de lixa com Velcro<\/li>\n<li>Duas regula\u00e7\u00f5es da velocidade para uma remo\u00e7\u00e3o de material controlada<\/li>\n<li>A\u00e7\u00e3o de lixar eficaz e motor potente para uma remo\u00e7\u00e3o r\u00e1pida e suave<\/li>\n<li>Lixadeira exc\u00eantrica, delta e vibrat\u00f3ria combinadas numa s\u00f3 mais tr\u00eas acess\u00f3rios especiais inclu\u00eddos como standard<\/li>\n<li>Tr\u00eas acess\u00f3rios especiais inclu\u00eddos para lixamento de superf\u00edcies de dif\u00edcil alcance<\/li>\n<li>Prato de lixar redondo para rebarbar, lixar e polir superf\u00edcies curvas e planas<\/li>\n<li>Prato de lixar multifun\u00e7\u00f5es para lixamento em \u00e1reas grandes, bem como nos cantos<\/li>\n<li>Ferramenta multifun\u00e7\u00f5es adequada para uma vasta gama de aplica\u00e7\u00f5es<\/li>\n<\/ul>","protected":false},"excerpt":{"rendered":"<p>A lixadeira multifun\u00e7\u00f5es \u00abFox\u00bb 6 em 1 \u00e9 uma combina\u00e7\u00e3o de 6 lixadeiras diferentes numa s\u00f3. Ela combina uma lixadeira<\/p>","protected":false},"featured_media":30165,"template":"","meta":[],"product_brand":[67],"product_cat":[34,97],"product_tag":[],"class_list":{"0":"post-29443","1":"product","2":"type-product","3":"status-publish","4":"has-post-thumbnail","6":"product_brand-skil","7":"product_cat-ferramentas-eletricas","8":"product_cat-lixadeiras","10":"first","11":"instock","12":"sale","13":"purchasable","14":"product-type-simple"},"_links":{"self":[{"href":"https:\/\/equipment-pt3.com\/en\/wp-json\/wp\/v2\/product\/29443","targetHints":{"allow":["GET"]}}],"collection":[{"href":"https:\/\/equipment-pt3.com\/en\/wp-json\/wp\/v2\/product"}],"about":[{"href":"https:\/\/equipment-pt3.com\/en\/wp-json\/wp\/v2\/types\/product"}],"version-history":[{"count":3,"href":"https:\/\/equipment-pt3.com\/en\/wp-json\/wp\/v2\/product\/29443\/revisions"}],"predecessor-version":[{"id":30164,"href":"https:\/\/equipment-pt3.com\/en\/wp-json\/wp\/v2\/product\/29443\/revisions\/30164"}],"wp:featuredmedia":[{"embeddable":true,"href":"https:\/\/equipment-pt3.com\/en\/wp-json\/wp\/v2\/media\/30165"}],"wp:attachment":[{"href":"https:\/\/equipment-pt3.com\/en\/wp-json\/wp\/v2\/media?parent=29443"}],"wp:term":[{"taxonomy":"product_brand","embeddable":true,"href":"https:\/\/equipment-pt3.com\/en\/wp-json\/wp\/v2\/product_brand?post=29443"},{"taxonomy":"product_cat","embeddable":true,"href":"https:\/\/equipment-pt3.com\/en\/wp-json\/wp\/v2\/product_cat?post=29443"},{"taxonomy":"product_tag","embeddable":true,"href":"https:\/\/equipment-pt3.com\/en\/wp-json\/wp\/v2\/product_tag?post=29443"}],"curies":[{"name":"wp","href":"https:\/\/api.w.org\/{rel}","templated":true}]}}