{"id":29444,"date":"2026-02-03T13:10:33","date_gmt":"2026-02-03T13:10:33","guid":{"rendered":"https:\/\/equipment-pt3.com\/produto\/skil-8003-fd-soprador-de-ar-quente\/"},"modified":"2026-02-17T15:27:49","modified_gmt":"2026-02-17T15:27:49","slug":"skil-8003-fd-soprador-de-ar-quente","status":"publish","type":"product","link":"https:\/\/equipment-pt3.com\/en\/product\/skil-8003-fd-soprador-de-ar-quente\/","title":{"rendered":"SKIL 8003 FD Soprador de ar quente"},"content":{"rendered":"<div class=\"\">\n<p>O SKIL 8003 \u00e9 um soprador de ar quente potente de 2000 W e \u00e9 ideal para uma grande diversidade de trabalhos, tais como decapar e secar tinta, aplicar tubos termorretr\u00e1teis e moldar pl\u00e1sticos. Este soprador de ar quente tem tr\u00eas ajustes do fluxo de ar e de temperatura combinados que lhe permitem ajustar a regula\u00e7\u00e3o \u00e0 tarefa em m\u00e3os. O mecanismo de controlo constante da temperatura impede a ferramenta de sobreaquecer. Este soprador de ar quente \u00e9 compat\u00edvel com os bocais de soprador de ar quente mais comuns dispon\u00edveis no mercado, de forma que encontrar\u00e1 sempre o bocal adequado para o trabalho em quest\u00e3o. Este soprador de ar quente \u00e9 fornecido numa mala resistente com quatro bocais.<\/p>\n<p><strong>Caracteristicas:<\/strong><\/p>\n<ul>\n<li>Tudo o que precisa para mais de 100 fun\u00e7\u00f5es, numa \u00fanica ferramenta<\/li>\n<li>Potente soprador de ar quente de 2000 W<\/li>\n<li>O mecanismo de controlo constante da temperatura impede a ferramenta de sobreaquecer, e possibilita um trabalho cont\u00ednuo<\/li>\n<li>3 regula\u00e7\u00f5es da temperatura para uma variedade de aplica\u00e7\u00f5es<\/li>\n<li>Pega de formato ergon\u00f3mico para manuseamento f\u00e1cil e utiliza\u00e7\u00e3o sem esfor\u00e7o, durante per\u00edodos longos<\/li>\n<li>Interruptor de 4 posi\u00e7\u00f5es f\u00e1cil de utilizar, escondido na parte de tr\u00e1s da pega, para uma preens\u00e3o confort\u00e1vel durante uma utiliza\u00e7\u00e3o prolongada da ferramenta<\/li>\n<li>O anel frontal amov\u00edvel permite o trabalho em locais de dif\u00edcil acesso<\/li>\n<li>Uso seguro sem m\u00e3os para in\u00fameros trabalhos, gra\u00e7as \u00e0 posi\u00e7\u00e3o estacion\u00e1ria muito est\u00e1vel<\/li>\n<li>Ideal para remover tinta e adesivos, encerar e retirar cera de esquis, desinfetar gaiolas para animais, acender grelhadores e muito mais<\/li>\n<\/ul>\n<\/div>","protected":false},"excerpt":{"rendered":"<p>O SKIL 8003 \u00e9 um soprador de ar quente potente de 2000 W e \u00e9 ideal para uma grande diversidade<\/p>","protected":false},"featured_media":30170,"template":"","meta":[],"product_brand":[67],"product_cat":[34],"product_tag":[],"class_list":{"0":"post-29444","1":"product","2":"type-product","3":"status-publish","4":"has-post-thumbnail","6":"product_brand-skil","7":"product_cat-ferramentas-eletricas","9":"first","10":"instock","11":"sale","12":"purchasable","13":"product-type-simple"},"_links":{"self":[{"href":"https:\/\/equipment-pt3.com\/en\/wp-json\/wp\/v2\/product\/29444","targetHints":{"allow":["GET"]}}],"collection":[{"href":"https:\/\/equipment-pt3.com\/en\/wp-json\/wp\/v2\/product"}],"about":[{"href":"https:\/\/equipment-pt3.com\/en\/wp-json\/wp\/v2\/types\/product"}],"version-history":[{"count":3,"href":"https:\/\/equipment-pt3.com\/en\/wp-json\/wp\/v2\/product\/29444\/revisions"}],"predecessor-version":[{"id":30177,"href":"https:\/\/equipment-pt3.com\/en\/wp-json\/wp\/v2\/product\/29444\/revisions\/30177"}],"wp:featuredmedia":[{"embeddable":true,"href":"https:\/\/equipment-pt3.com\/en\/wp-json\/wp\/v2\/media\/30170"}],"wp:attachment":[{"href":"https:\/\/equipment-pt3.com\/en\/wp-json\/wp\/v2\/media?parent=29444"}],"wp:term":[{"taxonomy":"product_brand","embeddable":true,"href":"https:\/\/equipment-pt3.com\/en\/wp-json\/wp\/v2\/product_brand?post=29444"},{"taxonomy":"product_cat","embeddable":true,"href":"https:\/\/equipment-pt3.com\/en\/wp-json\/wp\/v2\/product_cat?post=29444"},{"taxonomy":"product_tag","embeddable":true,"href":"https:\/\/equipment-pt3.com\/en\/wp-json\/wp\/v2\/product_tag?post=29444"}],"curies":[{"name":"wp","href":"https:\/\/api.w.org\/{rel}","templated":true}]}}