{"id":29445,"date":"2026-02-03T13:10:33","date_gmt":"2026-02-03T13:10:33","guid":{"rendered":"https:\/\/equipment-pt3.com\/produto\/skil-8600-aa-soprador\/"},"modified":"2026-02-17T15:29:16","modified_gmt":"2026-02-17T15:29:16","slug":"skil-8600-aa-soprador","status":"publish","type":"product","link":"https:\/\/equipment-pt3.com\/en\/product\/skil-8600-aa-soprador\/","title":{"rendered":"Skil 8600 AA Soprador"},"content":{"rendered":"<ul>\n<li>Soprador compacto e potente<\/li>\n<li>Controlo continuamente regul\u00e1vel da velocidade para diferentes aplica\u00e7\u00f5es<\/li>\n<li>Punho ergon\u00f3mico para uma posi\u00e7\u00e3o de trabalho equilibrada<\/li>\n<li>Bot\u00e3o de bloqueio para uma opera\u00e7\u00e3o cont\u00ednua e f\u00e1cil<\/li>\n<li>Potente motor de 620 Watt e elevada capacidade de fluxo de ar para trabalhos de limpeza e secagem<\/li>\n<li>Bocal de borracha amov\u00edvel para trabalhar em locais de dif\u00edcil acesso e mudan\u00e7a r\u00e1pida entre sopro e aspira\u00e7\u00e3o<\/li>\n<\/ul>","protected":false},"excerpt":{"rendered":"<p>Soprador compacto e potente Controlo continuamente regul\u00e1vel da velocidade para diferentes aplica\u00e7\u00f5es Punho ergon\u00f3mico para uma posi\u00e7\u00e3o de trabalho equilibrada<\/p>","protected":false},"featured_media":30161,"template":"","meta":[],"product_brand":[67],"product_cat":[34],"product_tag":[],"class_list":{"0":"post-29445","1":"product","2":"type-product","3":"status-publish","4":"has-post-thumbnail","6":"product_brand-skil","7":"product_cat-ferramentas-eletricas","9":"first","10":"instock","11":"sale","12":"purchasable","13":"product-type-simple"},"_links":{"self":[{"href":"https:\/\/equipment-pt3.com\/en\/wp-json\/wp\/v2\/product\/29445","targetHints":{"allow":["GET"]}}],"collection":[{"href":"https:\/\/equipment-pt3.com\/en\/wp-json\/wp\/v2\/product"}],"about":[{"href":"https:\/\/equipment-pt3.com\/en\/wp-json\/wp\/v2\/types\/product"}],"version-history":[{"count":2,"href":"https:\/\/equipment-pt3.com\/en\/wp-json\/wp\/v2\/product\/29445\/revisions"}],"predecessor-version":[{"id":30162,"href":"https:\/\/equipment-pt3.com\/en\/wp-json\/wp\/v2\/product\/29445\/revisions\/30162"}],"wp:featuredmedia":[{"embeddable":true,"href":"https:\/\/equipment-pt3.com\/en\/wp-json\/wp\/v2\/media\/30161"}],"wp:attachment":[{"href":"https:\/\/equipment-pt3.com\/en\/wp-json\/wp\/v2\/media?parent=29445"}],"wp:term":[{"taxonomy":"product_brand","embeddable":true,"href":"https:\/\/equipment-pt3.com\/en\/wp-json\/wp\/v2\/product_brand?post=29445"},{"taxonomy":"product_cat","embeddable":true,"href":"https:\/\/equipment-pt3.com\/en\/wp-json\/wp\/v2\/product_cat?post=29445"},{"taxonomy":"product_tag","embeddable":true,"href":"https:\/\/equipment-pt3.com\/en\/wp-json\/wp\/v2\/product_tag?post=29445"}],"curies":[{"name":"wp","href":"https:\/\/api.w.org\/{rel}","templated":true}]}}