{"id":29446,"date":"2026-02-03T13:10:33","date_gmt":"2026-02-03T13:10:33","guid":{"rendered":"https:\/\/equipment-pt3.com\/produto\/skil-9019-aa-rebarbadora\/"},"modified":"2026-02-17T15:29:45","modified_gmt":"2026-02-17T15:29:45","slug":"skil-9019-aa-rebarbadora","status":"publish","type":"product","link":"https:\/\/equipment-pt3.com\/en\/product\/skil-9019-aa-rebarbadora\/","title":{"rendered":"Skil 9019 AA Rebarbadora"},"content":{"rendered":"<p>A rebarbadora SKIL 9019 tem um potente motor de 600 W que garante a pot\u00eancia suficiente para uma vasta gama de trabalhos de cortar e de rebarbar. Pode usar esta ferramenta em todos os tipos de situa\u00e7\u00f5es de trabalho, gra\u00e7as ao seu tamanho compacto e ao peso muito reduzido. A SKIL 9019 tem um design ergon\u00f3mico para um controlo ideal durante o trabalho. E, dependendo da tarefa que tem em m\u00e3os, pode ajustar facilmente o punho lateral em tr\u00eas posi\u00e7\u00f5es confort\u00e1veis.<\/p>\n<p><strong>Caracteristicas:<\/strong><\/p>\n<ul>\n<li>Rebarbadora compacta, ideal para uma ampla variedade de aplica\u00e7\u00f5es simples de corte e de rebarbamento<\/li>\n<li>Punho lateral com tr\u00eas posi\u00e7\u00f5es para uma preens\u00e3o \u00f3tima em todas as aplica\u00e7\u00f5es<\/li>\n<li>A prote\u00e7\u00e3o contra o rearranque assegura que a ferramenta n\u00e3o volta a arrancar automaticamente ap\u00f3s um corte de energia<\/li>\n<li>Engrenagens helicoidais endurecidas garantem um n\u00edvel de ru\u00eddo inferior, um bin\u00e1rio mais elevado e uma vida mais longa da ferramenta<\/li>\n<li>Caixa de engrenagens em metal, compacta e dur\u00e1vel, de acesso f\u00e1cil, mesmo em espa\u00e7os estreitos<\/li>\n<li>Bloqueio do fuso para mudar de acess\u00f3rio facilmente<\/li>\n<li>O resguardo protege o utilizador contra fa\u00edscas e pode ser ajustado para qualquer posi\u00e7\u00e3o de trabalho<\/li>\n<li>Interruptor de corredi\u00e7a de seguran\u00e7a, para uma opera\u00e7\u00e3o segura, mesmo com luvas<\/li>\n<li>Veio M14 preparado para a flange com sistema \u00abClic\u00bb<\/li>\n<\/ul>","protected":false},"excerpt":{"rendered":"<p>A rebarbadora SKIL 9019 tem um potente motor de 600 W que garante a pot\u00eancia suficiente para uma vasta gama<\/p>","protected":false},"featured_media":30178,"template":"","meta":[],"product_brand":[67],"product_cat":[34],"product_tag":[],"class_list":{"0":"post-29446","1":"product","2":"type-product","3":"status-publish","4":"has-post-thumbnail","6":"product_brand-skil","7":"product_cat-ferramentas-eletricas","9":"first","10":"instock","11":"sale","12":"purchasable","13":"product-type-simple"},"_links":{"self":[{"href":"https:\/\/equipment-pt3.com\/en\/wp-json\/wp\/v2\/product\/29446","targetHints":{"allow":["GET"]}}],"collection":[{"href":"https:\/\/equipment-pt3.com\/en\/wp-json\/wp\/v2\/product"}],"about":[{"href":"https:\/\/equipment-pt3.com\/en\/wp-json\/wp\/v2\/types\/product"}],"version-history":[{"count":2,"href":"https:\/\/equipment-pt3.com\/en\/wp-json\/wp\/v2\/product\/29446\/revisions"}],"predecessor-version":[{"id":30184,"href":"https:\/\/equipment-pt3.com\/en\/wp-json\/wp\/v2\/product\/29446\/revisions\/30184"}],"wp:featuredmedia":[{"embeddable":true,"href":"https:\/\/equipment-pt3.com\/en\/wp-json\/wp\/v2\/media\/30178"}],"wp:attachment":[{"href":"https:\/\/equipment-pt3.com\/en\/wp-json\/wp\/v2\/media?parent=29446"}],"wp:term":[{"taxonomy":"product_brand","embeddable":true,"href":"https:\/\/equipment-pt3.com\/en\/wp-json\/wp\/v2\/product_brand?post=29446"},{"taxonomy":"product_cat","embeddable":true,"href":"https:\/\/equipment-pt3.com\/en\/wp-json\/wp\/v2\/product_cat?post=29446"},{"taxonomy":"product_tag","embeddable":true,"href":"https:\/\/equipment-pt3.com\/en\/wp-json\/wp\/v2\/product_tag?post=29446"}],"curies":[{"name":"wp","href":"https:\/\/api.w.org\/{rel}","templated":true}]}}