{"id":29447,"date":"2026-02-03T13:10:33","date_gmt":"2026-02-03T13:10:33","guid":{"rendered":"https:\/\/equipment-pt3.com\/produto\/skil-0331a-aa-soprador-de-jardim-sem-fio-brushless\/"},"modified":"2026-02-12T10:36:08","modified_gmt":"2026-02-12T10:36:08","slug":"skil-0331a-aa-soprador-de-jardim-sem-fio-brushless","status":"publish","type":"product","link":"https:\/\/equipment-pt3.com\/en\/product\/skil-0331a-aa-soprador-de-jardim-sem-fio-brushless\/","title":{"rendered":"SKIL 0331A AA Soprador de jardim sem fio \u00abBrushless"},"content":{"rendered":"<p>O SKIL 0331 \u00ab20V Max\u00bb (18 V) \u00e9 um soprador de jardim sem fio e sem escovas, ideal para remover folhas secas e molhadas. Faz parte da gama sem escovas SKIL, oferecendo uma rela\u00e7\u00e3o qualidade\/pre\u00e7o inigual\u00e1vel. O nosso motor sem escovas \u00e9 mais r\u00e1pido, mais resistente e dura 10 vezes mais do que um motor com escovas convencional.&gt;Esta ferramenta est\u00e1 equipada com um potente ventilador axial que cria uma impressionante velocidade m\u00e1xima de ar de 175 km\/h e um elevado volume de ar de 710 m3\/h. Pode controlar a velocidade para otimizar as opera\u00e7\u00f5es. O SKIL 0331 tamb\u00e9m tem um modo Power-Boost que pode utilizar para remover folhas e detritos pesados e molhados com pot\u00eancia extra. O fluxo m\u00e1ximo de ar \u00e9 assegurado pelo grande di\u00e2metro do tubo soprador. Pode facilmente montar o bocal de redu\u00e7\u00e3o fornecido no grande tubo soprador para um fluxo de ar preciso. Uma vantagem adicional \u00e9 o design leve e ergon\u00f3mico desta ferramenta, que permite usar a ferramenta com apenas uma m\u00e3o. Gra\u00e7as ao design exclusivo \u200c\u00abEASY STORAGE\u00bb da SKIL, esta ferramenta ocupa um espa\u00e7o de arruma\u00e7\u00e3o m\u00ednimo ap\u00f3s a utiliza\u00e7\u00e3o. O SKIL 0331 AA \u00e9 fornecido com uma bateria KEEPCOOL\u2122 de 4,0Ah, um carregador r\u00e1pido, um bocal de redu\u00e7\u00e3o e um gancho \u200c\u00abEASY STORAGE\u00bb.<\/p>\n<p><strong>Caracteristicas:<\/strong><\/p>\n<ul>\n<li>Motor sem escovas digital: mais 50% de pot\u00eancia\u00b9, 45% mais r\u00e1pido\u00b9 e vida \u00fatil 10 vezes mais longa<\/li>\n<li>O ventilador axial assegura um elevado volume de ar numa \u00e1rea mais ampla<\/li>\n<li>Controlo da velocidade para um controlo \u00f3timo da velocidade e do volume de ar<\/li>\n<li>O modo Power-Boost fornece mais pot\u00eancia para limpar folhas pesadas e detritos<\/li>\n<li>Grande di\u00e2metro do tubo do soprador para fornecer o fluxo de ar m\u00e1ximo<\/li>\n<li>Design ergon\u00f3mico e leve que permite a utiliza\u00e7\u00e3o da ferramenta com apenas uma m\u00e3o<\/li>\n<li>Bocal de redu\u00e7\u00e3o para um fluxo de ar preciso, ideal para folhas molhadas<\/li>\n<li>Capacidade de sopro de 710 m\u00b2 com base numa bateria de 5,0\u00a0Ah<\/li>\n<li>Velocidade do ar de 175 km\/h<\/li>\n<li>For\u00e7a de sopro de 9N<\/li>\n<\/ul>","protected":false},"excerpt":{"rendered":"<p>O SKIL 0331 \u00ab20V Max\u00bb (18 V) \u00e9 um soprador de jardim sem fio e sem escovas, ideal para remover<\/p>","protected":false},"featured_media":30186,"template":"","meta":[],"product_brand":[67],"product_cat":[34],"product_tag":[],"class_list":{"0":"post-29447","1":"product","2":"type-product","3":"status-publish","4":"has-post-thumbnail","6":"product_brand-skil","7":"product_cat-ferramentas-eletricas","9":"first","10":"instock","11":"sale","12":"purchasable","13":"product-type-simple"},"_links":{"self":[{"href":"https:\/\/equipment-pt3.com\/en\/wp-json\/wp\/v2\/product\/29447","targetHints":{"allow":["GET"]}}],"collection":[{"href":"https:\/\/equipment-pt3.com\/en\/wp-json\/wp\/v2\/product"}],"about":[{"href":"https:\/\/equipment-pt3.com\/en\/wp-json\/wp\/v2\/types\/product"}],"version-history":[{"count":3,"href":"https:\/\/equipment-pt3.com\/en\/wp-json\/wp\/v2\/product\/29447\/revisions"}],"predecessor-version":[{"id":30194,"href":"https:\/\/equipment-pt3.com\/en\/wp-json\/wp\/v2\/product\/29447\/revisions\/30194"}],"wp:featuredmedia":[{"embeddable":true,"href":"https:\/\/equipment-pt3.com\/en\/wp-json\/wp\/v2\/media\/30186"}],"wp:attachment":[{"href":"https:\/\/equipment-pt3.com\/en\/wp-json\/wp\/v2\/media?parent=29447"}],"wp:term":[{"taxonomy":"product_brand","embeddable":true,"href":"https:\/\/equipment-pt3.com\/en\/wp-json\/wp\/v2\/product_brand?post=29447"},{"taxonomy":"product_cat","embeddable":true,"href":"https:\/\/equipment-pt3.com\/en\/wp-json\/wp\/v2\/product_cat?post=29447"},{"taxonomy":"product_tag","embeddable":true,"href":"https:\/\/equipment-pt3.com\/en\/wp-json\/wp\/v2\/product_tag?post=29447"}],"curies":[{"name":"wp","href":"https:\/\/api.w.org\/{rel}","templated":true}]}}