{"id":29448,"date":"2026-02-03T13:10:34","date_gmt":"2026-02-03T13:10:34","guid":{"rendered":"https:\/\/equipment-pt3.com\/produto\/skil-0350ca-soprador-aspirador-brushless\/"},"modified":"2026-02-17T15:26:34","modified_gmt":"2026-02-17T15:26:34","slug":"skil-0350ca-soprador-aspirador-brushless","status":"publish","type":"product","link":"https:\/\/equipment-pt3.com\/en\/product\/skil-0350ca-soprador-aspirador-brushless\/","title":{"rendered":"Skil 0350CA Soprador\/aspirador Brushless"},"content":{"rendered":"<p>O 0350 \u00ab20V Max\u00bb \u00e9 um potente soprador e aspirador de jardim e faz parte da gama SKIL \u00abbrushless XP\u00bb. As ferramentas \u00abXP\u00bb proporcionam um desempenho e uma durabilidade excecionais, gra\u00e7as \u00e0s suas especifica\u00e7\u00f5es de topo e aos motores sem escovas digitais avan\u00e7ados. O nosso motor sem escovas \u00e9 mais r\u00e1pido, mais resistente e dura 10 vezes mais do que um motor com escovas convencional. Como todas as outras ferramentas sem fio SKIL \u00ab20V Max\u00bb, este modelo \u00e9 alimentado pela tecnologia avan\u00e7ada de bateria e carregador l\u00edder na ind\u00fastria PWRCORE 20\u2122. Este soprador de jardim sem fio oferece ainda o desempenho de \u00ab40V Max\u00bb, usando duas baterias \u00ab20V Max\u00bb. O SKIL 0350 sem escovas oferece uma versatilidade ideal com a funcionalidade 3 em 1: soprador, aspirador e triturador. O interruptor de modo sem ferramentas permite-lhe transformar instantaneamente o soprador num aspirador, e vice-versa. Esta ferramenta est\u00e1 equipada com um potente ventilador que cria uma impressionante velocidade m\u00e1xima do ar de 250 km\/h e um elevado volume de ar de 720 m\u00b3\/h. Pode controlar a velocidade para otimizar as opera\u00e7\u00f5es. Os detritos do jardim s\u00e3o reduzidos a apenas 12:1 para uma elimina\u00e7\u00e3o compacta e pr\u00e1tica, gra\u00e7as ao triturador incorporado. O grande saco coletor de 45 litros permite-lhe trabalhar durante mais tempo sem ter de esvaziar o saco frequentemente. Para facilitar as manobras no seu jardim, este soprador e aspirador de jardim tem uma pr\u00e1tica roda de suporte. Gra\u00e7as ao design exclusivo \u200c\u00abEASY STORAGE\u00bb da SKIL, esta ferramenta ocupa um espa\u00e7o de arruma\u00e7\u00e3o m\u00ednimo ap\u00f3s a utiliza\u00e7\u00e3o. O SKIL 0350 CA \u00e9 fornecido com uma al\u00e7a a tiracolo, saco de recolha de folhas e um gancho \u00abEASY STORAGE\u00bb. A bateria e o carregador n\u00e3o est\u00e3o inclu\u00eddos.<\/p>\n<p>&nbsp;<\/p>\n<p><strong>Caracteristicas:<\/strong><\/p>\n<ul>\n<li>Motor sem escovas: em m\u00e9dia, mais 50% de pot\u00eancia, 45% mais r\u00e1pido e uma vida \u00fatil 10 vezes mais longa do que um motor com escovas convencional<\/li>\n<li>Mude rapidamente entre soprador e aspirador com o interruptor de modo sem ferramentas<\/li>\n<li>Experimente a versatilidade ideal com o funcionamento 3 em 1: soprador, aspirador e cobertura do solo<\/li>\n<li>Controlo da velocidade para um controlo \u00f3timo da velocidade e do volume de ar<\/li>\n<li>Recolha grandes quantidades de detritos com o saco de recolha de folhas de 45 l<\/li>\n<li>Elevado volume de ar de 720 m\u00b3\/h com uma velocidade m\u00e1xima de ar de 250 km\/h para limpeza de grandes superf\u00edcies<\/li>\n<li>Al\u00e7a a tiracolo inclu\u00edda para garantir um manuseamento confort\u00e1vel<\/li>\n<li>Reduza as folhas recolhidas a um m\u00ednimo de detritos com a rela\u00e7\u00e3o de cobertura do solo de 12:1<\/li>\n<li>Roda de suporte para facilitar as manobras no jardim<\/li>\n<li>Design \u00abEasy Storage\u00bb para um armazenamento organizado e economizador de espa\u00e7o da ferramenta<\/li>\n<li>14 minutos de autonomia com base numa bateria de 5,0\u00a0Ah<\/li>\n<\/ul>","protected":false},"excerpt":{"rendered":"<p>O 0350 \u00ab20V Max\u00bb \u00e9 um potente soprador e aspirador de jardim e faz parte da gama SKIL \u00abbrushless XP\u00bb.<\/p>","protected":false},"featured_media":30104,"template":"","meta":[],"product_brand":[67],"product_cat":[34],"product_tag":[],"class_list":{"0":"post-29448","1":"product","2":"type-product","3":"status-publish","4":"has-post-thumbnail","6":"product_brand-skil","7":"product_cat-ferramentas-eletricas","9":"first","10":"instock","11":"sale","12":"purchasable","13":"product-type-simple"},"_links":{"self":[{"href":"https:\/\/equipment-pt3.com\/en\/wp-json\/wp\/v2\/product\/29448","targetHints":{"allow":["GET"]}}],"collection":[{"href":"https:\/\/equipment-pt3.com\/en\/wp-json\/wp\/v2\/product"}],"about":[{"href":"https:\/\/equipment-pt3.com\/en\/wp-json\/wp\/v2\/types\/product"}],"version-history":[{"count":4,"href":"https:\/\/equipment-pt3.com\/en\/wp-json\/wp\/v2\/product\/29448\/revisions"}],"predecessor-version":[{"id":30106,"href":"https:\/\/equipment-pt3.com\/en\/wp-json\/wp\/v2\/product\/29448\/revisions\/30106"}],"wp:featuredmedia":[{"embeddable":true,"href":"https:\/\/equipment-pt3.com\/en\/wp-json\/wp\/v2\/media\/30104"}],"wp:attachment":[{"href":"https:\/\/equipment-pt3.com\/en\/wp-json\/wp\/v2\/media?parent=29448"}],"wp:term":[{"taxonomy":"product_brand","embeddable":true,"href":"https:\/\/equipment-pt3.com\/en\/wp-json\/wp\/v2\/product_brand?post=29448"},{"taxonomy":"product_cat","embeddable":true,"href":"https:\/\/equipment-pt3.com\/en\/wp-json\/wp\/v2\/product_cat?post=29448"},{"taxonomy":"product_tag","embeddable":true,"href":"https:\/\/equipment-pt3.com\/en\/wp-json\/wp\/v2\/product_tag?post=29448"}],"curies":[{"name":"wp","href":"https:\/\/api.w.org\/{rel}","templated":true}]}}