{"id":29450,"date":"2026-02-03T13:10:34","date_gmt":"2026-02-03T13:10:34","guid":{"rendered":"https:\/\/equipment-pt3.com\/produto\/skil-0140-ba-corta-relvas-sem-fio-brushless\/"},"modified":"2026-02-17T15:23:46","modified_gmt":"2026-02-17T15:23:46","slug":"skil-0140-ba-corta-relvas-sem-fio-brushless","status":"publish","type":"product","link":"https:\/\/equipment-pt3.com\/en\/product\/skil-0140-ba-corta-relvas-sem-fio-brushless\/","title":{"rendered":"SKIL 0140 BA Corta-relvas sem fio &#8220;Brushless&#8221;"},"content":{"rendered":"<p>O SKIL 0140 \u00e9 um corta-relvas sem fio e sem escovas com o desempenho de \u00ab40V Max\u00bb, usando duas baterias \u00ab20V Max\u00bb. \u00c9 ideal para cortar relvados gra\u00e7as \u00e0 sua grande largura de corte de 43 cm e ao motor sem escovas mais r\u00e1pido, mais resistente e mais duradouro do que um motor com escovas compar\u00e1vel. Este corta-relvas est\u00e1 equipado com a \u00abGrass Guide\u00bb SKIL para cortar de forma eficiente a relva junto a paredes e arestas. Para uma excelente experi\u00eancia ao cortar a relva, pode facilmente adaptar a altura de corte \u00e0s condi\u00e7\u00f5es da sua relva. O SKIL 0140 disp\u00f5e de seis alturas de corte entre 25 e 75 mm que podem ser ajustadas com o punho central. Os tr\u00eas ajustes da altura de trabalho garantem uma altura de trabalho flex\u00edvel e um corte de relva sem fadiga. Gra\u00e7as ao design exclusivo \u00abEasy Storage\u00bb da SKIL, esta ferramenta ocupa um espa\u00e7o de arruma\u00e7\u00e3o m\u00ednimo depois da utiliza\u00e7\u00e3o. A SKIL 0140 BA \u00e9 fornecida com duas baterias \u00ab20V Max\u00bb (18 V) 4,0 Ah \u00abKeep Cool\u2122\u00bb, um carregador r\u00e1pido, uma caixa coletora de relva, um kit de cobertura do solo, chave multifun\u00e7\u00f5es e chave sextavada.<\/p>\n<p><strong>Caracteristicas:<\/strong><\/p>\n<ul>\n<li>Motor sem escovas: mais r\u00e1pido, mais resistente e 10x mais duradouro<\/li>\n<li>43 cm de largura de corte para cortar rapidamente a relva e a cobertura de solo de grandes volumes<\/li>\n<li>\u00abGrass Guide\u00bb SKIL para cortar a relva junto a paredes e arestas<\/li>\n<li>Punho central para um ajuste pr\u00e1tico da altura de corte entre 25 e 75 mm em 6 posi\u00e7\u00f5es<\/li>\n<li>Tr\u00eas ajustes da altura de trabalho para uma boa postura e menos esfor\u00e7o nos seus bra\u00e7os e costas enquanto corta a relva<\/li>\n<li>O tamp\u00e3o de mulching bloqueia o canal de recolha da relva para fertilizar o seu relvado de modo natural<\/li>\n<li>Punho ergon\u00f3mico e grande para um transporte f\u00e1cil<\/li>\n<li>Design \u00abEasy Storage\u00bb para um armazenamento organizado e economizador de espa\u00e7o da ferramenta<\/li>\n<li>As pegas telesc\u00f3picas dobr\u00e1veis permitem um armazenamento organizado junto com a caixa coletora de relva dobr\u00e1vel<\/li>\n<li>Tecnologia de i\u00f5es de l\u00edtio: sem efeito mem\u00f3ria, sem descarga espont\u00e2nea e sempre pronta a utilizar<\/li>\n<li>O indicador do n\u00edvel de carga da bateria patenteado exibe comodamente o n\u00edvel de carga da bateria<\/li>\n<\/ul>","protected":false},"excerpt":{"rendered":"<p>O SKIL 0140 \u00e9 um corta-relvas sem fio e sem escovas com o desempenho de \u00ab40V Max\u00bb, usando duas baterias<\/p>","protected":false},"featured_media":30109,"template":"","meta":[],"product_brand":[67],"product_cat":[34],"product_tag":[],"class_list":{"0":"post-29450","1":"product","2":"type-product","3":"status-publish","4":"has-post-thumbnail","6":"product_brand-skil","7":"product_cat-ferramentas-eletricas","9":"first","10":"instock","11":"sale","12":"purchasable","13":"product-type-simple"},"_links":{"self":[{"href":"https:\/\/equipment-pt3.com\/en\/wp-json\/wp\/v2\/product\/29450","targetHints":{"allow":["GET"]}}],"collection":[{"href":"https:\/\/equipment-pt3.com\/en\/wp-json\/wp\/v2\/product"}],"about":[{"href":"https:\/\/equipment-pt3.com\/en\/wp-json\/wp\/v2\/types\/product"}],"version-history":[{"count":4,"href":"https:\/\/equipment-pt3.com\/en\/wp-json\/wp\/v2\/product\/29450\/revisions"}],"predecessor-version":[{"id":30120,"href":"https:\/\/equipment-pt3.com\/en\/wp-json\/wp\/v2\/product\/29450\/revisions\/30120"}],"wp:featuredmedia":[{"embeddable":true,"href":"https:\/\/equipment-pt3.com\/en\/wp-json\/wp\/v2\/media\/30109"}],"wp:attachment":[{"href":"https:\/\/equipment-pt3.com\/en\/wp-json\/wp\/v2\/media?parent=29450"}],"wp:term":[{"taxonomy":"product_brand","embeddable":true,"href":"https:\/\/equipment-pt3.com\/en\/wp-json\/wp\/v2\/product_brand?post=29450"},{"taxonomy":"product_cat","embeddable":true,"href":"https:\/\/equipment-pt3.com\/en\/wp-json\/wp\/v2\/product_cat?post=29450"},{"taxonomy":"product_tag","embeddable":true,"href":"https:\/\/equipment-pt3.com\/en\/wp-json\/wp\/v2\/product_tag?post=29450"}],"curies":[{"name":"wp","href":"https:\/\/api.w.org\/{rel}","templated":true}]}}