{"id":29451,"date":"2026-02-03T13:10:34","date_gmt":"2026-02-03T13:10:34","guid":{"rendered":"https:\/\/equipment-pt3.com\/produto\/skil-0512-ca-serra-de-poda-sem-fio-brushless\/"},"modified":"2026-02-17T15:24:42","modified_gmt":"2026-02-17T15:24:42","slug":"skil-0512-ca-serra-de-poda-sem-fio-brushless","status":"publish","type":"product","link":"https:\/\/equipment-pt3.com\/en\/product\/skil-0512-ca-serra-de-poda-sem-fio-brushless\/","title":{"rendered":"SKIL 0512 CA Serra de poda sem fio &#8220;Brushless&#8221;"},"content":{"rendered":"<p>A SKIL 0512 \u00ab20V Max\u00bb \u00e9 uma serra de jardim sem fio e sem escovas com uma barra e corrente de 15 cm para poda e desbaste eficientes. Como todas as outras ferramentas sem fio SKIL \u00ab20V Max\u00bb, este modelo \u00e9 alimentado pela tecnologia avan\u00e7ada de bateria e carregador l\u00edder na ind\u00fastria \u00abPWRCORE 20\u2122\u00bb. O nosso motor sem escovas \u00e9 mais r\u00e1pido, mais resistente e dura 10 vezes mais do que um motor com escovas convencional.<br \/>\nCom lubrifica\u00e7\u00e3o autom\u00e1tica da corrente, substitui\u00e7\u00e3o da corrente sem ferramentas e tensionamento autom\u00e1tico da corrente, esta serra de jardim garante um desempenho ideal e opera\u00e7\u00e3o simples. O resguardo da corrente privilegia sua seguran\u00e7a. Esta serra corta sem esfor\u00e7o ramos e galhos de at\u00e9 150 mm e atinge um n\u00famero not\u00e1vel de 200 cortes com uma bateria de i\u00f5es de l\u00edtio de 5,0 Ah e um ramo de 50 mm. Gra\u00e7as ao design exclusivo \u00abEasy Storage\u00bb da SKIL, esta ferramenta ocupa um espa\u00e7o de arruma\u00e7\u00e3o m\u00ednimo depois da utiliza\u00e7\u00e3o. A SKIL 0512 CA \u00e9 fornecida com uma capa para l\u00e2mina e um gancho \u00abEasy Storage\u00bb. A bateria e o carregador n\u00e3o est\u00e3o inclu\u00eddos.<\/p>\n<p><strong>Caracteristicas:<\/strong><\/p>\n<ul>\n<li>Motor sem escovas: Mais pot\u00eancia, mais efici\u00eancia e maior autonomia<\/li>\n<li>Lubrifica\u00e7\u00e3o autom\u00e1tica da corrente<\/li>\n<li>Troca da corrente sem ferramentas para uma substitui\u00e7\u00e3o f\u00e1cil<\/li>\n<li>Barra e corrente de 15 cm para poda e desbaste eficientes<\/li>\n<li>Tensionamento autom\u00e1tico da corrente quando a capa para l\u00e2mina \u00e9 libertada<\/li>\n<li>Resguardo da corrente para opera\u00e7\u00f5es mais seguras<\/li>\n<li>Corta ramos e galhos at\u00e9 150 mm<\/li>\n<li>Capacidade de corte de 200x com base numa bateria de 5,0 Ah e num ramo de 50 mm<\/li>\n<li>Punho ergon\u00f3mico para opera\u00e7\u00f5es c\u00f3modas<\/li>\n<li>Design \u00abEasy Storage\u00bb para um armazenamento organizado e economizador de espa\u00e7o da ferramenta<\/li>\n<li>Compacta e leve<\/li>\n<\/ul>","protected":false},"excerpt":{"rendered":"<p>A SKIL 0512 \u00ab20V Max\u00bb \u00e9 uma serra de jardim sem fio e sem escovas com uma barra e corrente<\/p>","protected":false},"featured_media":30121,"template":"","meta":[],"product_brand":[67],"product_cat":[98,34],"product_tag":[],"class_list":{"0":"post-29451","1":"product","2":"type-product","3":"status-publish","4":"has-post-thumbnail","6":"product_brand-skil","7":"product_cat-ferramentas-de-corte","8":"product_cat-ferramentas-eletricas","10":"first","11":"instock","12":"sale","13":"purchasable","14":"product-type-simple"},"_links":{"self":[{"href":"https:\/\/equipment-pt3.com\/en\/wp-json\/wp\/v2\/product\/29451","targetHints":{"allow":["GET"]}}],"collection":[{"href":"https:\/\/equipment-pt3.com\/en\/wp-json\/wp\/v2\/product"}],"about":[{"href":"https:\/\/equipment-pt3.com\/en\/wp-json\/wp\/v2\/types\/product"}],"version-history":[{"count":2,"href":"https:\/\/equipment-pt3.com\/en\/wp-json\/wp\/v2\/product\/29451\/revisions"}],"predecessor-version":[{"id":30127,"href":"https:\/\/equipment-pt3.com\/en\/wp-json\/wp\/v2\/product\/29451\/revisions\/30127"}],"wp:featuredmedia":[{"embeddable":true,"href":"https:\/\/equipment-pt3.com\/en\/wp-json\/wp\/v2\/media\/30121"}],"wp:attachment":[{"href":"https:\/\/equipment-pt3.com\/en\/wp-json\/wp\/v2\/media?parent=29451"}],"wp:term":[{"taxonomy":"product_brand","embeddable":true,"href":"https:\/\/equipment-pt3.com\/en\/wp-json\/wp\/v2\/product_brand?post=29451"},{"taxonomy":"product_cat","embeddable":true,"href":"https:\/\/equipment-pt3.com\/en\/wp-json\/wp\/v2\/product_cat?post=29451"},{"taxonomy":"product_tag","embeddable":true,"href":"https:\/\/equipment-pt3.com\/en\/wp-json\/wp\/v2\/product_tag?post=29451"}],"curies":[{"name":"wp","href":"https:\/\/api.w.org\/{rel}","templated":true}]}}