{"id":29452,"date":"2026-02-03T13:10:34","date_gmt":"2026-02-03T13:10:34","guid":{"rendered":"https:\/\/equipment-pt3.com\/produto\/skil-0534-ca-serra-de-corrente-sem-fio-brushless\/"},"modified":"2026-02-17T15:25:09","modified_gmt":"2026-02-17T15:25:09","slug":"skil-0534-ca-serra-de-corrente-sem-fio-brushless","status":"publish","type":"product","link":"https:\/\/equipment-pt3.com\/en\/product\/skil-0534-ca-serra-de-corrente-sem-fio-brushless\/","title":{"rendered":"SKIL 0534 CA Serra de corrente sem fio \u00abBrushless\u00bb"},"content":{"rendered":"<p>A serra de corrente sem fio e sem escovas SKIL 0534 \u00e9 a solu\u00e7\u00e3o ideal para serrar r\u00e1pida e eficazmente ramos e troncos de pequena dimens\u00e3o. O motor sem escovas \u00e9 mais r\u00e1pido, mais resistente e dura 10 vezes mais do que um motor com escovas compar\u00e1vel. Combinada com uma l\u00e2mina de 30 cm e uma elevada velocidade da corrente, o seu trabalho \u00e9 executado facilmente. A tens\u00e3o da corrente pode ser ajustada rapidamente, sem necessidade de quaisquer ferramentas e a lubrifica\u00e7\u00e3o da corrente ocorre automaticamente. Estas fun\u00e7\u00f5es economizadoras de tempo permitem-lhe focar-se mais nas suas tarefas de serragem. A corrente para quase instantaneamente quando o interruptor do gatilho \u00e9 solto ou se o trav\u00e3o de ricochete for acionado durante a serragem. Gra\u00e7as ao design exclusivo \u00abEasy Storage\u00bb da SKIL, esta ferramenta ocupa um espa\u00e7o de arruma\u00e7\u00e3o m\u00ednimo depois da utiliza\u00e7\u00e3o. A SKIL 0534 CA \u00e9 fornecida com uma corrente, uma barra da corrente, uma cobertura da corrente e um gancho \u00abEasy Storage\u00bb. A bateria n\u00e3o est\u00e1 inclu\u00edda.<\/p>\n<p><strong>Caracteristicas:<\/strong><\/p>\n<ul>\n<li>Motor sem escovas: mais r\u00e1pido, mais resistente e 10x mais duradouro<\/li>\n<li>Serra de corrente compacta \u00ab20V Max\u00bb (18 V) com tecnologia de i\u00f5es de l\u00edtio para uma experi\u00eancia de corte de alto desempenho<\/li>\n<li>Barra e corrente de 30 cm para cortar ramos e troncos de pequena dimens\u00e3o<\/li>\n<li>Troca e ajuste f\u00e1ceis da corrente: sem necessidade de outras ferramentas<\/li>\n<li>Sistema de paragem r\u00e1pida e trav\u00e3o de ricochete para seguran\u00e7a<\/li>\n<li>Lubrifica\u00e7\u00e3o autom\u00e1tica da corrente para comodidade do utilizador<\/li>\n<li>Design \u00abEasy Storage\u00bb para um armazenamento organizado e economizador de espa\u00e7o da ferramenta<\/li>\n<li>Tecnologia de i\u00f5es de l\u00edtio: sem efeito mem\u00f3ria, sem descarga espont\u00e2nea e sempre pronta a utilizar<\/li>\n<\/ul>","protected":false},"excerpt":{"rendered":"<p>A serra de corrente sem fio e sem escovas SKIL 0534 \u00e9 a solu\u00e7\u00e3o ideal para serrar r\u00e1pida e eficazmente<\/p>","protected":false},"featured_media":30139,"template":"","meta":[],"product_brand":[67],"product_cat":[98,34],"product_tag":[],"class_list":{"0":"post-29452","1":"product","2":"type-product","3":"status-publish","4":"has-post-thumbnail","6":"product_brand-skil","7":"product_cat-ferramentas-de-corte","8":"product_cat-ferramentas-eletricas","10":"first","11":"instock","12":"sale","13":"purchasable","14":"product-type-simple"},"_links":{"self":[{"href":"https:\/\/equipment-pt3.com\/en\/wp-json\/wp\/v2\/product\/29452","targetHints":{"allow":["GET"]}}],"collection":[{"href":"https:\/\/equipment-pt3.com\/en\/wp-json\/wp\/v2\/product"}],"about":[{"href":"https:\/\/equipment-pt3.com\/en\/wp-json\/wp\/v2\/types\/product"}],"version-history":[{"count":4,"href":"https:\/\/equipment-pt3.com\/en\/wp-json\/wp\/v2\/product\/29452\/revisions"}],"predecessor-version":[{"id":30149,"href":"https:\/\/equipment-pt3.com\/en\/wp-json\/wp\/v2\/product\/29452\/revisions\/30149"}],"wp:featuredmedia":[{"embeddable":true,"href":"https:\/\/equipment-pt3.com\/en\/wp-json\/wp\/v2\/media\/30139"}],"wp:attachment":[{"href":"https:\/\/equipment-pt3.com\/en\/wp-json\/wp\/v2\/media?parent=29452"}],"wp:term":[{"taxonomy":"product_brand","embeddable":true,"href":"https:\/\/equipment-pt3.com\/en\/wp-json\/wp\/v2\/product_brand?post=29452"},{"taxonomy":"product_cat","embeddable":true,"href":"https:\/\/equipment-pt3.com\/en\/wp-json\/wp\/v2\/product_cat?post=29452"},{"taxonomy":"product_tag","embeddable":true,"href":"https:\/\/equipment-pt3.com\/en\/wp-json\/wp\/v2\/product_tag?post=29452"}],"curies":[{"name":"wp","href":"https:\/\/api.w.org\/{rel}","templated":true}]}}