{"id":29453,"date":"2026-02-03T13:10:34","date_gmt":"2026-02-03T13:10:34","guid":{"rendered":"https:\/\/equipment-pt3.com\/produto\/skil-0230-ca-aparador-de-relva-sem-fio\/"},"modified":"2026-02-17T15:25:39","modified_gmt":"2026-02-17T15:25:39","slug":"skil-0230-ca-aparador-de-relva-sem-fio","status":"publish","type":"product","link":"https:\/\/equipment-pt3.com\/en\/product\/skil-0230-ca-aparador-de-relva-sem-fio\/","title":{"rendered":"SKIL 0230 CA Aparador de relva sem fio"},"content":{"rendered":"<p>O aparador de relva sem fio SKIL 0230 com 25 cm de largura de corte para aparar e cortar ao longo de arestas e passeios sem esfor\u00e7o. A alimenta\u00e7\u00e3o autom\u00e1tica do fio torna desnecess\u00e1ria a utiliza\u00e7\u00e3o manual, permitindo ininterruptamente a remo\u00e7\u00e3o das ervas em excesso nas paredes, cercas e canteiros ou para simplesmente retocar as margens do relvado. A cabe\u00e7a do aparador pode ser rodada em v\u00e1rias posi\u00e7\u00f5es, o que \u00e9 muito pr\u00e1tico quando se trabalha em \u00e1reas de dif\u00edcil acesso. Para maximizar o conforto durante o trabalho, este aparador de relva possui um punho telesc\u00f3pico ajust\u00e1vel, assim como um punho frontal ajust\u00e1vel, que permite a cada utilizador definir a correta posi\u00e7\u00e3o de trabalho. Al\u00e9m disso, este aparador de relva permite um corte preciso com o seu protetor de flores, assim n\u00e3o precisa de se preocupar em danificar as suas plantas e flores. Gra\u00e7as ao design exclusivo \u00abEasy Storage\u00bb da SKIL, esta ferramenta ocupa um espa\u00e7o de arruma\u00e7\u00e3o m\u00ednimo depois da utiliza\u00e7\u00e3o. A SKIL 0230 CA \u00e9 fornecida com um sistema de bobina e um gancho \u00abEasy Storage\u00bb. A bateria n\u00e3o est\u00e1 inclu\u00edda.<\/p>\n<p><strong>Caracteristicas:<\/strong><\/p>\n<ul>\n<li>Roda integrada no resguardo para cortar junto \u00e0 borda sem esfor\u00e7o<\/li>\n<li>Tecnologia de i\u00f5es de l\u00edtio: sem efeito mem\u00f3ria, sem descarga espont\u00e2nea e sempre pronta a utilizar<\/li>\n<li>O m\u00f3dulo \u00abEasy Storage\u00bb inclu\u00eddo pode estender-se a um sistema de carris de arruma\u00e7\u00e3o adequado para pendurar os seus produtos de jardinagem da SKIL<\/li>\n<li>Design \u00abEasy Storage\u00bb para um armazenamento organizado e economizador de espa\u00e7o da ferramenta<\/li>\n<li>O protetor de flores permite aparar com precis\u00e3o e cuidado \u00e0 volta de plantas e junto \u00e0s bordas<\/li>\n<li>Ajuste telesc\u00f3pico de altura para aumentar o conforto do utilizador durante os trabalhos<\/li>\n<li>Punho frontal ajust\u00e1vel em posi\u00e7\u00e3o e \u00e2ngulo para aparar com conforto<\/li>\n<li>Parte da \u00abEnergy Platform\u00bb da SKIL: O sistema de bateria flex\u00edvel<\/li>\n<li>Bot\u00e3o de corte vertical para transi\u00e7\u00f5es r\u00e1pidas entre cortar e aparar durante o trabalho<\/li>\n<li>A cabe\u00e7a do aparador permite rodar em v\u00e1rias posi\u00e7\u00f5es para um corte vers\u00e1til, p.\u00a0ex. em \u00e1reas de dif\u00edcil acesso<\/li>\n<li>25 cm de largura de corte para cortar eficazmente relva e ervas<\/li>\n<li>Alimenta\u00e7\u00e3o autom\u00e1tica: corte ininterrupto gra\u00e7as \u00e0 alimenta\u00e7\u00e3o autom\u00e1tica de linha sem problemas<\/li>\n<li>Potente aparador de relva sem fio com tecnologia de i\u00f5es de l\u00edtio \u00ab20V Max\u00bb (18 V) 25 cm para aparar e cortar<\/li>\n<li>A nossa tecnologia patenteada \u00abActivCell\u2122\u00bb serve para otimizar o consumo de energia, evitando o sobreaquecimento e maximizando o desempenho da bateria<\/li>\n<li>A tecnologia de bateria \u00abKeep Cool\u2122\u00bb assegura uma autonomia 25% mais longa e o dobro da vida \u00fatil<\/li>\n<\/ul>","protected":false},"excerpt":{"rendered":"<p>O aparador de relva sem fio SKIL 0230 com 25 cm de largura de corte para aparar e cortar ao<\/p>","protected":false},"featured_media":30130,"template":"","meta":[],"product_brand":[67],"product_cat":[34],"product_tag":[],"class_list":{"0":"post-29453","1":"product","2":"type-product","3":"status-publish","4":"has-post-thumbnail","6":"product_brand-skil","7":"product_cat-ferramentas-eletricas","9":"first","10":"instock","11":"sale","12":"purchasable","13":"product-type-simple"},"_links":{"self":[{"href":"https:\/\/equipment-pt3.com\/en\/wp-json\/wp\/v2\/product\/29453","targetHints":{"allow":["GET"]}}],"collection":[{"href":"https:\/\/equipment-pt3.com\/en\/wp-json\/wp\/v2\/product"}],"about":[{"href":"https:\/\/equipment-pt3.com\/en\/wp-json\/wp\/v2\/types\/product"}],"version-history":[{"count":3,"href":"https:\/\/equipment-pt3.com\/en\/wp-json\/wp\/v2\/product\/29453\/revisions"}],"predecessor-version":[{"id":30129,"href":"https:\/\/equipment-pt3.com\/en\/wp-json\/wp\/v2\/product\/29453\/revisions\/30129"}],"wp:featuredmedia":[{"embeddable":true,"href":"https:\/\/equipment-pt3.com\/en\/wp-json\/wp\/v2\/media\/30130"}],"wp:attachment":[{"href":"https:\/\/equipment-pt3.com\/en\/wp-json\/wp\/v2\/media?parent=29453"}],"wp:term":[{"taxonomy":"product_brand","embeddable":true,"href":"https:\/\/equipment-pt3.com\/en\/wp-json\/wp\/v2\/product_brand?post=29453"},{"taxonomy":"product_cat","embeddable":true,"href":"https:\/\/equipment-pt3.com\/en\/wp-json\/wp\/v2\/product_cat?post=29453"},{"taxonomy":"product_tag","embeddable":true,"href":"https:\/\/equipment-pt3.com\/en\/wp-json\/wp\/v2\/product_tag?post=29453"}],"curies":[{"name":"wp","href":"https:\/\/api.w.org\/{rel}","templated":true}]}}