{"id":29454,"date":"2026-02-03T13:10:34","date_gmt":"2026-02-03T13:10:34","guid":{"rendered":"https:\/\/equipment-pt3.com\/produto\/skil-0250-ab-aparador-de-relva-sem-fio-brushless\/"},"modified":"2026-02-17T15:26:11","modified_gmt":"2026-02-17T15:26:11","slug":"skil-0250-ab-aparador-de-relva-sem-fio-brushless","status":"publish","type":"product","link":"https:\/\/equipment-pt3.com\/en\/product\/skil-0250-ab-aparador-de-relva-sem-fio-brushless\/","title":{"rendered":"SKIL 0250 AB Aparador de relva sem fio \u00abBrushless\u00bb"},"content":{"rendered":"<p>A SKIL 0250 \u201c20V Max\u201d (18 V) \u00e9 uma potente aparadora de relva sem fios, com uma largura de trabalho de 33 cm, ideal para aparar sem esfor\u00e7o relva dif\u00edcil e ervas daninhas. O modelo 0250 \u00e9 acionado por um motor sem escovas, o que o torna mais r\u00e1pido, mais potente e com uma durabilidade at\u00e9 10 vezes superior \u00e0 de uma aparadora com motor com escovas equivalente.<\/p>\n<p>Com a funcionalidade \u201cTwist Load\u201d, o fio pode ser colocado e ajustado de forma simples, bastando inserir e rodar para come\u00e7ar a trabalhar. A aparadora est\u00e1 perfeitamente equilibrada gra\u00e7as ao sistema de corte com dois fios, permitindo um corte r\u00e1pido e preciso. Equipada com o sistema de alimenta\u00e7\u00e3o de fio \u201cTap&amp;Go\u201d, o fio \u00e9 fornecido de forma r\u00e1pida e f\u00e1cil sempre que necess\u00e1rio: basta pressionar o bot\u00e3o situado na parte inferior do carretel contra o ch\u00e3o e o fio \u00e9 automaticamente prolongado.<\/p>\n<p>Gra\u00e7as ao exclusivo design Easy Storage da SKIL, esta ferramenta ocupa muito pouco espa\u00e7o ap\u00f3s a utiliza\u00e7\u00e3o e pode ser arrumada de forma organizada.<\/p>\n<p>A SKIL 0250 AB \u00e9 fornecida com uma bateria \u201c20V Max\u201d (18 V) de 4,0 Ah \u201cKeep Cool\u2122\u201d, um carregador de 1 hora, um carretel de fio e um gancho Easy Storage.<\/p>\n<p><strong>Caracteristicas:<\/strong><\/p>\n<ul>\n<li>Motor sem escovas: mais r\u00e1pido, mais potente e com uma vida \u00fatil at\u00e9 10 vezes superior<\/li>\n<li>Aparadora de relva de i\u00f5es de l\u00edtio \u201c20V Max\u201d (18 V) com largura de corte de 33 cm, ideal para trabalhos exigentes em relva e ervas daninhas<\/li>\n<li>Com a fun\u00e7\u00e3o SKIL \u201cTwist Load\u201d, o fio \u00e9 f\u00e1cil de colocar e rodar para come\u00e7ar a trabalhar<\/li>\n<li>Sistema de alimenta\u00e7\u00e3o de fio \u201cTap&amp;Go\u201d para liberta\u00e7\u00e3o simples de fio adicional durante o trabalho<\/li>\n<li>Sistema de corte com 2 fios para resultados de aparagem r\u00e1pidos e de elevada qualidade<\/li>\n<li>Duas defini\u00e7\u00f5es de velocidade para desempenho de corte e controlo ideais<\/li>\n<li>Design \u201cEasy Storage\u201d para arruma\u00e7\u00e3o compacta e organizada da ferramenta<\/li>\n<li>Tecnologia de i\u00f5es de l\u00edtio: sem efeito de mem\u00f3ria, sem autodescarga e sempre pronta a utilizar<\/li>\n<\/ul>","protected":false},"excerpt":{"rendered":"<p>A SKIL 0250 \u201c20V Max\u201d (18 V) \u00e9 uma potente aparadora de relva sem fios, com uma largura de trabalho<\/p>","protected":false},"featured_media":30151,"template":"","meta":[],"product_brand":[67],"product_cat":[34],"product_tag":[],"class_list":{"0":"post-29454","1":"product","2":"type-product","3":"status-publish","4":"has-post-thumbnail","6":"product_brand-skil","7":"product_cat-ferramentas-eletricas","9":"first","10":"instock","11":"sale","12":"purchasable","13":"product-type-simple"},"_links":{"self":[{"href":"https:\/\/equipment-pt3.com\/en\/wp-json\/wp\/v2\/product\/29454","targetHints":{"allow":["GET"]}}],"collection":[{"href":"https:\/\/equipment-pt3.com\/en\/wp-json\/wp\/v2\/product"}],"about":[{"href":"https:\/\/equipment-pt3.com\/en\/wp-json\/wp\/v2\/types\/product"}],"version-history":[{"count":3,"href":"https:\/\/equipment-pt3.com\/en\/wp-json\/wp\/v2\/product\/29454\/revisions"}],"predecessor-version":[{"id":30160,"href":"https:\/\/equipment-pt3.com\/en\/wp-json\/wp\/v2\/product\/29454\/revisions\/30160"}],"wp:featuredmedia":[{"embeddable":true,"href":"https:\/\/equipment-pt3.com\/en\/wp-json\/wp\/v2\/media\/30151"}],"wp:attachment":[{"href":"https:\/\/equipment-pt3.com\/en\/wp-json\/wp\/v2\/media?parent=29454"}],"wp:term":[{"taxonomy":"product_brand","embeddable":true,"href":"https:\/\/equipment-pt3.com\/en\/wp-json\/wp\/v2\/product_brand?post=29454"},{"taxonomy":"product_cat","embeddable":true,"href":"https:\/\/equipment-pt3.com\/en\/wp-json\/wp\/v2\/product_cat?post=29454"},{"taxonomy":"product_tag","embeddable":true,"href":"https:\/\/equipment-pt3.com\/en\/wp-json\/wp\/v2\/product_tag?post=29454"}],"curies":[{"name":"wp","href":"https:\/\/api.w.org\/{rel}","templated":true}]}}