{"id":29455,"date":"2026-02-03T13:10:35","date_gmt":"2026-02-03T13:10:35","guid":{"rendered":"https:\/\/equipment-pt3.com\/produto\/skil-0250-ca-aparador-de-relva-sem-fio-brushless\/"},"modified":"2026-02-12T10:35:53","modified_gmt":"2026-02-12T10:35:53","slug":"skil-0250-ca-aparador-de-relva-sem-fio-brushless","status":"publish","type":"product","link":"https:\/\/equipment-pt3.com\/en\/product\/skil-0250-ca-aparador-de-relva-sem-fio-brushless\/","title":{"rendered":"SKIL 0250 CA Aparador de relva sem fio \u00abBrushless\u00bb"},"content":{"rendered":"<p>O \u00ab20V Max\u00bb (18 V) SKIL 0250 \u00e9 um potente aparador de relva sem fio com uma largura de trabalho de 33 cm para cortar relva e ervas duras sem esfor\u00e7o. O aparador de relva do modelo 0250 \u00e9 alimentado por um motor sem escovas que o torna mais r\u00e1pido, mais resistente e 10 vezes mais duradouro do que um aparador de relva com um motor com escovas compar\u00e1vel. A funcionalidade \u00abTwist Load\u00bb permite-lhe inserir simplesmente o fio e torcer para poder come\u00e7ar a trabalhar. O aparador de relva \u00e9 perfeitamente equilibrado gra\u00e7as ao seu sistema de corte de dois fios que lhe fornece resultados de corte r\u00e1pidos e precisos. Equipado com um sistema de alimenta\u00e7\u00e3o do fio \u00abTap&amp;Go\u00bb, este aparador de relva permite uma r\u00e1pida e f\u00e1cil alimenta\u00e7\u00e3o do fio quando necess\u00e1rio. Tudo o que precisa de fazer \u00e9 pressionar o bot\u00e3o por baixo da bobina do fio sobre o ch\u00e3o e o fio \u00e9 prolongado automaticamente. Gra\u00e7as ao design exclusivo \u00abEasy Storage\u00bb da SKIL, esta ferramenta ocupa um espa\u00e7o de arruma\u00e7\u00e3o m\u00ednimo depois da utiliza\u00e7\u00e3o. O SKIL 0250 CA \u00e9 fornecido com uma bobina e um gancho \u00abEasy Storage\u00bb. A bateria n\u00e3o est\u00e1 inclu\u00edda.<\/p>\n<p><strong>Caracteristicas:<\/strong><\/p>\n<ul>\n<li>Aparador de relva \u00ab20V Max\u00bb (18 V) com tecnologia de i\u00f5es de l\u00edtio e uma largura de corte de 33 cm para completar trabalhos de corte de relva e ervas duras<\/li>\n<li>Tecnologia de i\u00f5es de l\u00edtio: sem efeito mem\u00f3ria, sem descarga espont\u00e2nea e sempre pronta a utilizar<\/li>\n<li>A nossa tecnologia patenteada \u00abActivCell\u2122\u00bb serve para otimizar o consumo de energia, evitando o sobreaquecimento e maximizando o desempenho da bateria<\/li>\n<li>Sistema de corte com 2 fios para resultados de corte r\u00e1pidos e excelentes<\/li>\n<li>Alimenta\u00e7\u00e3o do fio \u00abTap&amp;Go\u00bb para facilitar a sa\u00edda de mais fio durante o funcionamento<\/li>\n<li>Motor sem escovas: mais r\u00e1pido, mais resistente e 10x mais duradouro<\/li>\n<li>A tecnologia de bateria \u00abKeep Cool\u2122\u00bb assegura uma autonomia 25% mais longa e o dobro da vida \u00fatil<\/li>\n<li>Parte da \u00abEnergy Platform\u00bb da SKIL: O sistema de bateria flex\u00edvel<\/li>\n<li>\u00abTwist Load\u00bb da SKIL permite-lhe inserir simplesmente o fio e torcer para poder come\u00e7ar a trabalhar<\/li>\n<li>Design \u00abEasy Storage\u00bb para um armazenamento organizado e economizador de espa\u00e7o da ferramenta<\/li>\n<li>Duas regula\u00e7\u00f5es da velocidade para um controlo e desempenho de corte ideais<\/li>\n<\/ul>","protected":false},"excerpt":{"rendered":"<p>O \u00ab20V Max\u00bb (18 V) SKIL 0250 \u00e9 um potente aparador de relva sem fio com uma largura de trabalho<\/p>","protected":false},"featured_media":30011,"template":"","meta":[],"product_brand":[],"product_cat":[34],"product_tag":[],"class_list":{"0":"post-29455","1":"product","2":"type-product","3":"status-publish","4":"has-post-thumbnail","6":"product_cat-ferramentas-eletricas","8":"first","9":"instock","10":"sale","11":"purchasable","12":"product-type-simple"},"_links":{"self":[{"href":"https:\/\/equipment-pt3.com\/en\/wp-json\/wp\/v2\/product\/29455","targetHints":{"allow":["GET"]}}],"collection":[{"href":"https:\/\/equipment-pt3.com\/en\/wp-json\/wp\/v2\/product"}],"about":[{"href":"https:\/\/equipment-pt3.com\/en\/wp-json\/wp\/v2\/types\/product"}],"version-history":[{"count":2,"href":"https:\/\/equipment-pt3.com\/en\/wp-json\/wp\/v2\/product\/29455\/revisions"}],"predecessor-version":[{"id":30008,"href":"https:\/\/equipment-pt3.com\/en\/wp-json\/wp\/v2\/product\/29455\/revisions\/30008"}],"wp:featuredmedia":[{"embeddable":true,"href":"https:\/\/equipment-pt3.com\/en\/wp-json\/wp\/v2\/media\/30011"}],"wp:attachment":[{"href":"https:\/\/equipment-pt3.com\/en\/wp-json\/wp\/v2\/media?parent=29455"}],"wp:term":[{"taxonomy":"product_brand","embeddable":true,"href":"https:\/\/equipment-pt3.com\/en\/wp-json\/wp\/v2\/product_brand?post=29455"},{"taxonomy":"product_cat","embeddable":true,"href":"https:\/\/equipment-pt3.com\/en\/wp-json\/wp\/v2\/product_cat?post=29455"},{"taxonomy":"product_tag","embeddable":true,"href":"https:\/\/equipment-pt3.com\/en\/wp-json\/wp\/v2\/product_tag?post=29455"}],"curies":[{"name":"wp","href":"https:\/\/api.w.org\/{rel}","templated":true}]}}