{"id":29456,"date":"2026-02-03T13:10:35","date_gmt":"2026-02-03T13:10:35","guid":{"rendered":"https:\/\/equipment-pt3.com\/produto\/skil-0280-ca-aparador-de-relva-sem-fio-brushless\/"},"modified":"2026-02-17T15:14:54","modified_gmt":"2026-02-17T15:14:54","slug":"skil-0280-ca-aparador-de-relva-sem-fio-brushless","status":"publish","type":"product","link":"https:\/\/equipment-pt3.com\/en\/product\/skil-0280-ca-aparador-de-relva-sem-fio-brushless\/","title":{"rendered":"SKIL 0280 CA Aparador de relva sem fio \u00abBrushless\u00bb"},"content":{"rendered":"<p>O SKIL 0280 \u00ab40V Max\u00bb aparador de relva sem fio e sem escovas com uma grande largura de corte de 35 cm para cortar relva e ervas duras sem esfor\u00e7o. Como todas as outras ferramentas de jardim sem fio SKIL \u00ab40V Max\u00bb, este modelo \u00e9 alimentado pela tecnologia avan\u00e7ada de bateria e carregador l\u00edder na ind\u00fastria \u00abPWRCORE 40\u2122\u00bb. O motor sem escovas digital fornece mais pot\u00eancia, mais efici\u00eancia e uma vida \u00fatil 10x mais longa do que um motor com escovas compar\u00e1vel. A funcionalidade \u00abTwist Load\u00bb permite-lhe inserir simplesmente o fio e torcer para poder come\u00e7ar a trabalhar. O aparador de relva \u00e9 perfeitamente equilibrado gra\u00e7as ao seu sistema de corte de dois fios que lhe fornece resultados de corte r\u00e1pidos e precisos. Tem tamb\u00e9m uma bobina de fio duplo para uma extens\u00e3o r\u00e1pida do fio e consoante necess\u00e1rio durante o trabalho. Resumidamente, esta vers\u00e1til ferramenta de jardim oferece verdadeiramente tudo o que precisa: tecnologia fi\u00e1vel de bateria de i\u00f5es de l\u00edtio, velocidade vari\u00e1vel para controlo total e um punho de ajuste r\u00e1pido que proporciona conforto extra durante o trabalho. A SKIL 0280 CA \u00e9 fornecida com uma bobina. A bateria e o carregador n\u00e3o est\u00e3o inclu\u00eddos.<\/p>\n<p><strong>Caracteristicas:<\/strong><\/p>\n<ul>\n<li>Tecnologia de i\u00f5es de l\u00edtio: sem efeito mem\u00f3ria, sem descarga espont\u00e2nea e sempre pronta a utilizar<\/li>\n<li>Bobina de fio duplo para uma extens\u00e3o r\u00e1pida do fio e consoante necess\u00e1rio durante o trabalho<\/li>\n<li>A SKIL \u00abTwist Load\u2122\u00bb permite-lhe inserir simplesmente o fio e torcer para poder come\u00e7ar a trabalhar<\/li>\n<li>Motor sem escovas digital: Mais pot\u00eancia, mais efic\u00e1cia e uma vida \u00fatil 10x mais longa<\/li>\n<li>Largura de corte de 35 cm para um corte mais r\u00e1pido e mais eficiente<\/li>\n<li>Sistema de corte com 2 fios para resultados de corte r\u00e1pidos e excelentes<\/li>\n<\/ul>","protected":false},"excerpt":{"rendered":"<p>O SKIL 0280 \u00ab40V Max\u00bb aparador de relva sem fio e sem escovas com uma grande largura de corte de<\/p>","protected":false},"featured_media":30014,"template":"","meta":[],"product_brand":[67],"product_cat":[34],"product_tag":[],"class_list":{"0":"post-29456","1":"product","2":"type-product","3":"status-publish","4":"has-post-thumbnail","6":"product_brand-skil","7":"product_cat-ferramentas-eletricas","9":"first","10":"instock","11":"sale","12":"purchasable","13":"product-type-simple"},"_links":{"self":[{"href":"https:\/\/equipment-pt3.com\/en\/wp-json\/wp\/v2\/product\/29456","targetHints":{"allow":["GET"]}}],"collection":[{"href":"https:\/\/equipment-pt3.com\/en\/wp-json\/wp\/v2\/product"}],"about":[{"href":"https:\/\/equipment-pt3.com\/en\/wp-json\/wp\/v2\/types\/product"}],"version-history":[{"count":3,"href":"https:\/\/equipment-pt3.com\/en\/wp-json\/wp\/v2\/product\/29456\/revisions"}],"predecessor-version":[{"id":30016,"href":"https:\/\/equipment-pt3.com\/en\/wp-json\/wp\/v2\/product\/29456\/revisions\/30016"}],"wp:featuredmedia":[{"embeddable":true,"href":"https:\/\/equipment-pt3.com\/en\/wp-json\/wp\/v2\/media\/30014"}],"wp:attachment":[{"href":"https:\/\/equipment-pt3.com\/en\/wp-json\/wp\/v2\/media?parent=29456"}],"wp:term":[{"taxonomy":"product_brand","embeddable":true,"href":"https:\/\/equipment-pt3.com\/en\/wp-json\/wp\/v2\/product_brand?post=29456"},{"taxonomy":"product_cat","embeddable":true,"href":"https:\/\/equipment-pt3.com\/en\/wp-json\/wp\/v2\/product_cat?post=29456"},{"taxonomy":"product_tag","embeddable":true,"href":"https:\/\/equipment-pt3.com\/en\/wp-json\/wp\/v2\/product_tag?post=29456"}],"curies":[{"name":"wp","href":"https:\/\/api.w.org\/{rel}","templated":true}]}}