{"id":29457,"date":"2026-02-03T13:10:35","date_gmt":"2026-02-03T13:10:35","guid":{"rendered":"https:\/\/equipment-pt3.com\/produto\/skil-0620ca-tesoura-de-poda-sem-fio-brushless\/"},"modified":"2026-02-17T15:15:27","modified_gmt":"2026-02-17T15:15:27","slug":"skil-0620ca-tesoura-de-poda-sem-fio-brushless","status":"publish","type":"product","link":"https:\/\/equipment-pt3.com\/en\/product\/skil-0620ca-tesoura-de-poda-sem-fio-brushless\/","title":{"rendered":"SKIL 0620CA Tesoura de poda sem fio Brushless"},"content":{"rendered":"<p>A tesoura de jardim sem fio 20V Max 0620 faz parte da gama sem escovas de desempenho avan\u00e7ado da SKIL. Estas ferramentas oferecem uma combina\u00e7\u00e3o de alto desempenho, durabilidade e um n\u00edvel de comodidade inigual\u00e1vel. Como todas as outras ferramentas sem fio SKIL 20V Max, este modelo \u00e9 alimentado pela tecnologia avan\u00e7ada de bateria e carregador l\u00edder na ind\u00fastria PWRCORE 20\u2122. O motor sem escovas digital fornece mais pot\u00eancia, mais efici\u00eancia e uma vida \u00fatil 10x mais longa do que um motor com escovas compar\u00e1vel. A nossa tesoura de jardim SKIL 0620 corta sem esfor\u00e7o ramos at\u00e9 28 mm de espessura. Execute qualquer tarefa de poda com precis\u00e3o, ajustando entre tr\u00eas modos de corte para obter o ajuste perfeito. Com l\u00e2minas de bypass em a\u00e7o inoxid\u00e1vel SK5, esta tesoura permite efetuar cortes limpos e precisos. Uma vantagem adicional \u00e9 o facto de a podadora ser compat\u00edvel com uma haste extensora para podas mais altas. Alimentada por uma bateria de 5,0 Ah, pode efetuar at\u00e9 6700 cortes em ramos de 15 mm antes de precisar de ser recarregada. O design compacto, leve e ergon\u00f3mico com Softgrip proporciona conforto e controlo. Para al\u00e9m disso, o interruptor de seguran\u00e7a do gatilho aumenta a seguran\u00e7a para opera\u00e7\u00f5es tranquilas. Gra\u00e7as ao design exclusivo \u200c\u00abEASY STORAGE\u00bb da SKIL, esta ferramenta ocupa um espa\u00e7o de arruma\u00e7\u00e3o m\u00ednimo ap\u00f3s a utiliza\u00e7\u00e3o. A SKIL 0620 CA \u00e9 fornecida com uma capa para l\u00e2mina e gancho EASY STORAGE. A bateria e o carregador n\u00e3o est\u00e3o inclu\u00eddos.<\/p>\n<p><strong>Caracteristicas:<\/strong><\/p>\n<ul>\n<li>Motor sem escovas: em m\u00e9dia, mais 50% de pot\u00eancia, 45% mais r\u00e1pido e uma vida \u00fatil 10 vezes mais longa do que um motor com escovas convencional<\/li>\n<li>Corta sem esfor\u00e7o ramos at\u00e9 28 mm de espessura<\/li>\n<li>Tr\u00eas modos de corte permitem personalizar os ajustes para cada tarefa de poda<\/li>\n<li>L\u00e2minas de bypass em a\u00e7o inoxid\u00e1vel SK5 para cortes limpos e precisos<\/li>\n<li>Capacidade de corte de 6700x com base numa bateria de 5,0 Ah e num ramo de 15 mm<\/li>\n<li>Compat\u00edvel com a haste extensora para alcan\u00e7ar e podar ramos mais altos<\/li>\n<li>Interruptor de seguran\u00e7a do gatilho para opera\u00e7\u00f5es extra seguras<\/li>\n<li>Design muito compacto e leve, para trabalhar comodamente<\/li>\n<li>Design ergon\u00f3mico e Softgrip para um controlo e comodidade \u00f3timos<\/li>\n<li>Design Easy Storage para um armazenamento organizado e economizador de espa\u00e7o da ferramenta<\/li>\n<\/ul>","protected":false},"excerpt":{"rendered":"<p>A tesoura de jardim sem fio 20V Max 0620 faz parte da gama sem escovas de desempenho avan\u00e7ado da SKIL.<\/p>","protected":false},"featured_media":30018,"template":"","meta":[],"product_brand":[67],"product_cat":[34],"product_tag":[],"class_list":{"0":"post-29457","1":"product","2":"type-product","3":"status-publish","4":"has-post-thumbnail","6":"product_brand-skil","7":"product_cat-ferramentas-eletricas","9":"first","10":"instock","11":"sale","12":"purchasable","13":"product-type-simple"},"_links":{"self":[{"href":"https:\/\/equipment-pt3.com\/en\/wp-json\/wp\/v2\/product\/29457","targetHints":{"allow":["GET"]}}],"collection":[{"href":"https:\/\/equipment-pt3.com\/en\/wp-json\/wp\/v2\/product"}],"about":[{"href":"https:\/\/equipment-pt3.com\/en\/wp-json\/wp\/v2\/types\/product"}],"version-history":[{"count":2,"href":"https:\/\/equipment-pt3.com\/en\/wp-json\/wp\/v2\/product\/29457\/revisions"}],"predecessor-version":[{"id":30017,"href":"https:\/\/equipment-pt3.com\/en\/wp-json\/wp\/v2\/product\/29457\/revisions\/30017"}],"wp:featuredmedia":[{"embeddable":true,"href":"https:\/\/equipment-pt3.com\/en\/wp-json\/wp\/v2\/media\/30018"}],"wp:attachment":[{"href":"https:\/\/equipment-pt3.com\/en\/wp-json\/wp\/v2\/media?parent=29457"}],"wp:term":[{"taxonomy":"product_brand","embeddable":true,"href":"https:\/\/equipment-pt3.com\/en\/wp-json\/wp\/v2\/product_brand?post=29457"},{"taxonomy":"product_cat","embeddable":true,"href":"https:\/\/equipment-pt3.com\/en\/wp-json\/wp\/v2\/product_cat?post=29457"},{"taxonomy":"product_tag","embeddable":true,"href":"https:\/\/equipment-pt3.com\/en\/wp-json\/wp\/v2\/product_tag?post=29457"}],"curies":[{"name":"wp","href":"https:\/\/api.w.org\/{rel}","templated":true}]}}