{"id":29458,"date":"2026-02-03T13:10:35","date_gmt":"2026-02-03T13:10:35","guid":{"rendered":"https:\/\/equipment-pt3.com\/produto\/skil-0640-ca-corta-sebes-telescopico-sem-fios\/"},"modified":"2026-02-13T12:34:30","modified_gmt":"2026-02-13T12:34:30","slug":"skil-0640-ca-corta-sebes-telescopico-sem-fios","status":"publish","type":"product","link":"https:\/\/equipment-pt3.com\/en\/product\/skil-0640-ca-corta-sebes-telescopico-sem-fios\/","title":{"rendered":"SKIL 0640 CA Corta-sebes telesc\u00f3pico &#8211; sem fios"},"content":{"rendered":"<div class=\"\">\n<p>O \u00ab20V Max\u00bb (18 V) SKIL 0640 \u00e9 um corta-sebes telesc\u00f3pico sem fio para cortar sem escadas ramos ou arbustos altos, dif\u00edceis de alcan\u00e7ar. Este corta-sebes tem uma l\u00e2mina de 45 cm com abertura de l\u00e2mina de 18 mm para cortar atrav\u00e9s dos ramos. A cabe\u00e7a de corte girat\u00f3ria com 8 posi\u00e7\u00f5es permite um corte vers\u00e1til. O 0640 vem com uma haste extensora que aumenta a ferramenta para um comprimento total de 3 metros e que pode ser removida para armazenamento compacto ap\u00f3s o uso. O protetor para a extremidade da l\u00e2mina evita danos na l\u00e2mina se ela bater na parede ou na cerca. Adicionalmente, o corta-sebes telesc\u00f3pico possui o design \u00abEasy Storage\u00bb da SKIL para um armazenamento organizado da ferramenta de jardim. O SKIL 0640 CA \u00e9 fornecido com uma haste extensora, uma capa para l\u00e2mina, uma al\u00e7a a tiracolo, um gancho \u00abEasy Storage\u00bb e \u00abU link\u00bb.<\/p>\n<p><strong>Caracter\u00edsticas:<\/strong><\/p>\n<ul>\n<li>Potente corta-sebes telesc\u00f3pico sem fio com tecnologia de i\u00f5es de l\u00edtio \u00ab20V Max\u00bb (18 V) para o corte de \u00e1rvores e arbustos altos e dif\u00edceis de alcan\u00e7ar<\/li>\n<li>L\u00e2mina de 45 cm com abertura de l\u00e2mina de 18 mm para cortar atrav\u00e9s dos ramos<\/li>\n<li>Cabe\u00e7a de corte girat\u00f3ria, com 8 posi\u00e7\u00f5es para um corte vers\u00e1til<\/li>\n<li>Haste de extens\u00e3o amov\u00edvel para um comprimento total de 3 metros ou armazenamento compacto ap\u00f3s utiliza\u00e7\u00e3o<\/li>\n<li>Protetor para a extremidade da l\u00e2mina evita danos na l\u00e2mina se ela bater na parede ou na cerca<\/li>\n<li>Design \u00abEasy Storage\u00bb para um armazenamento organizado e economizador de espa\u00e7o da ferramenta<\/li>\n<li>Tecnologia de i\u00f5es de l\u00edtio: sem efeito mem\u00f3ria, sem descarga espont\u00e2nea e sempre pronta a utilizar<\/li>\n<\/ul>\n<\/div>\n<p>&nbsp;<\/p>","protected":false},"excerpt":{"rendered":"<p>O \u00ab20V Max\u00bb (18 V) SKIL 0640 \u00e9 um corta-sebes telesc\u00f3pico sem fio para cortar sem escadas ramos ou arbustos<\/p>","protected":false},"featured_media":31171,"template":"","meta":[],"product_brand":[],"product_cat":[34],"product_tag":[],"class_list":{"0":"post-29458","1":"product","2":"type-product","3":"status-publish","4":"has-post-thumbnail","6":"product_cat-ferramentas-eletricas","8":"first","9":"instock","10":"sale","11":"taxable","12":"shipping-taxable","13":"purchasable","14":"product-type-simple"},"_links":{"self":[{"href":"https:\/\/equipment-pt3.com\/en\/wp-json\/wp\/v2\/product\/29458","targetHints":{"allow":["GET"]}}],"collection":[{"href":"https:\/\/equipment-pt3.com\/en\/wp-json\/wp\/v2\/product"}],"about":[{"href":"https:\/\/equipment-pt3.com\/en\/wp-json\/wp\/v2\/types\/product"}],"version-history":[{"count":2,"href":"https:\/\/equipment-pt3.com\/en\/wp-json\/wp\/v2\/product\/29458\/revisions"}],"predecessor-version":[{"id":31181,"href":"https:\/\/equipment-pt3.com\/en\/wp-json\/wp\/v2\/product\/29458\/revisions\/31181"}],"wp:featuredmedia":[{"embeddable":true,"href":"https:\/\/equipment-pt3.com\/en\/wp-json\/wp\/v2\/media\/31171"}],"wp:attachment":[{"href":"https:\/\/equipment-pt3.com\/en\/wp-json\/wp\/v2\/media?parent=29458"}],"wp:term":[{"taxonomy":"product_brand","embeddable":true,"href":"https:\/\/equipment-pt3.com\/en\/wp-json\/wp\/v2\/product_brand?post=29458"},{"taxonomy":"product_cat","embeddable":true,"href":"https:\/\/equipment-pt3.com\/en\/wp-json\/wp\/v2\/product_cat?post=29458"},{"taxonomy":"product_tag","embeddable":true,"href":"https:\/\/equipment-pt3.com\/en\/wp-json\/wp\/v2\/product_tag?post=29458"}],"curies":[{"name":"wp","href":"https:\/\/api.w.org\/{rel}","templated":true}]}}