{"id":29459,"date":"2026-02-03T13:10:35","date_gmt":"2026-02-03T13:10:35","guid":{"rendered":"https:\/\/equipment-pt3.com\/produto\/skil-0650-ca-serra-telescopica-sem-fios\/"},"modified":"2026-02-17T15:16:06","modified_gmt":"2026-02-17T15:16:06","slug":"skil-0650-ca-serra-telescopica-sem-fios","status":"publish","type":"product","link":"https:\/\/equipment-pt3.com\/en\/product\/skil-0650-ca-serra-telescopica-sem-fios\/","title":{"rendered":"SKIL 0650 CA Serra telesc\u00f3pica &#8211; sem fios"},"content":{"rendered":"<p>A \u00ab20V Max\u00bb (18 V) SKIL 0650 \u00e9 uma serra telesc\u00f3pica sem fio para serrar sem escadas ramos altos e dif\u00edceis de alcan\u00e7ar. A serra telesc\u00f3pica est\u00e1 equipada com uma barra e correte de 20 cm para facilitar a tarefa. A tens\u00e3o da corrente pode ser ajustada rapidamente, sem necessidade de quaisquer ferramentas e a lubrifica\u00e7\u00e3o da corrente ocorre automaticamente. Estas fun\u00e7\u00f5es economizadoras de tempo permitem-lhe focar-se mais nas suas tarefas de serragem. A cabe\u00e7a de corte girat\u00f3ria com 8 posi\u00e7\u00f5es permite serrar de forma vers\u00e1til. A 0650 vem com uma haste extensora que aumenta a ferramenta para um comprimento total de 3 metros e que pode ser removida para armazenamento compacto ap\u00f3s o uso. Adicionalmente, esta serra telesc\u00f3pica possui o design \u00abEasy Storage\u00bb da SKIL para um armazenamento organizado da ferramenta de jardim. A SKIL 0650 CA \u00e9 fornecida com uma haste extensora, uma capa para l\u00e2mina, uma al\u00e7a a tiracolo, um gancho \u00abEasy Storage\u00bb e \u00abU link\u00bb.<\/p>\n<p><strong>Caracteristicas:<\/strong><\/p>\n<ul>\n<li>Potente serra telesc\u00f3pica sem fio com tecnologia de i\u00f5es de l\u00edtio \u00ab20V Max\u00bb (18 V) para serrar ramos altos e dif\u00edceis de alcan\u00e7ar<\/li>\n<li>Barra e corrente de 20 cm para poda e corte eficazes<\/li>\n<li>Sistema de tensionamento da corrente SDS para substitui\u00e7\u00e3o e ajuste f\u00e1ceis da corrente<\/li>\n<li>Cabe\u00e7a de corte girat\u00f3ria, com 8 posi\u00e7\u00f5es para um corte vers\u00e1til<\/li>\n<li>Haste de extens\u00e3o amov\u00edvel para um comprimento total de 3 metros ou armazenamento compacto ap\u00f3s utiliza\u00e7\u00e3o<\/li>\n<li>Lubrifica\u00e7\u00e3o autom\u00e1tica da corrente para comodidade do utilizador<\/li>\n<li>Design \u00abEasy Storage\u00bb para um armazenamento organizado e economizador de espa\u00e7o da ferramenta<\/li>\n<li>Tecnologia de i\u00f5es de l\u00edtio: sem efeito mem\u00f3ria, sem descarga espont\u00e2nea e sempre pronta a utilizar<\/li>\n<\/ul>","protected":false},"excerpt":{"rendered":"<p>A \u00ab20V Max\u00bb (18 V) SKIL 0650 \u00e9 uma serra telesc\u00f3pica sem fio para serrar sem escadas ramos altos e<\/p>","protected":false},"featured_media":30029,"template":"","meta":[],"product_brand":[67],"product_cat":[98,34],"product_tag":[],"class_list":{"0":"post-29459","1":"product","2":"type-product","3":"status-publish","4":"has-post-thumbnail","6":"product_brand-skil","7":"product_cat-ferramentas-de-corte","8":"product_cat-ferramentas-eletricas","10":"first","11":"instock","12":"sale","13":"purchasable","14":"product-type-simple"},"_links":{"self":[{"href":"https:\/\/equipment-pt3.com\/en\/wp-json\/wp\/v2\/product\/29459","targetHints":{"allow":["GET"]}}],"collection":[{"href":"https:\/\/equipment-pt3.com\/en\/wp-json\/wp\/v2\/product"}],"about":[{"href":"https:\/\/equipment-pt3.com\/en\/wp-json\/wp\/v2\/types\/product"}],"version-history":[{"count":3,"href":"https:\/\/equipment-pt3.com\/en\/wp-json\/wp\/v2\/product\/29459\/revisions"}],"predecessor-version":[{"id":30028,"href":"https:\/\/equipment-pt3.com\/en\/wp-json\/wp\/v2\/product\/29459\/revisions\/30028"}],"wp:featuredmedia":[{"embeddable":true,"href":"https:\/\/equipment-pt3.com\/en\/wp-json\/wp\/v2\/media\/30029"}],"wp:attachment":[{"href":"https:\/\/equipment-pt3.com\/en\/wp-json\/wp\/v2\/media?parent=29459"}],"wp:term":[{"taxonomy":"product_brand","embeddable":true,"href":"https:\/\/equipment-pt3.com\/en\/wp-json\/wp\/v2\/product_brand?post=29459"},{"taxonomy":"product_cat","embeddable":true,"href":"https:\/\/equipment-pt3.com\/en\/wp-json\/wp\/v2\/product_cat?post=29459"},{"taxonomy":"product_tag","embeddable":true,"href":"https:\/\/equipment-pt3.com\/en\/wp-json\/wp\/v2\/product_tag?post=29459"}],"curies":[{"name":"wp","href":"https:\/\/api.w.org\/{rel}","templated":true}]}}