{"id":29460,"date":"2026-02-03T13:10:35","date_gmt":"2026-02-03T13:10:35","guid":{"rendered":"https:\/\/equipment-pt3.com\/produto\/skil-0660-aa-escova-para-relva-sem-fio\/"},"modified":"2026-02-12T10:35:54","modified_gmt":"2026-02-12T10:35:54","slug":"skil-0660-aa-escova-para-relva-sem-fio","status":"publish","type":"product","link":"https:\/\/equipment-pt3.com\/en\/product\/skil-0660-aa-escova-para-relva-sem-fio\/","title":{"rendered":"SKIL 0660 AA Escova para relva sem fio"},"content":{"rendered":"<p>A potente SKIL 0660 \u201c20V Max\u201d (18 V) \u00e9 uma escova para ervas daninhas sem fios, ideal para a remo\u00e7\u00e3o f\u00e1cil e ecol\u00f3gica de ervas indesejadas. A 0660 remove de forma r\u00e1pida e eficiente ervas resistentes, musgo e pequenas plantas que crescem entre as juntas de pavimentos em caminhos, p\u00e1tios ou acessos. J\u00e1 n\u00e3o \u00e9 necess\u00e1rio remover ervas manualmente, evitando dores nos joelhos e nas costas, nem utilizar pesticidas t\u00f3xicos prejudiciais ao ambiente.<\/p>\n<p>A escova para ervas daninhas tem um di\u00e2metro m\u00e1ximo da escova de 125 mm, sendo as escovas facilmente substitu\u00edveis atrav\u00e9s do sistema de bloqueio do veio. O ajuste telesc\u00f3pico em altura permite encontrar sempre uma posi\u00e7\u00e3o de trabalho confort\u00e1vel. O utilizador beneficia ainda de uma orienta\u00e7\u00e3o clara gra\u00e7as ao indicador de escova integrado, que pode ser facilmente alinhado com a junta a limpar. Al\u00e9m disso, a roda guia assegura uma estabilidade ideal durante o trabalho.<\/p>\n<p>Gra\u00e7as ao exclusivo design Easy Storage da SKIL, esta ferramenta ocupa um espa\u00e7o m\u00ednimo de arruma\u00e7\u00e3o e pode ser guardada de forma organizada ap\u00f3s a utiliza\u00e7\u00e3o.<\/p>\n<p>A SKIL 0660 AA \u00e9 fornecida com uma escova met\u00e1lica, uma bateria \u201c20V Max\u201d (18 V) de 2,0 Ah \u201cKeep Cool\u201d, um carregador r\u00e1pido e um gancho Easy Storage.<\/p>\n<p>&nbsp;<\/p>\n<p>&nbsp;<\/p>","protected":false},"excerpt":{"rendered":"<p>A potente SKIL 0660 \u201c20V Max\u201d (18 V) \u00e9 uma escova para ervas daninhas sem fios, ideal para a remo\u00e7\u00e3o<\/p>","protected":false},"featured_media":30088,"template":"","meta":[],"product_brand":[],"product_cat":[34],"product_tag":[],"class_list":{"0":"post-29460","1":"product","2":"type-product","3":"status-publish","4":"has-post-thumbnail","6":"product_cat-ferramentas-eletricas","8":"first","9":"instock","10":"sale","11":"purchasable","12":"product-type-simple"},"_links":{"self":[{"href":"https:\/\/equipment-pt3.com\/en\/wp-json\/wp\/v2\/product\/29460","targetHints":{"allow":["GET"]}}],"collection":[{"href":"https:\/\/equipment-pt3.com\/en\/wp-json\/wp\/v2\/product"}],"about":[{"href":"https:\/\/equipment-pt3.com\/en\/wp-json\/wp\/v2\/types\/product"}],"version-history":[{"count":2,"href":"https:\/\/equipment-pt3.com\/en\/wp-json\/wp\/v2\/product\/29460\/revisions"}],"predecessor-version":[{"id":30089,"href":"https:\/\/equipment-pt3.com\/en\/wp-json\/wp\/v2\/product\/29460\/revisions\/30089"}],"wp:featuredmedia":[{"embeddable":true,"href":"https:\/\/equipment-pt3.com\/en\/wp-json\/wp\/v2\/media\/30088"}],"wp:attachment":[{"href":"https:\/\/equipment-pt3.com\/en\/wp-json\/wp\/v2\/media?parent=29460"}],"wp:term":[{"taxonomy":"product_brand","embeddable":true,"href":"https:\/\/equipment-pt3.com\/en\/wp-json\/wp\/v2\/product_brand?post=29460"},{"taxonomy":"product_cat","embeddable":true,"href":"https:\/\/equipment-pt3.com\/en\/wp-json\/wp\/v2\/product_cat?post=29460"},{"taxonomy":"product_tag","embeddable":true,"href":"https:\/\/equipment-pt3.com\/en\/wp-json\/wp\/v2\/product_tag?post=29460"}],"curies":[{"name":"wp","href":"https:\/\/api.w.org\/{rel}","templated":true}]}}