{"id":29461,"date":"2026-02-03T13:10:35","date_gmt":"2026-02-03T13:10:35","guid":{"rendered":"https:\/\/equipment-pt3.com\/produto\/skil-0660-ca-escova-para-relva-sem-fio\/"},"modified":"2026-02-12T10:35:53","modified_gmt":"2026-02-12T10:35:53","slug":"skil-0660-ca-escova-para-relva-sem-fio","status":"publish","type":"product","link":"https:\/\/equipment-pt3.com\/en\/product\/skil-0660-ca-escova-para-relva-sem-fio\/","title":{"rendered":"SKIL 0660 CA Escova para relva sem fio"},"content":{"rendered":"<p><strong>Caracteristicas:<\/strong><\/p>\n<ul>\n<li>PWRCORE 20\u2122: tecnologia avan\u00e7ada de baterias l\u00edder no setor, como fonte de energia para todas as ferramentas SKIL 20V Max<\/li>\n<li>Motor potente para remo\u00e7\u00e3o de ervas daninhas sem esfor\u00e7o<\/li>\n<li>Ajuste telesc\u00f3pico em altura para um trabalho confort\u00e1vel<\/li>\n<li>Segundo punho ajust\u00e1vel para maior conforto e controlo durante a utiliza\u00e7\u00e3o<\/li>\n<li>Indicador da escova na parte superior da cobertura<\/li>\n<li>Roda guia para estabilidade ideal<\/li>\n<li>Bloqueio do veio para troca r\u00e1pida da escova<\/li>\n<li>Trabalho confort\u00e1vel: sem dores nos joelhos ou nas costas<\/li>\n<li>Solu\u00e7\u00e3o ecol\u00f3gica: dispensa o uso de herbicidas<\/li>\n<li>Design Easy Storage para uma arruma\u00e7\u00e3o compacta e organizada da ferramenta<\/li>\n<li>KEEPCOOL\u2122: tecnologia patenteada de arrefecimento da bateria que proporciona at\u00e9 25% mais tempo de funcionamento e o dobro da vida \u00fatil<\/li>\n<\/ul>","protected":false},"excerpt":{"rendered":"<p>Caracteristicas: PWRCORE 20\u2122: tecnologia avan\u00e7ada de baterias l\u00edder no setor, como fonte de energia para todas as ferramentas SKIL 20V<\/p>","protected":false},"featured_media":30034,"template":"","meta":[],"product_brand":[],"product_cat":[34],"product_tag":[],"class_list":{"0":"post-29461","1":"product","2":"type-product","3":"status-publish","4":"has-post-thumbnail","6":"product_cat-ferramentas-eletricas","8":"first","9":"instock","10":"sale","11":"purchasable","12":"product-type-simple"},"_links":{"self":[{"href":"https:\/\/equipment-pt3.com\/en\/wp-json\/wp\/v2\/product\/29461","targetHints":{"allow":["GET"]}}],"collection":[{"href":"https:\/\/equipment-pt3.com\/en\/wp-json\/wp\/v2\/product"}],"about":[{"href":"https:\/\/equipment-pt3.com\/en\/wp-json\/wp\/v2\/types\/product"}],"version-history":[{"count":3,"href":"https:\/\/equipment-pt3.com\/en\/wp-json\/wp\/v2\/product\/29461\/revisions"}],"predecessor-version":[{"id":30043,"href":"https:\/\/equipment-pt3.com\/en\/wp-json\/wp\/v2\/product\/29461\/revisions\/30043"}],"wp:featuredmedia":[{"embeddable":true,"href":"https:\/\/equipment-pt3.com\/en\/wp-json\/wp\/v2\/media\/30034"}],"wp:attachment":[{"href":"https:\/\/equipment-pt3.com\/en\/wp-json\/wp\/v2\/media?parent=29461"}],"wp:term":[{"taxonomy":"product_brand","embeddable":true,"href":"https:\/\/equipment-pt3.com\/en\/wp-json\/wp\/v2\/product_brand?post=29461"},{"taxonomy":"product_cat","embeddable":true,"href":"https:\/\/equipment-pt3.com\/en\/wp-json\/wp\/v2\/product_cat?post=29461"},{"taxonomy":"product_tag","embeddable":true,"href":"https:\/\/equipment-pt3.com\/en\/wp-json\/wp\/v2\/product_tag?post=29461"}],"curies":[{"name":"wp","href":"https:\/\/api.w.org\/{rel}","templated":true}]}}