{"id":29462,"date":"2026-02-03T13:10:35","date_gmt":"2026-02-03T13:10:35","guid":{"rendered":"https:\/\/equipment-pt3.com\/produto\/skil-0670-ca-pa-de-neve-a-bateria-brushless\/"},"modified":"2026-02-12T10:35:53","modified_gmt":"2026-02-12T10:35:53","slug":"skil-0670-ca-pa-de-neve-a-bateria-brushless","status":"publish","type":"product","link":"https:\/\/equipment-pt3.com\/en\/product\/skil-0670-ca-pa-de-neve-a-bateria-brushless\/","title":{"rendered":"SKIL 0670 CA p\u00e1 de neve a bateria &#8220;Brushless&#8221;"},"content":{"rendered":"<p>A SKIL 0670 \u00e9 uma limpa-neves alimentada por bateria 20V Max. Tal como todas as outras ferramentas SKIL 20V Max a bateria, estes modelos s\u00e3o alimentados por baterias PWRCORE 20\u2122, l\u00edderes no setor em tecnologia avan\u00e7ada de baterias e carregamento.<\/p>\n<p>A limpa-neves SKIL 0670 remove rapidamente a neve de passeios, p\u00e1tios e acessos. Com uma largura de trabalho de 25 cm e pot\u00eancia suficiente para lidar com profundidades de neve at\u00e9 15 cm, permite limpar caminhos sem esfor\u00e7o. Remove a neve de forma eficiente gra\u00e7as \u00e0 impressionante dist\u00e2ncia de lan\u00e7amento de at\u00e9 6 metros.<\/p>\n<p>O conforto de utiliza\u00e7\u00e3o \u00e9 aumentado atrav\u00e9s do ajuste telesc\u00f3pico em altura e do design ergon\u00f3mico do punho. Gra\u00e7as ao exclusivo design EASY STORAGE da SKIL, esta ferramenta ocupa um espa\u00e7o m\u00ednimo de arruma\u00e7\u00e3o ap\u00f3s a utiliza\u00e7\u00e3o.<\/p>\n<p>A SKIL 0670 CA \u00e9 fornecida com um gancho EASY STORAGE. Bateria e carregador n\u00e3o inclu\u00eddos.<\/p>\n<p>&nbsp;<\/p>\n<p><strong>Caracteristicas:<\/strong><\/p>\n<ul>\n<li>Largura de trabalho de 25 cm para limpeza de caminhos, p\u00e1tios, terra\u00e7os e acessos<\/li>\n<li>Remo\u00e7\u00e3o pr\u00e1tica de neve at\u00e9 15 cm de profundidade<\/li>\n<li>Remove a neve de forma eficiente gra\u00e7as a uma dist\u00e2ncia de lan\u00e7amento de at\u00e9 6 metros<\/li>\n<li>Ajuste telesc\u00f3pico em altura para maior conforto durante o trabalho<\/li>\n<li>Design ergon\u00f3mico do punho para maior conforto<\/li>\n<li>Design \u201cEasy Storage\u201d para uma arruma\u00e7\u00e3o compacta e organizada das ferramentas<\/li>\n<\/ul>","protected":false},"excerpt":{"rendered":"<p>A SKIL 0670 \u00e9 uma limpa-neves alimentada por bateria 20V Max. Tal como todas as outras ferramentas SKIL 20V Max<\/p>","protected":false},"featured_media":30005,"template":"","meta":[],"product_brand":[67],"product_cat":[34],"product_tag":[],"class_list":{"0":"post-29462","1":"product","2":"type-product","3":"status-publish","4":"has-post-thumbnail","6":"product_brand-skil","7":"product_cat-ferramentas-eletricas","9":"first","10":"instock","11":"sale","12":"purchasable","13":"product-type-simple"},"_links":{"self":[{"href":"https:\/\/equipment-pt3.com\/en\/wp-json\/wp\/v2\/product\/29462","targetHints":{"allow":["GET"]}}],"collection":[{"href":"https:\/\/equipment-pt3.com\/en\/wp-json\/wp\/v2\/product"}],"about":[{"href":"https:\/\/equipment-pt3.com\/en\/wp-json\/wp\/v2\/types\/product"}],"version-history":[{"count":3,"href":"https:\/\/equipment-pt3.com\/en\/wp-json\/wp\/v2\/product\/29462\/revisions"}],"predecessor-version":[{"id":30006,"href":"https:\/\/equipment-pt3.com\/en\/wp-json\/wp\/v2\/product\/29462\/revisions\/30006"}],"wp:featuredmedia":[{"embeddable":true,"href":"https:\/\/equipment-pt3.com\/en\/wp-json\/wp\/v2\/media\/30005"}],"wp:attachment":[{"href":"https:\/\/equipment-pt3.com\/en\/wp-json\/wp\/v2\/media?parent=29462"}],"wp:term":[{"taxonomy":"product_brand","embeddable":true,"href":"https:\/\/equipment-pt3.com\/en\/wp-json\/wp\/v2\/product_brand?post=29462"},{"taxonomy":"product_cat","embeddable":true,"href":"https:\/\/equipment-pt3.com\/en\/wp-json\/wp\/v2\/product_cat?post=29462"},{"taxonomy":"product_tag","embeddable":true,"href":"https:\/\/equipment-pt3.com\/en\/wp-json\/wp\/v2\/product_tag?post=29462"}],"curies":[{"name":"wp","href":"https:\/\/api.w.org\/{rel}","templated":true}]}}