{"id":29464,"date":"2026-02-03T13:10:35","date_gmt":"2026-02-03T13:10:35","guid":{"rendered":"https:\/\/equipment-pt3.com\/produto\/skil-1491-db-multiferramenta\/"},"modified":"2026-02-17T15:18:05","modified_gmt":"2026-02-17T15:18:05","slug":"skil-1491-db-multiferramenta","status":"publish","type":"product","link":"https:\/\/equipment-pt3.com\/en\/product\/skil-1491-db-multiferramenta\/","title":{"rendered":"SKIL 1491 DB Multiferramenta"},"content":{"rendered":"<p>A SKIL 1491 \u00e9 uma multiferramenta potente de 300 W com velocidade vari\u00e1vel para os melhores resultados em v\u00e1rios materiais. Boa visibilidade do seu trabalho gra\u00e7as \u00e0 ilumina\u00e7\u00e3o LED. O batente de profundidade inclu\u00eddo, que \u00e9 ajust\u00e1vel at\u00e9 60 mm, evita o desgaste r\u00e1pido dos acess\u00f3rios e o dano acidental dos materiais por baixo da pe\u00e7a a ser trabalhada. Ao trocar os acess\u00f3rios fornecidos, pode utilizar esta multiferramenta para uma grande variedade de trabalhos de bricolage tais como lixar, serrar e cortar. A multiferramenta \u00e9 compat\u00edvel com os acess\u00f3rios b\u00e1sicos \u00abStarlock\u00bb e acess\u00f3rios \u00abOIS\u00bb amplamente dispon\u00edveis, de forma que encontrar\u00e1 sempre o acess\u00f3rio adequado para o seu trabalho. Para trabalhar de forma mais limpa durante o trabalho de lixamento, pode conectar esta ferramenta ao adaptador para aspirador fornecido que \u00e9 compat\u00edvel com a maioria dos aspiradores de tamanho padr\u00e3o. Al\u00e9m disso, o design ergon\u00f3mico com Softgrip assegura um conforto de trabalho extra. A SKIL 1491 DB \u00e9 fornecida com 9 folhas de lixa, uma placa base de lixamento, um batente de profundidade, l\u00e2mina de serra segmentada, l\u00e2mina de corte por imers\u00e3o e adaptador para aspirador.<\/p>\n<p><strong>Caracteristicas:<\/strong><\/p>\n<ul>\n<li>Ilumina\u00e7\u00e3o LED: Disp\u00f5e de uma boa visibilidade durante a utiliza\u00e7\u00e3o;<\/li>\n<li>Batente de Profundidade: Ajust\u00e1vel at\u00e9 60mm, evitando o desgaste r\u00e1pido dos acess\u00f3rios e o dano acidental dos materiais por debaixo da pe\u00e7a a ser trabalhada;<\/li>\n<li>Compatibilidade: \u00c9 compat\u00edvel com os acess\u00f3rios b\u00e1sicos \u201cStarlock\u201d e os acess\u00f3rios \u201cOIS\u201d, assim poder\u00e1 ter sempre op\u00e7\u00f5es adequadas para o seu trabalho;<\/li>\n<li>Adaptador para Aspirador: Para uma utiliza\u00e7\u00e3o mais limpa, \u00e9 compat\u00edvel com a maioria dos aspiradores de tamanho padr\u00e3o;<\/li>\n<\/ul>","protected":false},"excerpt":{"rendered":"<p>A SKIL 1491 \u00e9 uma multiferramenta potente de 300 W com velocidade vari\u00e1vel para os melhores resultados em v\u00e1rios materiais.<\/p>","protected":false},"featured_media":30060,"template":"","meta":[],"product_brand":[67],"product_cat":[34],"product_tag":[],"class_list":{"0":"post-29464","1":"product","2":"type-product","3":"status-publish","4":"has-post-thumbnail","6":"product_brand-skil","7":"product_cat-ferramentas-eletricas","9":"first","10":"instock","11":"sale","12":"purchasable","13":"product-type-simple"},"_links":{"self":[{"href":"https:\/\/equipment-pt3.com\/en\/wp-json\/wp\/v2\/product\/29464","targetHints":{"allow":["GET"]}}],"collection":[{"href":"https:\/\/equipment-pt3.com\/en\/wp-json\/wp\/v2\/product"}],"about":[{"href":"https:\/\/equipment-pt3.com\/en\/wp-json\/wp\/v2\/types\/product"}],"version-history":[{"count":4,"href":"https:\/\/equipment-pt3.com\/en\/wp-json\/wp\/v2\/product\/29464\/revisions"}],"predecessor-version":[{"id":30066,"href":"https:\/\/equipment-pt3.com\/en\/wp-json\/wp\/v2\/product\/29464\/revisions\/30066"}],"wp:featuredmedia":[{"embeddable":true,"href":"https:\/\/equipment-pt3.com\/en\/wp-json\/wp\/v2\/media\/30060"}],"wp:attachment":[{"href":"https:\/\/equipment-pt3.com\/en\/wp-json\/wp\/v2\/media?parent=29464"}],"wp:term":[{"taxonomy":"product_brand","embeddable":true,"href":"https:\/\/equipment-pt3.com\/en\/wp-json\/wp\/v2\/product_brand?post=29464"},{"taxonomy":"product_cat","embeddable":true,"href":"https:\/\/equipment-pt3.com\/en\/wp-json\/wp\/v2\/product_cat?post=29464"},{"taxonomy":"product_tag","embeddable":true,"href":"https:\/\/equipment-pt3.com\/en\/wp-json\/wp\/v2\/product_tag?post=29464"}],"curies":[{"name":"wp","href":"https:\/\/api.w.org\/{rel}","templated":true}]}}