{"id":29465,"date":"2026-02-03T13:10:35","date_gmt":"2026-02-03T13:10:35","guid":{"rendered":"https:\/\/equipment-pt3.com\/produto\/skil-3650-ga-multiferramenta-sem-fio-xp-brushless\/"},"modified":"2026-02-17T15:19:12","modified_gmt":"2026-02-17T15:19:12","slug":"skil-3650-ga-multiferramenta-sem-fio-xp-brushless","status":"publish","type":"product","link":"https:\/\/equipment-pt3.com\/en\/product\/skil-3650-ga-multiferramenta-sem-fio-xp-brushless\/","title":{"rendered":"SKIL 3650 GA Multiferramenta sem fio \u00abXP brushless"},"content":{"rendered":"<p>A SKIL 3650 \u201c20V Max\u201d (18 V) \u00e9 uma potente ferramenta multifun\u00e7\u00f5es sem fios e faz parte da gama SKIL \u201cXP brushless\u201d. As ferramentas \u201cXP\u201d oferecem desempenho e durabilidade excecionais gra\u00e7as a especifica\u00e7\u00f5es elevadas e a motores digitais sem escovas avan\u00e7ados. Tal como todas as outras ferramentas sem fios \u201c20V Max\u201d, este modelo \u00e9 alimentado pela avan\u00e7ada tecnologia de baterias e carregadores \u201cPWRCORE 20\u2122\u201d, l\u00edder no mercado.<\/p>\n<p>A ferramenta sem escovas SKIL 3650 oferece um amplo \u00e2ngulo de oscila\u00e7\u00e3o de 3,6\u00b0 e velocidade vari\u00e1vel para resultados ideais em diferentes materiais. O sistema exclusivo \u201cVRS+\u201d reduz as vibra\u00e7\u00f5es para um n\u00edvel extremamente baixo, garantindo um trabalho consistente e confort\u00e1vel. A cabe\u00e7a de corte est\u00e1 desacoplada do corpo principal da ferramenta e o motor \u00e9 amortecido por elementos de espuma que absorvem a oscila\u00e7\u00e3o.<\/p>\n<p>O motor digital sem escovas fornece mais pot\u00eancia, maior efici\u00eancia e dura at\u00e9 10 vezes mais do que um motor com escovas convencional. Com a troca dos acess\u00f3rios inclu\u00eddos, esta ferramenta \u00e9 ideal para uma vasta gama de trabalhos de bricolage, como lixar, serrar e cortar. A alavanca de liberta\u00e7\u00e3o r\u00e1pida facilita a troca de acess\u00f3rios.<\/p>\n<p>Compat\u00edvel com uma ampla gama de acess\u00f3rios padr\u00e3o \u201cStarlock\u201d e \u201cOIS\u201d, garante que encontrar\u00e1 sempre o acess\u00f3rio certo. As luzes LED duplas asseguram boa visibilidade durante o trabalho.<\/p>\n<p>O carregador \u201cPWRJUMP\u2122\u201d carrega a bateria \u201cPWRCORE 20\u2122\u201d de 2,0 Ah de 0% a 25% nos primeiros 5 minutos. A bateria \u201cPWRASSIST\u2122\u201d inclui uma porta USB-A integrada para alimentar dispositivos m\u00f3veis.<\/p>\n<p>A SKIL 3650 GA \u00e9 fornecida numa mala com uma bateria \u201cPWRASSIST\u2122 KEEPCOOL\u2122\u201d de 2,0 Ah, um carregador ultrarr\u00e1pido \u201cAuto PWRJUMP\u2122\u201d de 6,0 A, 9 folhas de lixa, uma base de lixagem, uma l\u00e2mina segmentada, 2 l\u00e2minas de corte por imers\u00e3o e 2 l\u00e2minas raspadoras.<\/p>\n<p><strong>Caracteristicas:<\/strong><\/p>\n<ul>\n<li>\u201cPWRASSIST\u2122\u201d: porta USB integrada para carregar dispositivos m\u00f3veis em movimento<\/li>\n<li>Alavanca de liberta\u00e7\u00e3o r\u00e1pida para troca f\u00e1cil de acess\u00f3rios<\/li>\n<li>\u201cACTIVCELL\u2122\u201d: intera\u00e7\u00e3o inteligente patenteada para m\u00e1ximo desempenho e prote\u00e7\u00e3o da bateria<\/li>\n<li>Motor digital sem escovas: mais pot\u00eancia, maior efici\u00eancia e vida \u00fatil at\u00e9 10 vezes superior<\/li>\n<li>\u00c2ngulo de oscila\u00e7\u00e3o amplo de 3,6\u00b0 para cortes mais r\u00e1pidos<\/li>\n<li>\u201cKEEPCOOL\u2122\u201d: tecnologia de arrefecimento patenteada que aumenta o tempo de funcionamento e a vida \u00fatil da bateria<\/li>\n<li>Sistema universal de acess\u00f3rios: compat\u00edvel com acess\u00f3rios \u201cStarlock\u201d e \u201cOIS\u201d<\/li>\n<li>\u201cVRS+\u201d: vibra\u00e7\u00f5es ultra reduzidas durante o funcionamento<\/li>\n<li>SKIL \u201cXP\u201d: desempenho excecional gra\u00e7as a especifica\u00e7\u00f5es elevadas e tecnologia avan\u00e7ada de bateria e motor<\/li>\n<li>Design ergon\u00f3mico com punho macio para maior conforto e controlo<\/li>\n<li>\u201cAuto PWRJUMP\u2122\u201d: carrega a bateria de 0 a 25% em 5 minutos (bateria de 2,0 Ah \/ carga total em 30 minutos)<\/li>\n<li>Controlo de velocidade vari\u00e1vel para m\u00e1xima precis\u00e3o<\/li>\n<li>Luz LED para melhor visibilidade em zonas escuras<\/li>\n<li>Tecnologia de l\u00edtio: sem efeito de mem\u00f3ria e sem autodescarga<\/li>\n<\/ul>","protected":false},"excerpt":{"rendered":"<p>A SKIL 3650 \u201c20V Max\u201d (18 V) \u00e9 uma potente ferramenta multifun\u00e7\u00f5es sem fios e faz parte da gama SKIL<\/p>","protected":false},"featured_media":30074,"template":"","meta":[],"product_brand":[67],"product_cat":[34],"product_tag":[],"class_list":{"0":"post-29465","1":"product","2":"type-product","3":"status-publish","4":"has-post-thumbnail","6":"product_brand-skil","7":"product_cat-ferramentas-eletricas","9":"first","10":"instock","11":"sale","12":"purchasable","13":"product-type-simple"},"_links":{"self":[{"href":"https:\/\/equipment-pt3.com\/en\/wp-json\/wp\/v2\/product\/29465","targetHints":{"allow":["GET"]}}],"collection":[{"href":"https:\/\/equipment-pt3.com\/en\/wp-json\/wp\/v2\/product"}],"about":[{"href":"https:\/\/equipment-pt3.com\/en\/wp-json\/wp\/v2\/types\/product"}],"version-history":[{"count":3,"href":"https:\/\/equipment-pt3.com\/en\/wp-json\/wp\/v2\/product\/29465\/revisions"}],"predecessor-version":[{"id":30068,"href":"https:\/\/equipment-pt3.com\/en\/wp-json\/wp\/v2\/product\/29465\/revisions\/30068"}],"wp:featuredmedia":[{"embeddable":true,"href":"https:\/\/equipment-pt3.com\/en\/wp-json\/wp\/v2\/media\/30074"}],"wp:attachment":[{"href":"https:\/\/equipment-pt3.com\/en\/wp-json\/wp\/v2\/media?parent=29465"}],"wp:term":[{"taxonomy":"product_brand","embeddable":true,"href":"https:\/\/equipment-pt3.com\/en\/wp-json\/wp\/v2\/product_brand?post=29465"},{"taxonomy":"product_cat","embeddable":true,"href":"https:\/\/equipment-pt3.com\/en\/wp-json\/wp\/v2\/product_cat?post=29465"},{"taxonomy":"product_tag","embeddable":true,"href":"https:\/\/equipment-pt3.com\/en\/wp-json\/wp\/v2\/product_tag?post=29465"}],"curies":[{"name":"wp","href":"https:\/\/api.w.org\/{rel}","templated":true}]}}