{"id":29466,"date":"2026-02-03T13:10:35","date_gmt":"2026-02-03T13:10:35","guid":{"rendered":"https:\/\/equipment-pt3.com\/produto\/skil-1910-aa-nivel-laser\/"},"modified":"2026-02-17T15:19:37","modified_gmt":"2026-02-17T15:19:37","slug":"skil-1910-aa-nivel-laser","status":"publish","type":"product","link":"https:\/\/equipment-pt3.com\/en\/product\/skil-1910-aa-nivel-laser\/","title":{"rendered":"SKIL 1910 AA N\u00edvel laser"},"content":{"rendered":"<div class=\"\">\n<div class=\"description\">\n<p>O SKIL 1910 \u00e9 um n\u00edvel laser que projeta uma linha laser precisa cruzada, horizontal e vertical. Este constitui um aux\u00edlio importante durante os trabalhos de bricolage, tais como a coloca\u00e7\u00e3o de ladrilhos e decora\u00e7\u00e3o de paredes ou suspens\u00e3o de prateleiras. Este n\u00edvel laser disp\u00f5e de uma bateria de i\u00f5es de l\u00edtio integrada que pode ser facilmente carregada atrav\u00e9s da porta de carregamento micro USB integrada. As linhas laser s\u00e3o niveladas automaticamente no modo de autonivelamento. E quando estiver a trabalhar numa tarefa de bricolage que n\u00e3o necessite de uma proje\u00e7\u00e3o nivelada, pode comutar facilmente para o modo de nivelamento manual. Isto permite-lhe projetar linhas diagonais, por exemplo, ao instalar corrim\u00e3os. Gra\u00e7as ao raio de a\u00e7\u00e3o de at\u00e9 15 metros, ao design compacto com Softgrip e \u00e0 interface de utilizador simples, o SKIL 1910 constitui uma excelente solu\u00e7\u00e3o para os seus trabalhos de nivelamento. Al\u00e9m disso, este n\u00edvel laser disp\u00f5e de um orif\u00edcio de montagem roscado de 1\/4&#8243; no lado superior e inferior para fixa\u00e7\u00e3o simples de um grampo ou trip\u00e9. Por \u00faltimo, o pr\u00e1tico indicador do n\u00edvel de carga da bateria mostra claramente a capacidade restante da bateria. O SKIL 1910 AA \u00e9 fornecido com um grampo flex\u00edvel que pode ser fixado a uma grande variedade de superf\u00edcies e com um cabo de carregamento USB.<\/p>\n<\/div>\n<\/div>\n<p><strong>Caracter\u00edsticas:<\/strong><\/p>\n<ul>\n<li>Para um aux\u00edlio excelente e preciso durante os trabalhos de bricolage, tais como a coloca\u00e7\u00e3o de ladrilhos e decora\u00e7\u00e3o de paredes ou suspens\u00e3o de prateleiras<\/li>\n<li>Bateria de i\u00f5es de l\u00edtio integrada que \u00e9 facilmente carregada atrav\u00e9s da porta de carregamento micro USB integrada<\/li>\n<li>Nivelamento autom\u00e1tico para um trabalho r\u00e1pido e preciso sem alinhamento manual<\/li>\n<li>Projeta uma linha laser precisa cruzada, horizontal e vertical<\/li>\n<li>O modo de nivelamento manual permite-lhe projetar linhas diagonais<\/li>\n<li>Raio de a\u00e7\u00e3o de at\u00e9 15 metros<\/li>\n<li>O indicador do n\u00edvel de carga da bateria exibe comodamente a capacidade restante da bateria<\/li>\n<li>Design compacto com Softgrip para um manuseamento confort\u00e1vel<\/li>\n<li>F\u00e1cil de usar gra\u00e7as \u00e0 interface do utilizador simples<\/li>\n<li>Orif\u00edcio de montagem roscado de 1\/4&#8243; no lado superior e inferior para fixa\u00e7\u00e3o simples de um grampo ou de um trip\u00e9<\/li>\n<li>Inclui um grampo extremamente vers\u00e1til que se fixa facilmente a uma grande variedade de superf\u00edcies, o que assegura a m\u00e1xima flexibilidade<\/li>\n<\/ul>","protected":false},"excerpt":{"rendered":"<p>O SKIL 1910 \u00e9 um n\u00edvel laser que projeta uma linha laser precisa cruzada, horizontal e vertical. Este constitui um<\/p>","protected":false},"featured_media":30774,"template":"","meta":[],"product_brand":[67],"product_cat":[34],"product_tag":[],"class_list":{"0":"post-29466","1":"product","2":"type-product","3":"status-publish","4":"has-post-thumbnail","6":"product_brand-skil","7":"product_cat-ferramentas-eletricas","9":"first","10":"instock","11":"sale","12":"taxable","13":"shipping-taxable","14":"purchasable","15":"product-type-simple"},"_links":{"self":[{"href":"https:\/\/equipment-pt3.com\/en\/wp-json\/wp\/v2\/product\/29466","targetHints":{"allow":["GET"]}}],"collection":[{"href":"https:\/\/equipment-pt3.com\/en\/wp-json\/wp\/v2\/product"}],"about":[{"href":"https:\/\/equipment-pt3.com\/en\/wp-json\/wp\/v2\/types\/product"}],"version-history":[{"count":2,"href":"https:\/\/equipment-pt3.com\/en\/wp-json\/wp\/v2\/product\/29466\/revisions"}],"predecessor-version":[{"id":30782,"href":"https:\/\/equipment-pt3.com\/en\/wp-json\/wp\/v2\/product\/29466\/revisions\/30782"}],"wp:featuredmedia":[{"embeddable":true,"href":"https:\/\/equipment-pt3.com\/en\/wp-json\/wp\/v2\/media\/30774"}],"wp:attachment":[{"href":"https:\/\/equipment-pt3.com\/en\/wp-json\/wp\/v2\/media?parent=29466"}],"wp:term":[{"taxonomy":"product_brand","embeddable":true,"href":"https:\/\/equipment-pt3.com\/en\/wp-json\/wp\/v2\/product_brand?post=29466"},{"taxonomy":"product_cat","embeddable":true,"href":"https:\/\/equipment-pt3.com\/en\/wp-json\/wp\/v2\/product_cat?post=29466"},{"taxonomy":"product_tag","embeddable":true,"href":"https:\/\/equipment-pt3.com\/en\/wp-json\/wp\/v2\/product_tag?post=29466"}],"curies":[{"name":"wp","href":"https:\/\/api.w.org\/{rel}","templated":true}]}}