{"id":29467,"date":"2026-02-03T13:10:35","date_gmt":"2026-02-03T13:10:35","guid":{"rendered":"https:\/\/equipment-pt3.com\/produto\/skil-1911-da-nivel-laser\/"},"modified":"2026-02-17T15:21:14","modified_gmt":"2026-02-17T15:21:14","slug":"skil-1911-da-nivel-laser","status":"publish","type":"product","link":"https:\/\/equipment-pt3.com\/en\/product\/skil-1911-da-nivel-laser\/","title":{"rendered":"SKIL 1911 DA N\u00edvel laser"},"content":{"rendered":"<p>N\u00edvel laser autonivelante de l\u00edtio com tecnologia de laser verde: O SKIL 1911 \u00e9 um n\u00edvel laser que projeta uma linha laser precisa cruzada, horizontal e vertical. Este n\u00edvel laser disp\u00f5e de uma bateria de i\u00f5es de l\u00edtio integrada que pode ser facilmente carregada atrav\u00e9s da porta de carregamento micro USB integrada. A tecnologia de laser verde maximiza a visibilidade. Al\u00e9m disso, as marcas adicionais nas linhas laser asseguram um aux\u00edlio ideal durante os trabalhos de bricolage. As linhas laser s\u00e3o niveladas automaticamente no modo de autonivelamento. E quando estiver a trabalhar numa tarefa de bricolage que n\u00e3o necessite de uma proje\u00e7\u00e3o nivelada, pode comutar facilmente para o modo de nivelamento manual. Isto permite-lhe projetar linhas diagonais, por exemplo, ao instalar corrim\u00e3os. Gra\u00e7as ao raio de a\u00e7\u00e3o de at\u00e9 20 metros, ao design compacto com Softgrip e \u00e0 interface de utilizador simples, o SKIL 1911 constitui uma excelente solu\u00e7\u00e3o para os seus trabalhos de nivelamento. Al\u00e9m disso, este n\u00edvel laser disp\u00f5e de um orif\u00edcio de montagem roscado de 1\/4\\&#8221; no lado superior e inferior para fixa\u00e7\u00e3o simples de um grampo ou trip\u00e9. Por \u00faltimo, o pr\u00e1tico indicador do n\u00edvel de carga da bateria mostra claramente a capacidade restante da bateria. O SKIL 1911 DA \u00e9 fornecido num saco de transporte com um trip\u00e9 ajust\u00e1vel em altura e um cabo de carregamento USB. Caracter\u00edsticas: Orif\u00edcio de montagem roscado de 1\/4\\&#8221; no lado superior e inferior para fixa\u00e7\u00e3o simples de um grampo ou de um trip\u00e9<\/p>\n<p><strong>Caracteristicas:<\/strong><\/p>\n<ul>\n<li>F\u00e1cil de usar gra\u00e7as \u00e0 interface do utilizador simples<\/li>\n<li>Design compacto com Softgrip para um manuseamento confort\u00e1vel<\/li>\n<li>O indicador do n\u00edvel de carga da bateria exibe comodamente a capacidade restante da bateria<\/li>\n<li>Raio de a\u00e7\u00e3o de at\u00e9 20 metros<\/li>\n<li>O modo de nivelamento manual permite-lhe projetar linhas diagonais<\/li>\n<li>As marcas adicionais nas linhas laser asseguram um aux\u00edlio ideal<\/li>\n<li>Projeta uma linha laser precisa cruzada, horizontal e vertical<\/li>\n<li>Nivelamento autom\u00e1tico para um trabalho r\u00e1pido e preciso sem alinhamento manual<\/li>\n<li>Bateria de i\u00f5es de l\u00edtio integrada que \u00e9 facilmente carregada atrav\u00e9s da porta micro USB integrada<\/li>\n<li>A tecnologia de laser verde assegura a m\u00e1xima visibilidade<\/li>\n<li>Para um aux\u00edlio excelente e preciso durante os trabalhos de bricolage, tais como a coloca\u00e7\u00e3o de ladrilhos e decora\u00e7\u00e3o de paredes ou suspens\u00e3o de prateleiras<\/li>\n<li>Inclui um trip\u00e9 vers\u00e1til, facilmente ajust\u00e1vel em altura<\/li>\n<\/ul>","protected":false},"excerpt":{"rendered":"<p>N\u00edvel laser autonivelante de l\u00edtio com tecnologia de laser verde: O SKIL 1911 \u00e9 um n\u00edvel laser que projeta uma<\/p>","protected":false},"featured_media":29997,"template":"","meta":[],"product_brand":[67],"product_cat":[34],"product_tag":[],"class_list":{"0":"post-29467","1":"product","2":"type-product","3":"status-publish","4":"has-post-thumbnail","6":"product_brand-skil","7":"product_cat-ferramentas-eletricas","9":"first","10":"instock","11":"sale","12":"purchasable","13":"product-type-simple"},"_links":{"self":[{"href":"https:\/\/equipment-pt3.com\/en\/wp-json\/wp\/v2\/product\/29467","targetHints":{"allow":["GET"]}}],"collection":[{"href":"https:\/\/equipment-pt3.com\/en\/wp-json\/wp\/v2\/product"}],"about":[{"href":"https:\/\/equipment-pt3.com\/en\/wp-json\/wp\/v2\/types\/product"}],"version-history":[{"count":3,"href":"https:\/\/equipment-pt3.com\/en\/wp-json\/wp\/v2\/product\/29467\/revisions"}],"predecessor-version":[{"id":29999,"href":"https:\/\/equipment-pt3.com\/en\/wp-json\/wp\/v2\/product\/29467\/revisions\/29999"}],"wp:featuredmedia":[{"embeddable":true,"href":"https:\/\/equipment-pt3.com\/en\/wp-json\/wp\/v2\/media\/29997"}],"wp:attachment":[{"href":"https:\/\/equipment-pt3.com\/en\/wp-json\/wp\/v2\/media?parent=29467"}],"wp:term":[{"taxonomy":"product_brand","embeddable":true,"href":"https:\/\/equipment-pt3.com\/en\/wp-json\/wp\/v2\/product_brand?post=29467"},{"taxonomy":"product_cat","embeddable":true,"href":"https:\/\/equipment-pt3.com\/en\/wp-json\/wp\/v2\/product_cat?post=29467"},{"taxonomy":"product_tag","embeddable":true,"href":"https:\/\/equipment-pt3.com\/en\/wp-json\/wp\/v2\/product_tag?post=29467"}],"curies":[{"name":"wp","href":"https:\/\/api.w.org\/{rel}","templated":true}]}}