{"id":29468,"date":"2026-02-03T13:10:35","date_gmt":"2026-02-03T13:10:35","guid":{"rendered":"https:\/\/equipment-pt3.com\/produto\/skil-1912-aa-nivel-laser\/"},"modified":"2026-02-17T15:22:26","modified_gmt":"2026-02-17T15:22:26","slug":"skil-1912-aa-nivel-laser","status":"publish","type":"product","link":"https:\/\/equipment-pt3.com\/en\/product\/skil-1912-aa-nivel-laser\/","title":{"rendered":"Skil 1912 AA N\u00edvel laser"},"content":{"rendered":"<p>SKIL 1912 AA N\u00edvel laser N\u00edvel laser autonivelante de l\u00edtio com tecnologia de laser verde O SKIL 1912 \u00e9 um n\u00edvel laser que projeta uma linha laser precisa cruzada, horizontal e vertical. Este n\u00edvel laser disp\u00f5e de uma bateria de i\u00f5es de l\u00edtio integrada que pode ser facilmente carregada atrav\u00e9s da porta de carregamento micro USB integrada. A tecnologia de laser verde maximiza a visibilidade. As linhas laser s\u00e3o niveladas automaticamente no modo de autonivelamento. E quando estiver a trabalhar numa tarefa de bricolage que n\u00e3o necessite de uma proje\u00e7\u00e3o nivelada, pode comutar facilmente para o modo de nivelamento manual. Isto permite-lhe projetar linhas diagonais, por exemplo, ao instalar corrim\u00e3os. Pode utilizar o grampo altamente vers\u00e1til para fixar o laser numa variedade de superf\u00edcies. Gra\u00e7as ao raio de a\u00e7\u00e3o de at\u00e9 20 metros, ao design compacto com Softgrip e \u00e0 interface de utilizador simples, o SKIL 1912 constitui uma excelente solu\u00e7\u00e3o para os seus trabalhos de nivelamento. Al\u00e9m disso, este n\u00edvel laser disp\u00f5e de um orif\u00edcio de montagem roscado de 1\/4\u2033 no lado superior e inferior para fixa\u00e7\u00e3o simples de um grampo ou trip\u00e9. Por \u00faltimo, o pr\u00e1tico indicador do n\u00edvel de carga da bateria mostra claramente a capacidade restante da bateria.<\/p>\n<p>&nbsp;<\/p>","protected":false},"excerpt":{"rendered":"<p>SKIL 1912 AA N\u00edvel laser N\u00edvel laser autonivelante de l\u00edtio com tecnologia de laser verde O SKIL 1912 \u00e9 um<\/p>","protected":false},"featured_media":30076,"template":"","meta":[],"product_brand":[67],"product_cat":[34],"product_tag":[],"class_list":{"0":"post-29468","1":"product","2":"type-product","3":"status-publish","4":"has-post-thumbnail","6":"product_brand-skil","7":"product_cat-ferramentas-eletricas","9":"first","10":"instock","11":"sale","12":"purchasable","13":"product-type-simple"},"_links":{"self":[{"href":"https:\/\/equipment-pt3.com\/en\/wp-json\/wp\/v2\/product\/29468","targetHints":{"allow":["GET"]}}],"collection":[{"href":"https:\/\/equipment-pt3.com\/en\/wp-json\/wp\/v2\/product"}],"about":[{"href":"https:\/\/equipment-pt3.com\/en\/wp-json\/wp\/v2\/types\/product"}],"version-history":[{"count":2,"href":"https:\/\/equipment-pt3.com\/en\/wp-json\/wp\/v2\/product\/29468\/revisions"}],"predecessor-version":[{"id":30078,"href":"https:\/\/equipment-pt3.com\/en\/wp-json\/wp\/v2\/product\/29468\/revisions\/30078"}],"wp:featuredmedia":[{"embeddable":true,"href":"https:\/\/equipment-pt3.com\/en\/wp-json\/wp\/v2\/media\/30076"}],"wp:attachment":[{"href":"https:\/\/equipment-pt3.com\/en\/wp-json\/wp\/v2\/media?parent=29468"}],"wp:term":[{"taxonomy":"product_brand","embeddable":true,"href":"https:\/\/equipment-pt3.com\/en\/wp-json\/wp\/v2\/product_brand?post=29468"},{"taxonomy":"product_cat","embeddable":true,"href":"https:\/\/equipment-pt3.com\/en\/wp-json\/wp\/v2\/product_cat?post=29468"},{"taxonomy":"product_tag","embeddable":true,"href":"https:\/\/equipment-pt3.com\/en\/wp-json\/wp\/v2\/product_tag?post=29468"}],"curies":[{"name":"wp","href":"https:\/\/api.w.org\/{rel}","templated":true}]}}