{"id":29469,"date":"2026-02-03T13:10:36","date_gmt":"2026-02-03T13:10:36","guid":{"rendered":"https:\/\/equipment-pt3.com\/produto\/skil-1928-aa-medidor-laser\/"},"modified":"2026-02-17T15:09:03","modified_gmt":"2026-02-17T15:09:03","slug":"skil-1928-aa-medidor-laser","status":"publish","type":"product","link":"https:\/\/equipment-pt3.com\/en\/product\/skil-1928-aa-medidor-laser\/","title":{"rendered":"Skil 1928 AA Medidor laser"},"content":{"rendered":"<p>O medidor laser SKIL 1928 disp\u00f5e de um amplo raio de a\u00e7\u00e3o de at\u00e9 25 metros e \u00e9 ideal para a medi\u00e7\u00e3o precisa e r\u00e1pida de dist\u00e2ncias e \u00e1reas. A ferramenta possui diferentes modos de medi\u00e7\u00e3o que podem ser utilizados para a medi\u00e7\u00e3o da dist\u00e2ncia, medi\u00e7\u00e3o da \u00e1rea e medi\u00e7\u00e3o cont\u00ednua. Para sua comodidade, pode guardar e visualizar at\u00e9 2medi\u00e7\u00f5es. Gra\u00e7as ao design compacto com Softgrip, \u00e0 interface de utilizador simples e ao visor retroiluminado grande, o SKIL 1928 constitui uma excelente solu\u00e7\u00e3o para os seus trabalhos de medi\u00e7\u00e3o. O SKIL 1928 AA \u00e9 fornecido com uma fita para a m\u00e3o e duas baterias AAA.<\/p>\n<p><strong>Caracteristicas:<\/strong><\/p>\n<ul>\n<li>O medidor laser ideal para medi\u00e7\u00e3o precisa e r\u00e1pida de dist\u00e2ncias e \u00e1reas<\/li>\n<li>Medi\u00e7\u00e3o precisa at\u00e9 25 metros<\/li>\n<li>O modo de medi\u00e7\u00e3o cont\u00ednua atualiza automaticamente a dist\u00e2ncia apresentada \u00e0 medida que o utilizador se aproxima ou se afasta do alvo<\/li>\n<li>O c\u00e1lculo da \u00e1rea \u00e9 muito simples gra\u00e7as ao modo de medi\u00e7\u00e3o da \u00e1rea<\/li>\n<li>Visor retroiluminado grande para uma leitura f\u00e1cil<\/li>\n<li>Mem\u00f3ria para armazenar at\u00e9 2 medi\u00e7\u00f5es<\/li>\n<li>Dimens\u00f5es muito compactas para facilitar o transporte<\/li>\n<li>Softgrip para manuseamento confort\u00e1vel e prote\u00e7\u00e3o do medidor laser<\/li>\n<li>F\u00e1cil de usar gra\u00e7as \u00e0 interface do utilizador simples<\/li>\n<\/ul>","protected":false},"excerpt":{"rendered":"<p>O medidor laser SKIL 1928 disp\u00f5e de um amplo raio de a\u00e7\u00e3o de at\u00e9 25 metros e \u00e9 ideal para<\/p>","protected":false},"featured_media":29973,"template":"","meta":[],"product_brand":[67],"product_cat":[34],"product_tag":[],"class_list":{"0":"post-29469","1":"product","2":"type-product","3":"status-publish","4":"has-post-thumbnail","6":"product_brand-skil","7":"product_cat-ferramentas-eletricas","9":"first","10":"instock","11":"sale","12":"purchasable","13":"product-type-simple"},"_links":{"self":[{"href":"https:\/\/equipment-pt3.com\/en\/wp-json\/wp\/v2\/product\/29469","targetHints":{"allow":["GET"]}}],"collection":[{"href":"https:\/\/equipment-pt3.com\/en\/wp-json\/wp\/v2\/product"}],"about":[{"href":"https:\/\/equipment-pt3.com\/en\/wp-json\/wp\/v2\/types\/product"}],"version-history":[{"count":3,"href":"https:\/\/equipment-pt3.com\/en\/wp-json\/wp\/v2\/product\/29469\/revisions"}],"predecessor-version":[{"id":29978,"href":"https:\/\/equipment-pt3.com\/en\/wp-json\/wp\/v2\/product\/29469\/revisions\/29978"}],"wp:featuredmedia":[{"embeddable":true,"href":"https:\/\/equipment-pt3.com\/en\/wp-json\/wp\/v2\/media\/29973"}],"wp:attachment":[{"href":"https:\/\/equipment-pt3.com\/en\/wp-json\/wp\/v2\/media?parent=29469"}],"wp:term":[{"taxonomy":"product_brand","embeddable":true,"href":"https:\/\/equipment-pt3.com\/en\/wp-json\/wp\/v2\/product_brand?post=29469"},{"taxonomy":"product_cat","embeddable":true,"href":"https:\/\/equipment-pt3.com\/en\/wp-json\/wp\/v2\/product_cat?post=29469"},{"taxonomy":"product_tag","embeddable":true,"href":"https:\/\/equipment-pt3.com\/en\/wp-json\/wp\/v2\/product_tag?post=29469"}],"curies":[{"name":"wp","href":"https:\/\/api.w.org\/{rel}","templated":true}]}}