{"id":29471,"date":"2026-02-03T13:10:36","date_gmt":"2026-02-03T13:10:36","guid":{"rendered":"https:\/\/equipment-pt3.com\/produto\/skil-1930-aa-medidor-laser\/"},"modified":"2026-02-17T15:10:13","modified_gmt":"2026-02-17T15:10:13","slug":"skil-1930-aa-medidor-laser","status":"publish","type":"product","link":"https:\/\/equipment-pt3.com\/en\/product\/skil-1930-aa-medidor-laser\/","title":{"rendered":"SKIL 1930 AA Medidor laser"},"content":{"rendered":"<p>O medidor laser SKIL 1930 disp\u00f5e de um grande raio de a\u00e7\u00e3o de at\u00e9 30 metros e \u00e9 ideal para medi\u00e7\u00e3o e nivelamento digital r\u00e1pidos e precisos. Este medidor laser disp\u00f5e de uma bateria de i\u00f5es de l\u00edtio integrada que pode ser facilmente carregada atrav\u00e9s da porta de carregamento micro USB integrada. A ferramenta disp\u00f5e de 5 modos de medi\u00e7\u00e3o que s\u00e3o adequados para medi\u00e7\u00e3o da dist\u00e2ncia, medi\u00e7\u00e3o cont\u00ednua, medi\u00e7\u00e3o indireta, medi\u00e7\u00e3o da \u00e1rea e nivelamento digital. Pode, por exemplo, utilizar o modo de medi\u00e7\u00e3o indireta para obter rapidamente a altura e dist\u00e2ncia indireta com apenas uma medi\u00e7\u00e3o. A base resistente de alum\u00ednio assegura uma medi\u00e7\u00e3o precisa no modo de nivelamento digital. Para sua comodidade, o SKIL 1930 guarda automaticamente as \u00faltimas 4 medi\u00e7\u00f5es no modo de medi\u00e7\u00e3o da dist\u00e2ncia. Gra\u00e7as ao design compacto com Softgrip, \u00e0 interface de utilizador simples e ao visor retroiluminado grande, o SKIL 1930 constitui uma excelente solu\u00e7\u00e3o para os seus trabalhos de medi\u00e7\u00e3o. O SKIL 1930 \u00e9 fornecido com um cabo de carregamento USB.<\/p>\n<p><strong>Caracteristicas:<\/strong><\/p>\n<ul>\n<li>A base resistente de alum\u00ednio assegura uma medi\u00e7\u00e3o precisa no modo de nivelamento digital<\/li>\n<li>F\u00e1cil de usar gra\u00e7as \u00e0 interface do utilizador simples<\/li>\n<li>Design compacto com Softgrip para manuseamento confort\u00e1vel e prote\u00e7\u00e3o do medidor laser<\/li>\n<li>Visor retroiluminado grande para uma leitura f\u00e1cil<\/li>\n<li>Modo de medi\u00e7\u00e3o indireta para obter rapidamente a altura e dist\u00e2ncia indireta com uma \u00fanica medi\u00e7\u00e3o<\/li>\n<li>No modo de medi\u00e7\u00e3o da dist\u00e2ncia, os \u00faltimos 4 valores s\u00e3o guardados automaticamente<\/li>\n<li>Medi\u00e7\u00e3o precisa e r\u00e1pida da dist\u00e2ncia at\u00e9 30 metros<\/li>\n<li>5 modos de medi\u00e7\u00e3o: medi\u00e7\u00e3o da dist\u00e2ncia, medi\u00e7\u00e3o cont\u00ednua, medi\u00e7\u00e3o indireta, medi\u00e7\u00e3o da \u00e1rea e nivelamento digital<\/li>\n<li>Bateria de i\u00f5es de l\u00edtio integrada que \u00e9 facilmente carregada atrav\u00e9s da porta de carregamento micro USB integrada<\/li>\n<li>O medidor laser ideal para medi\u00e7\u00e3o precisa e r\u00e1pida e nivelamento digital<\/li>\n<\/ul>","protected":false},"excerpt":{"rendered":"<p>O medidor laser SKIL 1930 disp\u00f5e de um grande raio de a\u00e7\u00e3o de at\u00e9 30 metros e \u00e9 ideal para<\/p>","protected":false},"featured_media":29979,"template":"","meta":[],"product_brand":[67],"product_cat":[34],"product_tag":[],"class_list":{"0":"post-29471","1":"product","2":"type-product","3":"status-publish","4":"has-post-thumbnail","6":"product_brand-skil","7":"product_cat-ferramentas-eletricas","9":"first","10":"instock","11":"sale","12":"purchasable","13":"product-type-simple"},"_links":{"self":[{"href":"https:\/\/equipment-pt3.com\/en\/wp-json\/wp\/v2\/product\/29471","targetHints":{"allow":["GET"]}}],"collection":[{"href":"https:\/\/equipment-pt3.com\/en\/wp-json\/wp\/v2\/product"}],"about":[{"href":"https:\/\/equipment-pt3.com\/en\/wp-json\/wp\/v2\/types\/product"}],"version-history":[{"count":3,"href":"https:\/\/equipment-pt3.com\/en\/wp-json\/wp\/v2\/product\/29471\/revisions"}],"predecessor-version":[{"id":29981,"href":"https:\/\/equipment-pt3.com\/en\/wp-json\/wp\/v2\/product\/29471\/revisions\/29981"}],"wp:featuredmedia":[{"embeddable":true,"href":"https:\/\/equipment-pt3.com\/en\/wp-json\/wp\/v2\/media\/29979"}],"wp:attachment":[{"href":"https:\/\/equipment-pt3.com\/en\/wp-json\/wp\/v2\/media?parent=29471"}],"wp:term":[{"taxonomy":"product_brand","embeddable":true,"href":"https:\/\/equipment-pt3.com\/en\/wp-json\/wp\/v2\/product_brand?post=29471"},{"taxonomy":"product_cat","embeddable":true,"href":"https:\/\/equipment-pt3.com\/en\/wp-json\/wp\/v2\/product_cat?post=29471"},{"taxonomy":"product_tag","embeddable":true,"href":"https:\/\/equipment-pt3.com\/en\/wp-json\/wp\/v2\/product_tag?post=29471"}],"curies":[{"name":"wp","href":"https:\/\/api.w.org\/{rel}","templated":true}]}}