{"id":29472,"date":"2026-02-03T13:10:36","date_gmt":"2026-02-03T13:10:36","guid":{"rendered":"https:\/\/equipment-pt3.com\/produto\/skil-1950-aa-detetor-de-materiais\/"},"modified":"2026-02-17T15:11:45","modified_gmt":"2026-02-17T15:11:45","slug":"skil-1950-aa-detetor-de-materiais","status":"publish","type":"product","link":"https:\/\/equipment-pt3.com\/en\/product\/skil-1950-aa-detetor-de-materiais\/","title":{"rendered":"SKIL 1950 AA Detetor de materiais"},"content":{"rendered":"<p>Procura um detetor de materiais fi\u00e1vel que revele estruturas ocultas, metais e cablagem el\u00e9trica em paredes e pavimentos? O Detetor de materiais SKIL \u00e9 um detetor de estruturas vers\u00e1til que combina quatro modos de funcionamento num \u00fanico dispositivo pr\u00e1tico. Quer seja um profissional da constru\u00e7\u00e3o ou um entusiasta de bricolage, este detetor de estruturas preciso garante que cada trabalho de perfura\u00e7\u00e3o \u00e9 seguro e bem-sucedido \u00e0 primeira tentativa.<\/p>\n<p><strong>Caracteristicas:<\/strong><\/p>\n<ul>\n<li>Dete\u00e7\u00e3o m\u00faltipla: deteta objetos met\u00e1licos, cabos sob tens\u00e3o e subestruturas de madeira<\/li>\n<li>Ecr\u00e3 grande, detalhado e de f\u00e1cil leitura<\/li>\n<li>Fornece feedback visual e sonoro claro quando s\u00e3o detetados objetos<\/li>\n<li>Calibra\u00e7\u00e3o autom\u00e1tica, sempre pronto a utilizar<\/li>\n<li>Dete\u00e7\u00e3o avan\u00e7ada das extremidades e do centro dos objetos no modo madeira<\/li>\n<li>F\u00e1cil de utilizar gra\u00e7as a uma interface simples e intuitiva<\/li>\n<li>Indica\u00e7\u00e3o de metal magn\u00e9tico\/n\u00e3o magn\u00e9tico no modo metal<\/li>\n<li>Indicador de bateria fraca<\/li>\n<li>Design ergon\u00f3mico para uma utiliza\u00e7\u00e3o f\u00e1cil e uma pega ideal<\/li>\n<li>Almofadas de prote\u00e7\u00e3o macias na parte traseira para utiliza\u00e7\u00e3o sem riscos<\/li>\n<\/ul>","protected":false},"excerpt":{"rendered":"<p>Procura um detetor de materiais fi\u00e1vel que revele estruturas ocultas, metais e cablagem el\u00e9trica em paredes e pavimentos? O Detetor<\/p>","protected":false},"featured_media":29944,"template":"","meta":[],"product_brand":[67],"product_cat":[34],"product_tag":[],"class_list":{"0":"post-29472","1":"product","2":"type-product","3":"status-publish","4":"has-post-thumbnail","6":"product_brand-skil","7":"product_cat-ferramentas-eletricas","9":"first","10":"instock","11":"sale","12":"purchasable","13":"product-type-simple"},"_links":{"self":[{"href":"https:\/\/equipment-pt3.com\/en\/wp-json\/wp\/v2\/product\/29472","targetHints":{"allow":["GET"]}}],"collection":[{"href":"https:\/\/equipment-pt3.com\/en\/wp-json\/wp\/v2\/product"}],"about":[{"href":"https:\/\/equipment-pt3.com\/en\/wp-json\/wp\/v2\/types\/product"}],"version-history":[{"count":4,"href":"https:\/\/equipment-pt3.com\/en\/wp-json\/wp\/v2\/product\/29472\/revisions"}],"predecessor-version":[{"id":29953,"href":"https:\/\/equipment-pt3.com\/en\/wp-json\/wp\/v2\/product\/29472\/revisions\/29953"}],"wp:featuredmedia":[{"embeddable":true,"href":"https:\/\/equipment-pt3.com\/en\/wp-json\/wp\/v2\/media\/29944"}],"wp:attachment":[{"href":"https:\/\/equipment-pt3.com\/en\/wp-json\/wp\/v2\/media?parent=29472"}],"wp:term":[{"taxonomy":"product_brand","embeddable":true,"href":"https:\/\/equipment-pt3.com\/en\/wp-json\/wp\/v2\/product_brand?post=29472"},{"taxonomy":"product_cat","embeddable":true,"href":"https:\/\/equipment-pt3.com\/en\/wp-json\/wp\/v2\/product_cat?post=29472"},{"taxonomy":"product_tag","embeddable":true,"href":"https:\/\/equipment-pt3.com\/en\/wp-json\/wp\/v2\/product_tag?post=29472"}],"curies":[{"name":"wp","href":"https:\/\/api.w.org\/{rel}","templated":true}]}}