{"id":29475,"date":"2026-02-03T13:10:36","date_gmt":"2026-02-03T13:10:36","guid":{"rendered":"https:\/\/equipment-pt3.com\/produto\/skil-1770-ga-martelo-rotativo\/"},"modified":"2026-02-12T10:35:53","modified_gmt":"2026-02-12T10:35:53","slug":"skil-1770-ga-martelo-rotativo","status":"publish","type":"product","link":"https:\/\/equipment-pt3.com\/en\/product\/skil-1770-ga-martelo-rotativo\/","title":{"rendered":"SKIL 1770 GA Martelo rotativo"},"content":{"rendered":"<p>O martelo rotativo pneum\u00e1tico SKIL 1770 com quatro fun\u00e7\u00f5es disp\u00f5e de um potente motor de 850 W, um interruptor de velocidade vari\u00e1vel com pr\u00e9-sele\u00e7\u00e3o e um bot\u00e3o de bloqueio para um controlo ideal dos trabalhos de perfura\u00e7\u00e3o em bet\u00e3o at\u00e9 26 mm. Disp\u00f5e de uma fun\u00e7\u00e3o de percuss\u00e3o para perfurar em bet\u00e3o, uma fun\u00e7\u00e3o de paragem da percuss\u00e3o para uma perfura\u00e7\u00e3o e aparafusamento regulares e de uma fun\u00e7\u00e3o de paragem de rota\u00e7\u00e3o para trabalhos de cinzelagem ligeiros. Por \u00faltimo, mas n\u00e3o menos importante, este berbequim permite uma cinzelagem com rota\u00e7\u00e3o livre. O sistema \u00abSDS+\u00bb permite uma mudan\u00e7a de acess\u00f3rios simples e r\u00e1pida. Pode usar o interruptor para apertar\/desapertar para mudar, de forma c\u00f3moda, a dire\u00e7\u00e3o de trabalho da ferramenta. O Softgrip antiderrapante e o punho lateral ajust\u00e1vel permitem um controlo confort\u00e1vel com as duas m\u00e3os. Com o pr\u00e1tico batente de profundidade, pode definir a profundidade de perfura\u00e7\u00e3o para furos cegos. O SKIL 1770 GA \u00e9 fornecido numa mala resistente com um jogo de tr\u00eas brocas para bet\u00e3o \u00abSDS+\u00bb de 6, 8 e 10 mm e uma bucha de 13 mm com adaptador \u00abSDS+\u00bb.<\/p>\n<p><strong>Caracteristicas:<\/strong><\/p>\n<ul>\n<li>Potente martelo rotativo pneum\u00e1tico de 850 W para perfura\u00e7\u00e3o sem esfor\u00e7o em bet\u00e3o<\/li>\n<li>Quatro fun\u00e7\u00f5es: 1. Perfura\u00e7\u00e3o com percuss\u00e3o; 2. Paragem de percuss\u00e3o para perfura\u00e7\u00e3o normal; 3. Paragem da rota\u00e7\u00e3o para trabalhos leves de cinzelagem; 4. Cinzelagem com rota\u00e7\u00e3o livre para m\u00e1xima liberdade de movimentos<\/li>\n<li>Sistema \u00abSDS+\u00bb para uma troca r\u00e1pida e f\u00e1cil de pontas<\/li>\n<li>Punho ergon\u00f3mico para m\u00e1ximo conforto do utilizador<\/li>\n<li>A embraiagem de seguran\u00e7a oferece prote\u00e7\u00e3o caso a ponta fique bloqueada<\/li>\n<li>Interruptor de velocidade vari\u00e1vel com bot\u00e3o de bloqueio para um trabalho cont\u00ednuo<\/li>\n<li>Bot\u00e3o de pr\u00e9-sele\u00e7\u00e3o da velocidade para definir a velocidade correta para cada trabalho<\/li>\n<li>Softgrip para um manuseamento confort\u00e1vel e um controlo \u00f3timo<\/li>\n<li>Interruptor para apertar \/ desapertar para mudar facilmente a dire\u00e7\u00e3o de trabalho da ferramenta<\/li>\n<li>Pega lateral regul\u00e1vel para um controlo seguro com ambas as m\u00e3os<\/li>\n<li>Batente de profundidade f\u00e1cil de ajustar para pr\u00e9-selecionar a profundidade de perfura\u00e7\u00e3o de orif\u00edcios<\/li>\n<\/ul>","protected":false},"excerpt":{"rendered":"<p>O martelo rotativo pneum\u00e1tico SKIL 1770 com quatro fun\u00e7\u00f5es disp\u00f5e de um potente motor de 850 W, um interruptor de<\/p>","protected":false},"featured_media":29934,"template":"","meta":[],"product_brand":[67],"product_cat":[34],"product_tag":[],"class_list":{"0":"post-29475","1":"product","2":"type-product","3":"status-publish","4":"has-post-thumbnail","6":"product_brand-skil","7":"product_cat-ferramentas-eletricas","9":"first","10":"instock","11":"sale","12":"purchasable","13":"product-type-simple"},"_links":{"self":[{"href":"https:\/\/equipment-pt3.com\/en\/wp-json\/wp\/v2\/product\/29475","targetHints":{"allow":["GET"]}}],"collection":[{"href":"https:\/\/equipment-pt3.com\/en\/wp-json\/wp\/v2\/product"}],"about":[{"href":"https:\/\/equipment-pt3.com\/en\/wp-json\/wp\/v2\/types\/product"}],"version-history":[{"count":4,"href":"https:\/\/equipment-pt3.com\/en\/wp-json\/wp\/v2\/product\/29475\/revisions"}],"predecessor-version":[{"id":29943,"href":"https:\/\/equipment-pt3.com\/en\/wp-json\/wp\/v2\/product\/29475\/revisions\/29943"}],"wp:featuredmedia":[{"embeddable":true,"href":"https:\/\/equipment-pt3.com\/en\/wp-json\/wp\/v2\/media\/29934"}],"wp:attachment":[{"href":"https:\/\/equipment-pt3.com\/en\/wp-json\/wp\/v2\/media?parent=29475"}],"wp:term":[{"taxonomy":"product_brand","embeddable":true,"href":"https:\/\/equipment-pt3.com\/en\/wp-json\/wp\/v2\/product_brand?post=29475"},{"taxonomy":"product_cat","embeddable":true,"href":"https:\/\/equipment-pt3.com\/en\/wp-json\/wp\/v2\/product_cat?post=29475"},{"taxonomy":"product_tag","embeddable":true,"href":"https:\/\/equipment-pt3.com\/en\/wp-json\/wp\/v2\/product_tag?post=29475"}],"curies":[{"name":"wp","href":"https:\/\/api.w.org\/{rel}","templated":true}]}}