{"id":29476,"date":"2026-02-03T13:10:36","date_gmt":"2026-02-03T13:10:36","guid":{"rendered":"https:\/\/equipment-pt3.com\/produto\/skil-1792-ga-martelo-demolidor-sds-max-12j\/"},"modified":"2026-02-13T12:22:11","modified_gmt":"2026-02-13T12:22:11","slug":"skil-1792-ga-martelo-demolidor-sds-max-12j","status":"publish","type":"product","link":"https:\/\/equipment-pt3.com\/en\/product\/skil-1792-ga-martelo-demolidor-sds-max-12j\/","title":{"rendered":"Skil 1792 GA Martelo Demolidor SDS MAX 12J"},"content":{"rendered":"<p>O martelo de demoli\u00e7\u00e3o SKIL 1792 SDS MAX de 1150 W combina pot\u00eancia pneum\u00e1tica, efici\u00eancia e conforto de trabalho para demolir com facilidade. Com uma pot\u00eancia de impacto robusta de 12J, esta ferramenta foi concebida para tarefas de demoli\u00e7\u00e3o de elevado desempenho. Tem um design compacto em forma de L com punho ergon\u00f3mico que otimiza a facilidade de manuseamento. O conforto \u00e9 ainda mais valorizado gra\u00e7as ao Sistema de Redu\u00e7\u00e3o de Vibra\u00e7\u00f5es que minimiza as vibra\u00e7\u00f5es e reduz a fadiga. O sistema \u00abSDS MAX\u00bb permite a troca r\u00e1pida e f\u00e1cil dos cinz\u00e9is. Para demoli\u00e7\u00f5es cont\u00ednuas, o interrutor de bloqueio oferece maior comodidade. Al\u00e9m disso, o cabo de borracha robusto de 4,1 metros permite-lhe mover-se livremente durante o trabalho. O SKIL 1792 GA \u00e9 fornecido numa mala de transporte robusta com um punho lateral continuamente ajust\u00e1vel para um controlo seguro com duas m\u00e3os.<\/p>\n<p>&nbsp;<\/p>\n<p><strong>Caracteristicas:<\/strong><\/p>\n<ul>\n<li>Poderoso martelo pneum\u00e1tico de demoli\u00e7\u00e3o com design em L de 1150 W com SDS MAX<\/li>\n<li>12J de pot\u00eancia de impacto para um elevado desempenho de demoli\u00e7\u00e3o<\/li>\n<li>\u00abSDS MAX\u00bb para trocas de acess\u00f3rios r\u00e1pidas e f\u00e1ceis<\/li>\n<li>O sistema de redu\u00e7\u00e3o de vibra\u00e7\u00f5es assegura uma \u00f3tima comodidade de trabalho e vibra\u00e7\u00f5es reduzidas<\/li>\n<li>Punho ergon\u00f3mico para m\u00e1ximo conforto do utilizador<\/li>\n<li>Interruptor de bloqueio para trabalho cont\u00ednuo<\/li>\n<li>Softgrip para um manuseamento confort\u00e1vel e um controlo \u00f3timo<\/li>\n<li>Cabo de borracha robusto de 4,1 metros para uma maior liberdade de a\u00e7\u00e3o<\/li>\n<li>Pega lateral regul\u00e1vel para um controlo seguro com ambas as m\u00e3os<\/li>\n<\/ul>","protected":false},"excerpt":{"rendered":"<p>O martelo de demoli\u00e7\u00e3o SKIL 1792 SDS MAX de 1150 W combina pot\u00eancia pneum\u00e1tica, efici\u00eancia e conforto de trabalho para<\/p>","protected":false},"featured_media":29954,"template":"","meta":[],"product_brand":[67],"product_cat":[34],"product_tag":[],"class_list":{"0":"post-29476","1":"product","2":"type-product","3":"status-publish","4":"has-post-thumbnail","6":"product_brand-skil","7":"product_cat-ferramentas-eletricas","9":"first","10":"instock","11":"sale","12":"purchasable","13":"product-type-simple"},"_links":{"self":[{"href":"https:\/\/equipment-pt3.com\/en\/wp-json\/wp\/v2\/product\/29476","targetHints":{"allow":["GET"]}}],"collection":[{"href":"https:\/\/equipment-pt3.com\/en\/wp-json\/wp\/v2\/product"}],"about":[{"href":"https:\/\/equipment-pt3.com\/en\/wp-json\/wp\/v2\/types\/product"}],"version-history":[{"count":4,"href":"https:\/\/equipment-pt3.com\/en\/wp-json\/wp\/v2\/product\/29476\/revisions"}],"predecessor-version":[{"id":29961,"href":"https:\/\/equipment-pt3.com\/en\/wp-json\/wp\/v2\/product\/29476\/revisions\/29961"}],"wp:featuredmedia":[{"embeddable":true,"href":"https:\/\/equipment-pt3.com\/en\/wp-json\/wp\/v2\/media\/29954"}],"wp:attachment":[{"href":"https:\/\/equipment-pt3.com\/en\/wp-json\/wp\/v2\/media?parent=29476"}],"wp:term":[{"taxonomy":"product_brand","embeddable":true,"href":"https:\/\/equipment-pt3.com\/en\/wp-json\/wp\/v2\/product_brand?post=29476"},{"taxonomy":"product_cat","embeddable":true,"href":"https:\/\/equipment-pt3.com\/en\/wp-json\/wp\/v2\/product_cat?post=29476"},{"taxonomy":"product_tag","embeddable":true,"href":"https:\/\/equipment-pt3.com\/en\/wp-json\/wp\/v2\/product_tag?post=29476"}],"curies":[{"name":"wp","href":"https:\/\/api.w.org\/{rel}","templated":true}]}}