{"id":29477,"date":"2026-02-03T13:10:37","date_gmt":"2026-02-03T13:10:37","guid":{"rendered":"https:\/\/equipment-pt3.com\/produto\/skil-3821-ca-martelo-sds-1-5j-brushless\/"},"modified":"2026-02-17T12:52:00","modified_gmt":"2026-02-17T12:52:00","slug":"skil-3821-ca-martelo-sds-1-5j-brushless","status":"publish","type":"product","link":"https:\/\/equipment-pt3.com\/en\/product\/skil-3821-ca-martelo-sds-1-5j-brushless\/","title":{"rendered":"Skil 3821 CA Martelo SDS 1.5J Brushless"},"content":{"rendered":"<p>O SKIL 3821 \u00ab20V Max\u00bb \u00e9 um martelo rotativo compacto, mas de elevado desempenho, com mecanismo pneum\u00e1tico para perfura\u00e7\u00e3o em bet\u00e3o. Faz parte da gama sem escovas SKIL, oferecendo uma rela\u00e7\u00e3o qualidade\/pre\u00e7o inigual\u00e1vel. O nosso motor sem escovas \u00e9 mais r\u00e1pido, mais resistente e dura 10 vezes mais do que um motor com escovas convencional. Como todas as outras ferramentas sem fio SKIL \u00ab20V Max\u00bb, este modelo \u00e9 alimentado pela tecnologia de bateria e carregador l\u00edder na ind\u00fastria PWRCORE 20\u2122.<br \/>\nO martelo rotativo sem fio e sem escovas SKIL 3821 tem duas fun\u00e7\u00f5es e pode ser utilizado para aparafusamento, perfura\u00e7\u00e3o normal e perfura\u00e7\u00e3o em bet\u00e3o. A velocidade constante garante a efic\u00e1cia, mesmo sob uma carga mais elevada. O sistema de redu\u00e7\u00e3o de vibra\u00e7\u00f5es (\u00abVRS\u00bb) da ferramenta assegura um \u00f3timo conforto durante o trabalho gra\u00e7as \u00e0 redu\u00e7\u00e3o das vibra\u00e7\u00f5es. Al\u00e9m do mais, esta potente ferramenta oferece verdadeiramente tudo o que precisa: tecnologia fi\u00e1vel de bateria de i\u00f5es de l\u00edtio, velocidade vari\u00e1vel para controlo total e interruptor para apertar\/desapertar para mudar facilmente a dire\u00e7\u00e3o de trabalho da ferramenta. A luz LED garante uma boa visibilidade do seu trabalho. Por \u00faltimo, o design ergon\u00f3mico e Softgrip na ferramenta proporcionam um conforto de trabalho extra. E o sistema \u00abSDS+\u00bb permite uma mudan\u00e7a de acess\u00f3rios simples e r\u00e1pida. A bateria e o carregador n\u00e3o est\u00e3o inclu\u00eddos. Inclui o punho lateral e um batente de profundidade.<\/p>\n<p><strong>Caracteristicas:<\/strong><\/p>\n<ul>\n<li>Parte da gama sem escovas de alto desempenho da SKIL, oferecendo uma rela\u00e7\u00e3o qualidade\/pre\u00e7o inigual\u00e1vel<\/li>\n<li>Motor sem escovas: em m\u00e9dia, mais 50% de pot\u00eancia, 45% mais r\u00e1pido e uma vida \u00fatil 10 vezes mais longa do que um motor com escovas convencional<\/li>\n<li>O sistema de redu\u00e7\u00e3o de vibra\u00e7\u00f5es assegura uma \u00f3tima comodidade de trabalho e vibra\u00e7\u00f5es reduzidas<\/li>\n<li>Mecanismo pneum\u00e1tico de percuss\u00e3o para perfurar em bet\u00e3o<\/li>\n<li>Sistema \u00abSDS+\u00bb para uma troca r\u00e1pida e f\u00e1cil de pontas<\/li>\n<li>3 em 1: para aparafusamento, perfura\u00e7\u00e3o e perfura\u00e7\u00e3o com percuss\u00e3o em bet\u00e3o<\/li>\n<li>Design compacto e ergon\u00f3mico<\/li>\n<li>A velocidade constante garante a efic\u00e1cia, mesmo sob uma carga mais elevada<\/li>\n<li>Softgrip para uma preens\u00e3o firme e mais c\u00f3moda<\/li>\n<li>A velocidade vari\u00e1vel assegura um arranque suave e um controlo total em todos os momentos<\/li>\n<li>Interruptor para apertar\/desapertar para mudar facilmente a dire\u00e7\u00e3o de trabalho da ferramenta<\/li>\n<li>Ilumina\u00e7\u00e3o LED para uma melhor visualiza\u00e7\u00e3o da pe\u00e7a a ser trabalhada e um trabalho mais confort\u00e1vel em \u00e1reas mal iluminadas<\/li>\n<li>Tecnologia de i\u00f5es de l\u00edtio: sem efeito mem\u00f3ria, sem descarga espont\u00e2nea e sempre pronta a utilizar<\/li>\n<\/ul>","protected":false},"excerpt":{"rendered":"<p>O SKIL 3821 \u00ab20V Max\u00bb \u00e9 um martelo rotativo compacto, mas de elevado desempenho, com mecanismo pneum\u00e1tico para perfura\u00e7\u00e3o em<\/p>","protected":false},"featured_media":29913,"template":"","meta":[],"product_brand":[67],"product_cat":[34],"product_tag":[],"class_list":{"0":"post-29477","1":"product","2":"type-product","3":"status-publish","4":"has-post-thumbnail","6":"product_brand-skil","7":"product_cat-ferramentas-eletricas","9":"first","10":"instock","11":"sale","12":"purchasable","13":"product-type-simple"},"_links":{"self":[{"href":"https:\/\/equipment-pt3.com\/en\/wp-json\/wp\/v2\/product\/29477","targetHints":{"allow":["GET"]}}],"collection":[{"href":"https:\/\/equipment-pt3.com\/en\/wp-json\/wp\/v2\/product"}],"about":[{"href":"https:\/\/equipment-pt3.com\/en\/wp-json\/wp\/v2\/types\/product"}],"version-history":[{"count":3,"href":"https:\/\/equipment-pt3.com\/en\/wp-json\/wp\/v2\/product\/29477\/revisions"}],"predecessor-version":[{"id":29917,"href":"https:\/\/equipment-pt3.com\/en\/wp-json\/wp\/v2\/product\/29477\/revisions\/29917"}],"wp:featuredmedia":[{"embeddable":true,"href":"https:\/\/equipment-pt3.com\/en\/wp-json\/wp\/v2\/media\/29913"}],"wp:attachment":[{"href":"https:\/\/equipment-pt3.com\/en\/wp-json\/wp\/v2\/media?parent=29477"}],"wp:term":[{"taxonomy":"product_brand","embeddable":true,"href":"https:\/\/equipment-pt3.com\/en\/wp-json\/wp\/v2\/product_brand?post=29477"},{"taxonomy":"product_cat","embeddable":true,"href":"https:\/\/equipment-pt3.com\/en\/wp-json\/wp\/v2\/product_cat?post=29477"},{"taxonomy":"product_tag","embeddable":true,"href":"https:\/\/equipment-pt3.com\/en\/wp-json\/wp\/v2\/product_tag?post=29477"}],"curies":[{"name":"wp","href":"https:\/\/api.w.org\/{rel}","templated":true}]}}