{"id":29478,"date":"2026-02-03T13:10:37","date_gmt":"2026-02-03T13:10:37","guid":{"rendered":"https:\/\/equipment-pt3.com\/produto\/skil-3851-ga-martelo-rotativo-sem-fio-xp-brushles\/"},"modified":"2026-02-17T12:53:52","modified_gmt":"2026-02-17T12:53:52","slug":"skil-3851-ga-martelo-rotativo-sem-fio-xp-brushles","status":"publish","type":"product","link":"https:\/\/equipment-pt3.com\/en\/product\/skil-3851-ga-martelo-rotativo-sem-fio-xp-brushles\/","title":{"rendered":"SKIL 3851 GA Martelo rotativo sem fio \u00abXP brushles"},"content":{"rendered":"<p>O \u00ab20V Max\u00bb 3851 \u00e9 um martelo rotativo sem fio com quatro fun\u00e7\u00f5es e faz parte da gama SKIL \u00abbrushless XP\u00bb. As ferramentas \u00abXP\u00bb proporcionam um desempenho e uma durabilidade excecionais, gra\u00e7as \u00e0s suas especifica\u00e7\u00f5es de topo e aos motores sem escovas digitais avan\u00e7ados. Como todas as outras ferramentas sem fio SKIL \u00ab20V Max\u00bb, este modelo \u00e9 alimentado pela tecnologia avan\u00e7ada de bateria e carregador l\u00edder na ind\u00fastria \u00abPWRCORE 20\u2122\u00bb. O SKIL 3851 sem escovas tem uma fun\u00e7\u00e3o de percuss\u00e3o para perfurar em bet\u00e3o at\u00e9 24 mm, uma fun\u00e7\u00e3o de paragem da percuss\u00e3o para perfura\u00e7\u00e3o regular e aparafusamento e uma fun\u00e7\u00e3o de paragem de rota\u00e7\u00e3o para trabalhos de cinzelagem ligeiros. Por \u00faltimo, mas n\u00e3o menos importante, este berbequim permite uma cinzelagem com rota\u00e7\u00e3o livre. O motor sem escovas digital fornece mais pot\u00eancia, mais efici\u00eancia e uma vida \u00fatil 10x mais longa do que um motor com escovas compar\u00e1vel. O sistema de redu\u00e7\u00e3o de vibra\u00e7\u00f5es (\u00abVRS\u00bb) da ferramenta assegura um \u00f3timo conforto durante o trabalho gra\u00e7as \u00e0 redu\u00e7\u00e3o das vibra\u00e7\u00f5es. Resumidamente, esta ferramenta vers\u00e1til oferece verdadeiramente tudo o que precisa: tecnologia fi\u00e1vel de bateria de i\u00f5es de l\u00edtio, velocidade vari\u00e1vel para controlo total e a luz LED assegura a boa visibilidade do seu trabalho. O carregador SKIL \u00abPWRJUMP\u2122\u00bb carrega automaticamente a sua bateria \u00abPWRCORE 20\u2122\u00bb de 4,0 Ah de 0% a 15% nos primeiros 5 minutos, para que possa retomar o trabalho num instante. O adaptador USB \u00abPWRASSIST\u2122\u00bb permite o carregamento de dispositivos m\u00f3veis em movimento. O SKIL 3851 GA \u00e9 fornecido numa mala de transporte com uma bateria de 4,0 Ah \u00abKEEPCOOL\u2122\u00bb, um carregador muito r\u00e1pido \u00abAuto PWRJUMP\u2122\u00bb de 6,0 A, um adaptador de carregamento USB \u00abPWRASSIST\u2122\u00bb e um jogo de 3 brocas SDS+.<\/p>\n<p><strong>Caracteristicas:<\/strong><\/p>\n<ul>\n<li>Quatro Fun\u00e7\u00f5es em Um:<br \/>\n&#8211; Fun\u00e7\u00e3o de Percuss\u00e3o: Ideal para perfura\u00e7\u00e3o em bet\u00e3o, suportando at\u00e9 24 mm.<br \/>\n&#8211; Perfura\u00e7\u00e3o Regular: Para perfura\u00e7\u00e3o em madeira e metal sem o impacto da percuss\u00e3o.<br \/>\n&#8211; Aparafusar: Fun\u00e7\u00e3o sem percuss\u00e3o para trabalhos normais de aparafusamento.<br \/>\n&#8211; Cinzelamento: Paragem de rota\u00e7\u00e3o para cinzelagem leve e cinzelagem com rota\u00e7\u00e3o livre.<\/li>\n<li>Sistema de Redu\u00e7\u00e3o de Vibra\u00e7\u00f5es (VRS): O sistema VRS oferece um maior conforto ao utilizador ao reduzir significativamente as vibra\u00e7\u00f5es, tornando o trabalho prolongado menos cansativo.<\/li>\n<li>Carregamento R\u00e1pido PWRJUMP\u2122: O carregador r\u00e1pido PWRJUMP\u2122 pode carregar a bateria de 0% a 15% em apenas 5 minutos, permitindo que termine trabalhos inacabados devido \u00e0 falta de bateria.<\/li>\n<li>Indicador LED e Luz de Trabalho: Um indicador LED mostra claramente o sentido de rota\u00e7\u00e3o (para frente\/tr\u00e1s) e o n\u00edvel de carga da bateria. A luz LED integrada garante uma visibilidade adequada em ambientes mal iluminados, facilitando a precis\u00e3o no trabalho.<\/li>\n<li>Design Ergon\u00f4mico: Com um peso de apenas 2,77 kg (sem bateria), o martelo rotativo \u00e9 leve e f\u00e1cil de manobrar. O design ergon\u00f4mico e o revestimento Softgrip aumentam o conforto durante o uso prolongado.<\/li>\n<li>Velocidade Vari\u00e1vel: O martelo tem controlo de velocidade vari\u00e1vel que permite ajustes precisos de acordo com o material e a aplica\u00e7\u00e3o, oferecendo controlo total sobre o processo de perfura\u00e7\u00e3o ou aparafusamento.<\/li>\n<\/ul>","protected":false},"excerpt":{"rendered":"<p>O \u00ab20V Max\u00bb 3851 \u00e9 um martelo rotativo sem fio com quatro fun\u00e7\u00f5es e faz parte da gama SKIL \u00abbrushless<\/p>","protected":false},"featured_media":29918,"template":"","meta":[],"product_brand":[67],"product_cat":[34],"product_tag":[],"class_list":{"0":"post-29478","1":"product","2":"type-product","3":"status-publish","4":"has-post-thumbnail","6":"product_brand-skil","7":"product_cat-ferramentas-eletricas","9":"first","10":"instock","11":"sale","12":"purchasable","13":"product-type-simple"},"_links":{"self":[{"href":"https:\/\/equipment-pt3.com\/en\/wp-json\/wp\/v2\/product\/29478","targetHints":{"allow":["GET"]}}],"collection":[{"href":"https:\/\/equipment-pt3.com\/en\/wp-json\/wp\/v2\/product"}],"about":[{"href":"https:\/\/equipment-pt3.com\/en\/wp-json\/wp\/v2\/types\/product"}],"version-history":[{"count":3,"href":"https:\/\/equipment-pt3.com\/en\/wp-json\/wp\/v2\/product\/29478\/revisions"}],"predecessor-version":[{"id":29920,"href":"https:\/\/equipment-pt3.com\/en\/wp-json\/wp\/v2\/product\/29478\/revisions\/29920"}],"wp:featuredmedia":[{"embeddable":true,"href":"https:\/\/equipment-pt3.com\/en\/wp-json\/wp\/v2\/media\/29918"}],"wp:attachment":[{"href":"https:\/\/equipment-pt3.com\/en\/wp-json\/wp\/v2\/media?parent=29478"}],"wp:term":[{"taxonomy":"product_brand","embeddable":true,"href":"https:\/\/equipment-pt3.com\/en\/wp-json\/wp\/v2\/product_brand?post=29478"},{"taxonomy":"product_cat","embeddable":true,"href":"https:\/\/equipment-pt3.com\/en\/wp-json\/wp\/v2\/product_cat?post=29478"},{"taxonomy":"product_tag","embeddable":true,"href":"https:\/\/equipment-pt3.com\/en\/wp-json\/wp\/v2\/product_tag?post=29478"}],"curies":[{"name":"wp","href":"https:\/\/api.w.org\/{rel}","templated":true}]}}