{"id":29479,"date":"2026-02-03T13:10:37","date_gmt":"2026-02-03T13:10:37","guid":{"rendered":"https:\/\/equipment-pt3.com\/produto\/skil-2710-ga-aparafusadora-sem-fio\/"},"modified":"2026-02-17T15:07:47","modified_gmt":"2026-02-17T15:07:47","slug":"skil-2710-ga-aparafusadora-sem-fio","status":"publish","type":"product","link":"https:\/\/equipment-pt3.com\/en\/product\/skil-2710-ga-aparafusadora-sem-fio\/","title":{"rendered":"SKIL 2710 GA Aparafusadora sem fio"},"content":{"rendered":"<p>A aparafusadora sem fio SKIL 2710 \u00ab4V Max\u00bb (3,6 V) \u00e9 a ferramenta ideal para trabalhar em espa\u00e7os estreitos e de dif\u00edcil acesso gra\u00e7as ao seu design compacto com o ajuste de rota\u00e7\u00e3o \u00abTwist\u00bb. Basta torcer o punho para alternar entre punho tipo pistola e punho reto e fazer corresponder o ajuste \u00e0 tarefa em m\u00e3os. Est\u00e1 sempre pronta a utilizar gra\u00e7as \u00e0 fi\u00e1vel tecnologia de i\u00f5es de l\u00edtio. Al\u00e9m disso, o carregador micro USB pode ser ligado a outras interfaces USB. A boa visibilidade do seu trabalho \u00e9 garantida pela luz LED. O indicador do n\u00edvel de carga da bateria exibe um aviso quando o n\u00edvel da bateria est\u00e1 baixo, da\u00ed que ter\u00e1 sempre tempo para recarregar. O bloqueio do fuso permite-lhe usar for\u00e7a manual extra quando necess\u00e1rio, por exemplo para terminar de apertar ou come\u00e7ar a soltar parafusos e pernos. Al\u00e9m disso, esta ferramenta disp\u00f5e de um pr\u00e1tico interruptor para apertar\/desapertar para mudar facilmente a dire\u00e7\u00e3o de trabalho. E pode guardar duas pontas de aparafusamento extra na ferramenta, para ter mais pontas \u00e0 m\u00e3o. A SKIL 2710 GA \u00e9 fornecida numa mala de transporte compacta com um carregador micro USB e um jogo de 35 acess\u00f3rios para aparafusamento e pr\u00e9-perfura\u00e7\u00e3o.<\/p>\n<p>&nbsp;<\/p>\n<p><strong>Caracteristicas:<\/strong><\/p>\n<ul>\n<li>Interruptor para apertar \/ desapertar para mudar facilmente a dire\u00e7\u00e3o de trabalho da ferramenta<\/li>\n<li>O sistema eletr\u00f3nico protege contra a sobrecarga, sobreaquecimento e descarga profunda<\/li>\n<li>Tecnologia de i\u00f5es de l\u00edtio: sem efeito mem\u00f3ria, sem descarga espont\u00e2nea e sempre pronta a utilizar<\/li>\n<li>Duas brocas para aparafusadora extra \u00e0 m\u00e3o gra\u00e7as ao dep\u00f3sito de brocas na ferramenta<\/li>\n<li>Ilumina\u00e7\u00e3o LED para uma melhor visualiza\u00e7\u00e3o da pe\u00e7a a ser trabalhada e um trabalho mais confort\u00e1vel em \u00e1reas mal iluminadas<\/li>\n<li>Aparafusadora de l\u00edtio sem fio com carregador micro USB para uma gama ampla de op\u00e7\u00f5es de carregamento<\/li>\n<li>Bloqueio autom\u00e1tico do fuso para apertar ou desapertar parafusos e pernos manualmente<\/li>\n<li>O indicador do n\u00edvel de carga da bateria exibe um aviso quando o n\u00edvel da bateria est\u00e1 baixo<\/li>\n<li>Softgrip para um manuseamento confort\u00e1vel e um controlo \u00f3timo<\/li>\n<li>Design compacto e ergon\u00f3mico<\/li>\n<li>Ajuste de rota\u00e7\u00e3o para trabalhar em locais de dif\u00edcil acesso<\/li>\n<\/ul>","protected":false},"excerpt":{"rendered":"<p>A aparafusadora sem fio SKIL 2710 \u00ab4V Max\u00bb (3,6 V) \u00e9 a ferramenta ideal para trabalhar em espa\u00e7os estreitos e<\/p>","protected":false},"featured_media":29921,"template":"","meta":[],"product_brand":[67],"product_cat":[34],"product_tag":[],"class_list":{"0":"post-29479","1":"product","2":"type-product","3":"status-publish","4":"has-post-thumbnail","6":"product_brand-skil","7":"product_cat-ferramentas-eletricas","9":"first","10":"instock","11":"sale","12":"purchasable","13":"product-type-simple"},"_links":{"self":[{"href":"https:\/\/equipment-pt3.com\/en\/wp-json\/wp\/v2\/product\/29479","targetHints":{"allow":["GET"]}}],"collection":[{"href":"https:\/\/equipment-pt3.com\/en\/wp-json\/wp\/v2\/product"}],"about":[{"href":"https:\/\/equipment-pt3.com\/en\/wp-json\/wp\/v2\/types\/product"}],"version-history":[{"count":3,"href":"https:\/\/equipment-pt3.com\/en\/wp-json\/wp\/v2\/product\/29479\/revisions"}],"predecessor-version":[{"id":29926,"href":"https:\/\/equipment-pt3.com\/en\/wp-json\/wp\/v2\/product\/29479\/revisions\/29926"}],"wp:featuredmedia":[{"embeddable":true,"href":"https:\/\/equipment-pt3.com\/en\/wp-json\/wp\/v2\/media\/29921"}],"wp:attachment":[{"href":"https:\/\/equipment-pt3.com\/en\/wp-json\/wp\/v2\/media?parent=29479"}],"wp:term":[{"taxonomy":"product_brand","embeddable":true,"href":"https:\/\/equipment-pt3.com\/en\/wp-json\/wp\/v2\/product_brand?post=29479"},{"taxonomy":"product_cat","embeddable":true,"href":"https:\/\/equipment-pt3.com\/en\/wp-json\/wp\/v2\/product_cat?post=29479"},{"taxonomy":"product_tag","embeddable":true,"href":"https:\/\/equipment-pt3.com\/en\/wp-json\/wp\/v2\/product_tag?post=29479"}],"curies":[{"name":"wp","href":"https:\/\/api.w.org\/{rel}","templated":true}]}}