{"id":29480,"date":"2026-02-03T13:10:37","date_gmt":"2026-02-03T13:10:37","guid":{"rendered":"https:\/\/equipment-pt3.com\/produto\/skil-3211ca-aparafusadora-%c2%bc-250nm\/"},"modified":"2026-02-17T15:08:31","modified_gmt":"2026-02-17T15:08:31","slug":"skil-3211ca-aparafusadora-%c2%bc-250nm","status":"publish","type":"product","link":"https:\/\/equipment-pt3.com\/en\/product\/skil-3211ca-aparafusadora-%c2%bc-250nm\/","title":{"rendered":"SKIL 3211CA  Aparafusadora \u00bc 250Nm"},"content":{"rendered":"<p>A SKIL 3211 \u00ab20V Max\u00bb \u00e9 uma aparafusadora de impacto de alto desempenho, ideal para as suas tarefas di\u00e1rias de aparafusamento. Faz parte da gama sem escovas SKIL, oferecendo uma rela\u00e7\u00e3o qualidade\/pre\u00e7o inigual\u00e1vel. O nosso motor sem escovas \u00e9 mais r\u00e1pido, mais resistente e dura 10 vezes mais do que um motor com escovas convencional. Como todas as outras ferramentas sem fio SKIL \u00ab20V Max\u00bb, este modelo \u00e9 alimentado pela tecnologia de bateria e carregador l\u00edder na ind\u00fastria PWRCORE 20\u2122.<br \/>\nA SKIL 3211 oferece um elevado bin\u00e1rio para aparafusamento e remo\u00e7\u00e3o sem esfor\u00e7o de parafusos grandes e pernos. Esta aparafusadora de impacto sem fio disp\u00f5e de um design ergon\u00f3mico com uma caixa de engrenagens robusta e met\u00e1lica que aumenta a respetiva durabilidade. Os dois ajustes de velocidade \/ bin\u00e1rio proporcionam um controlo soberbo sobre a velocidade e pot\u00eancia para uma vasta gama de aplica\u00e7\u00f5es. A troca de acess\u00f3rios \u00e9 f\u00e1cil, gra\u00e7as ao encaixe sextavado de fixa\u00e7\u00e3o r\u00e1pida (6,35 mm \/ \u00bc&#8221;). Al\u00e9m do mais, esta ferramenta vers\u00e1til oferece verdadeiramente tudo o que precisa: tecnologia fi\u00e1vel de bateria de i\u00f5es de l\u00edtio, velocidade vari\u00e1vel para controlo total e uma luz LED que assegura a boa visibilidade do seu trabalho. A SKIL 3211 CA \u00e9 fornecida com uma ponta de aparafusamento PH2. A bateria e o carregador n\u00e3o est\u00e3o inclu\u00eddos.<\/p>\n<p><strong>Caracteristicas:<\/strong><\/p>\n<ul>\n<li>Motor sem escovas digital: mais pot\u00eancia, mais efici\u00eancia e vida \u00fatil 10x mais longa<\/li>\n<li>Elevado bin\u00e1rio para aparafusamento e remo\u00e7\u00e3o sem esfor\u00e7o de parafusos e pernos<\/li>\n<li>2 regula\u00e7\u00f5es da velocidade para um controlo ideal da velocidade e da pot\u00eancia<\/li>\n<li>Encaixe sextavado de fixa\u00e7\u00e3o r\u00e1pida (6,35 mm \/ \u00bc&#8221;) para facilitar a troca de acess\u00f3rios<\/li>\n<li>Caixa de engrenagens robusta em metal para maior durabilidade<\/li>\n<li>Design ergon\u00f3mico e Softgrip para um controlo e comodidade \u00f3timos<\/li>\n<li>A velocidade vari\u00e1vel assegura um arranque suave e um controlo total em todos os momentos<\/li>\n<li>Ilumina\u00e7\u00e3o LED para uma melhor visualiza\u00e7\u00e3o da pe\u00e7a a ser trabalhada e um trabalho mais confort\u00e1vel em \u00e1reas mal iluminadas<\/li>\n<li>Tecnologia de i\u00f5es de l\u00edtio: sem efeito mem\u00f3ria, sem descarga espont\u00e2nea e sempre pronta a utilizar<\/li>\n<\/ul>","protected":false},"excerpt":{"rendered":"<p>A SKIL 3211 \u00ab20V Max\u00bb \u00e9 uma aparafusadora de impacto de alto desempenho, ideal para as suas tarefas di\u00e1rias de<\/p>","protected":false},"featured_media":29927,"template":"","meta":[],"product_brand":[67],"product_cat":[34],"product_tag":[],"class_list":{"0":"post-29480","1":"product","2":"type-product","3":"status-publish","4":"has-post-thumbnail","6":"product_brand-skil","7":"product_cat-ferramentas-eletricas","9":"first","10":"instock","11":"sale","12":"purchasable","13":"product-type-simple"},"_links":{"self":[{"href":"https:\/\/equipment-pt3.com\/en\/wp-json\/wp\/v2\/product\/29480","targetHints":{"allow":["GET"]}}],"collection":[{"href":"https:\/\/equipment-pt3.com\/en\/wp-json\/wp\/v2\/product"}],"about":[{"href":"https:\/\/equipment-pt3.com\/en\/wp-json\/wp\/v2\/types\/product"}],"version-history":[{"count":3,"href":"https:\/\/equipment-pt3.com\/en\/wp-json\/wp\/v2\/product\/29480\/revisions"}],"predecessor-version":[{"id":29932,"href":"https:\/\/equipment-pt3.com\/en\/wp-json\/wp\/v2\/product\/29480\/revisions\/29932"}],"wp:featuredmedia":[{"embeddable":true,"href":"https:\/\/equipment-pt3.com\/en\/wp-json\/wp\/v2\/media\/29927"}],"wp:attachment":[{"href":"https:\/\/equipment-pt3.com\/en\/wp-json\/wp\/v2\/media?parent=29480"}],"wp:term":[{"taxonomy":"product_brand","embeddable":true,"href":"https:\/\/equipment-pt3.com\/en\/wp-json\/wp\/v2\/product_brand?post=29480"},{"taxonomy":"product_cat","embeddable":true,"href":"https:\/\/equipment-pt3.com\/en\/wp-json\/wp\/v2\/product_cat?post=29480"},{"taxonomy":"product_tag","embeddable":true,"href":"https:\/\/equipment-pt3.com\/en\/wp-json\/wp\/v2\/product_tag?post=29480"}],"curies":[{"name":"wp","href":"https:\/\/api.w.org\/{rel}","templated":true}]}}