{"id":29482,"date":"2026-02-03T13:10:38","date_gmt":"2026-02-03T13:10:38","guid":{"rendered":"https:\/\/equipment-pt3.com\/produto\/skil-3285-ja-chave-de-impacto-sem-fio-xp-brushles\/"},"modified":"2026-02-16T10:03:41","modified_gmt":"2026-02-16T10:03:41","slug":"skil-3285-ja-chave-de-impacto-sem-fio-xp-brushles","status":"publish","type":"product","link":"https:\/\/equipment-pt3.com\/en\/product\/skil-3285-ja-chave-de-impacto-sem-fio-xp-brushles\/","title":{"rendered":"SKIL 3285 JA Chave de impacto sem fio \u00abXP brushles"},"content":{"rendered":"<ul>\n<li>Motor digital sem escovas: mais potente, mais eficiente e com uma vida \u00fatil 10 vezes superior<\/li>\n<li>Bin\u00e1rio elevado: bin\u00e1rio de aperto de 700 Nm e bin\u00e1rio de arranque de 1.200 Nm<\/li>\n<li>Os 3 ajustes de velocidade\/bin\u00e1rio proporcionam um excelente controlo da velocidade e da pot\u00eancia para uma ampla gama de aplica\u00e7\u00f5es<\/li>\n<li>O modo de controlo de revers\u00e3o interrompe a rota\u00e7\u00e3o e o impacto assim que o parafuso ou a porca \u00e9 desapertado<\/li>\n<li>Modo de desaperto de porcas para remover porcas e parafusos com bin\u00e1rio m\u00e1ximo<\/li>\n<li>Encaixe quadrado robusto de 1\/2&#8243; com anel de fric\u00e7\u00e3o para facilitar a troca de acess\u00f3rios<\/li>\n<li>Caixa de engrenagens met\u00e1lica robusta que prolonga a vida \u00fatil<\/li>\n<li>Velocidade vari\u00e1vel que garante um arranque suave e controlo total em todos os momentos<\/li>\n<li>Luz LED para melhor visualiza\u00e7\u00e3o da pe\u00e7a de trabalho e maior conforto em zonas com ilumina\u00e7\u00e3o insuficiente<\/li>\n<li>Tecnologia de i\u00f5es de l\u00edtio: a bateria n\u00e3o tem efeito de mem\u00f3ria, n\u00e3o se auto-descarrega com o tempo e est\u00e1 sempre pronta a usar<\/li>\n<li>Design ergon\u00f3mico e punho soft grip para conforto e controlo ideais<\/li>\n<li>Clipe de cinto para transporte f\u00e1cil<\/li>\n<\/ul>","protected":false},"excerpt":{"rendered":"<p>Motor digital sem escovas: mais potente, mais eficiente e com uma vida \u00fatil 10 vezes superior Bin\u00e1rio elevado: bin\u00e1rio de<\/p>","protected":false},"featured_media":29708,"template":"","meta":[],"product_brand":[67],"product_cat":[95,34],"product_tag":[],"class_list":{"0":"post-29482","1":"product","2":"type-product","3":"status-publish","4":"has-post-thumbnail","6":"product_brand-skil","7":"product_cat-chaves-de-impacto-e-acessorios","8":"product_cat-ferramentas-eletricas","10":"first","11":"instock","12":"sale","13":"purchasable","14":"product-type-simple"},"_links":{"self":[{"href":"https:\/\/equipment-pt3.com\/en\/wp-json\/wp\/v2\/product\/29482","targetHints":{"allow":["GET"]}}],"collection":[{"href":"https:\/\/equipment-pt3.com\/en\/wp-json\/wp\/v2\/product"}],"about":[{"href":"https:\/\/equipment-pt3.com\/en\/wp-json\/wp\/v2\/types\/product"}],"version-history":[{"count":2,"href":"https:\/\/equipment-pt3.com\/en\/wp-json\/wp\/v2\/product\/29482\/revisions"}],"predecessor-version":[{"id":29710,"href":"https:\/\/equipment-pt3.com\/en\/wp-json\/wp\/v2\/product\/29482\/revisions\/29710"}],"wp:featuredmedia":[{"embeddable":true,"href":"https:\/\/equipment-pt3.com\/en\/wp-json\/wp\/v2\/media\/29708"}],"wp:attachment":[{"href":"https:\/\/equipment-pt3.com\/en\/wp-json\/wp\/v2\/media?parent=29482"}],"wp:term":[{"taxonomy":"product_brand","embeddable":true,"href":"https:\/\/equipment-pt3.com\/en\/wp-json\/wp\/v2\/product_brand?post=29482"},{"taxonomy":"product_cat","embeddable":true,"href":"https:\/\/equipment-pt3.com\/en\/wp-json\/wp\/v2\/product_cat?post=29482"},{"taxonomy":"product_tag","embeddable":true,"href":"https:\/\/equipment-pt3.com\/en\/wp-json\/wp\/v2\/product_tag?post=29482"}],"curies":[{"name":"wp","href":"https:\/\/api.w.org\/{rel}","templated":true}]}}