{"id":29483,"date":"2026-02-03T13:10:38","date_gmt":"2026-02-03T13:10:38","guid":{"rendered":"https:\/\/equipment-pt3.com\/produto\/skil-7260-da-lixadeira-multifuncoes\/"},"modified":"2026-02-16T10:04:14","modified_gmt":"2026-02-16T10:04:14","slug":"skil-7260-da-lixadeira-multifuncoes","status":"publish","type":"product","link":"https:\/\/equipment-pt3.com\/en\/product\/skil-7260-da-lixadeira-multifuncoes\/","title":{"rendered":"SKIL 7260 DA Lixadeira multifun\u00e7\u00f5es"},"content":{"rendered":"<p style=\"text-align: left;\">A SKIL 7260 \u00e9 uma lixadeira com uma base de lixamento de diversas formas para lixar superf\u00edcies grandes como espa\u00e7os de dif\u00edcil acesso.<\/p>\n<ul>\n<li>Punho ergon\u00f3mico para a palma da m\u00e3o, para uso f\u00e1cil com apenas uma m\u00e3o<\/li>\n<li>Baixos n\u00edveis de ru\u00eddo e vibra\u00e7\u00e3o<\/li>\n<li>Troca f\u00e1cil (sistema de fixa\u00e7\u00e3o autoaderente) da folha<\/li>\n<li>Leve, para uma utiliza\u00e7\u00e3o f\u00e1cil na vertical<\/li>\n<li>Softgrip antiderrapante para maior conforto durante trabalhos cont\u00ednuos<\/li>\n<li>Os rolamentos protegidos contra o p\u00f3 asseguram uma durabilidade extra<\/li>\n<li>Adaptador inclu\u00eddo para conectar um aspirador, se necess\u00e1rio<\/li>\n<li>Aspira\u00e7\u00e3o de p\u00f3 integrada com sistema de microfiltra\u00e7\u00e3o para um trabalho mais limpo<\/li>\n<li>Movimentos de lixamento eficazes e motor potente, para obter resultados perfeitos<\/li>\n<li>Base de lixamento de diversas formas, para trabalhar tanto em superf\u00edcies grandes, como em cantos<\/li>\n<\/ul>","protected":false},"excerpt":{"rendered":"<p>A SKIL 7260 \u00e9 uma lixadeira com uma base de lixamento de diversas formas para lixar superf\u00edcies grandes como espa\u00e7os<\/p>","protected":false},"featured_media":29706,"template":"","meta":[],"product_brand":[67],"product_cat":[34,97],"product_tag":[],"class_list":{"0":"post-29483","1":"product","2":"type-product","3":"status-publish","4":"has-post-thumbnail","6":"product_brand-skil","7":"product_cat-ferramentas-eletricas","8":"product_cat-lixadeiras","10":"first","11":"instock","12":"sale","13":"purchasable","14":"product-type-simple"},"_links":{"self":[{"href":"https:\/\/equipment-pt3.com\/en\/wp-json\/wp\/v2\/product\/29483","targetHints":{"allow":["GET"]}}],"collection":[{"href":"https:\/\/equipment-pt3.com\/en\/wp-json\/wp\/v2\/product"}],"about":[{"href":"https:\/\/equipment-pt3.com\/en\/wp-json\/wp\/v2\/types\/product"}],"version-history":[{"count":2,"href":"https:\/\/equipment-pt3.com\/en\/wp-json\/wp\/v2\/product\/29483\/revisions"}],"predecessor-version":[{"id":29707,"href":"https:\/\/equipment-pt3.com\/en\/wp-json\/wp\/v2\/product\/29483\/revisions\/29707"}],"wp:featuredmedia":[{"embeddable":true,"href":"https:\/\/equipment-pt3.com\/en\/wp-json\/wp\/v2\/media\/29706"}],"wp:attachment":[{"href":"https:\/\/equipment-pt3.com\/en\/wp-json\/wp\/v2\/media?parent=29483"}],"wp:term":[{"taxonomy":"product_brand","embeddable":true,"href":"https:\/\/equipment-pt3.com\/en\/wp-json\/wp\/v2\/product_brand?post=29483"},{"taxonomy":"product_cat","embeddable":true,"href":"https:\/\/equipment-pt3.com\/en\/wp-json\/wp\/v2\/product_cat?post=29483"},{"taxonomy":"product_tag","embeddable":true,"href":"https:\/\/equipment-pt3.com\/en\/wp-json\/wp\/v2\/product_tag?post=29483"}],"curies":[{"name":"wp","href":"https:\/\/api.w.org\/{rel}","templated":true}]}}