{"id":29484,"date":"2026-02-03T13:10:38","date_gmt":"2026-02-03T13:10:38","guid":{"rendered":"https:\/\/equipment-pt3.com\/produto\/skil-7362-aa-lixadeira-vibratoria\/"},"modified":"2026-02-16T10:05:26","modified_gmt":"2026-02-16T10:05:26","slug":"skil-7362-aa-lixadeira-vibratoria","status":"publish","type":"product","link":"https:\/\/equipment-pt3.com\/en\/product\/skil-7362-aa-lixadeira-vibratoria\/","title":{"rendered":"SKIL 7362 AA Lixadeira vibrat\u00f3ria"},"content":{"rendered":"<p>A lixadeira vibrat\u00f3ria Skil de 280W \u00e9 uma ferramenta vers\u00e1til e eficiente, feita para lidar com uma variedade de trabalhos, que v\u00e3o desde lixar grandes superf\u00edcies at\u00e9 \u00e1reas de dif\u00edcil acesso.<\/p>\n<ul>\n<li>Motor Potente: O motor de 280 W oferece movimentos eficazes para diversas aplica\u00e7\u00f5es, como lixar portas, mesas, cercas e barrac\u00f5es.<\/li>\n<li>Velocidade Vari\u00e1vel: A fun\u00e7\u00e3o de velocidade vari\u00e1vel permite ajustar a velocidade ao tipo de trabalho, proporcionando maior controlo e precis\u00e3o.<\/li>\n<li>Sistema de Recolha de P\u00f3 \u00abX-Flow\u00bb: Este sistema exclusivo separa o p\u00f3 do ar sem o uso de um filtro, garantindo uma aspira\u00e7\u00e3o de p\u00f3 constante e potente para um trabalho mais limpo e prolongado.<\/li>\n<li>Conex\u00e3o para Aspirador: Possibilidade de conectar um adaptador para aspirador, permitindo uma gest\u00e3o de p\u00f3 ainda mais eficiente.<\/li>\n<li>Isolamento Contra o P\u00f3: Rolamentos de esferas de alta qualidade com isolamento contra o p\u00f3, aumentando a durabilidade da ferramenta ao proteger suas partes internas.<\/li>\n<li>Sistema de Compensa\u00e7\u00e3o \u00abVRS\u00bb: Reduz os n\u00edveis de vibra\u00e7\u00e3o, diminuindo a fadiga durante o uso prolongado.<\/li>\n<li>Duplo Sistema de Prote\u00e7\u00e3o: Possui grampos e fixa\u00e7\u00e3o autoaderente, permitindo o uso de folhas de lixa padr\u00e3o e de fixa\u00e7\u00e3o autoaderente.<\/li>\n<\/ul>","protected":false},"excerpt":{"rendered":"<p>A lixadeira vibrat\u00f3ria Skil de 280W \u00e9 uma ferramenta vers\u00e1til e eficiente, feita para lidar com uma variedade de trabalhos,<\/p>","protected":false},"featured_media":29725,"template":"","meta":[],"product_brand":[67],"product_cat":[34,97],"product_tag":[],"class_list":{"0":"post-29484","1":"product","2":"type-product","3":"status-publish","4":"has-post-thumbnail","6":"product_brand-skil","7":"product_cat-ferramentas-eletricas","8":"product_cat-lixadeiras","10":"first","11":"instock","12":"sale","13":"purchasable","14":"product-type-simple"},"_links":{"self":[{"href":"https:\/\/equipment-pt3.com\/en\/wp-json\/wp\/v2\/product\/29484","targetHints":{"allow":["GET"]}}],"collection":[{"href":"https:\/\/equipment-pt3.com\/en\/wp-json\/wp\/v2\/product"}],"about":[{"href":"https:\/\/equipment-pt3.com\/en\/wp-json\/wp\/v2\/types\/product"}],"version-history":[{"count":3,"href":"https:\/\/equipment-pt3.com\/en\/wp-json\/wp\/v2\/product\/29484\/revisions"}],"predecessor-version":[{"id":29724,"href":"https:\/\/equipment-pt3.com\/en\/wp-json\/wp\/v2\/product\/29484\/revisions\/29724"}],"wp:featuredmedia":[{"embeddable":true,"href":"https:\/\/equipment-pt3.com\/en\/wp-json\/wp\/v2\/media\/29725"}],"wp:attachment":[{"href":"https:\/\/equipment-pt3.com\/en\/wp-json\/wp\/v2\/media?parent=29484"}],"wp:term":[{"taxonomy":"product_brand","embeddable":true,"href":"https:\/\/equipment-pt3.com\/en\/wp-json\/wp\/v2\/product_brand?post=29484"},{"taxonomy":"product_cat","embeddable":true,"href":"https:\/\/equipment-pt3.com\/en\/wp-json\/wp\/v2\/product_cat?post=29484"},{"taxonomy":"product_tag","embeddable":true,"href":"https:\/\/equipment-pt3.com\/en\/wp-json\/wp\/v2\/product_tag?post=29484"}],"curies":[{"name":"wp","href":"https:\/\/api.w.org\/{rel}","templated":true}]}}