{"id":29486,"date":"2026-02-03T13:10:38","date_gmt":"2026-02-03T13:10:38","guid":{"rendered":"https:\/\/equipment-pt3.com\/produto\/skil-7471-da-lixadeira-excentrica\/"},"modified":"2026-02-16T10:07:48","modified_gmt":"2026-02-16T10:07:48","slug":"skil-7471-da-lixadeira-excentrica","status":"publish","type":"product","link":"https:\/\/equipment-pt3.com\/en\/product\/skil-7471-da-lixadeira-excentrica\/","title":{"rendered":"SKIL 7471 DA Lixadeira exc\u00eantrica"},"content":{"rendered":"<p>A lixadeira exc\u00eantrica SKIL 7471 de 300 W \u00e9 o seu parceiro ideal para lixar superf\u00edcies planas e curvas. Esta oferece um controlo ideal durante o uso com apenas uma m\u00e3o gra\u00e7as ao seu design extremamente compacto e ao sistema de compensa\u00e7\u00e3o com contrapesos \u00abVRS\u00bb que reduz as vibra\u00e7\u00f5es. Com os seus movimentos de lixamento exc\u00eantricos e eficientes, esta \u00e9 ideal para acabamentos finos e remo\u00e7\u00e3o de superf\u00edcies de grande escala. E gra\u00e7as \u00e0 fun\u00e7\u00e3o de velocidade vari\u00e1vel pr\u00e9-selecionada, a velocidade pode ser ajustada ao tipo de trabalho. Esta ferramenta disp\u00f5e de um sistema de recolha de p\u00f3 \u00abX-Flow\u00bb exclusivo que separa o p\u00f3 do ar sem o uso de um filtro. A principal vantagem \u00e9 a de que n\u00e3o existe um filtro que possa ficar obstru\u00eddo, assim tem a garantia de uma aspira\u00e7\u00e3o de p\u00f3 constante e potente para um trabalho mais limpo e prolongado. Mas se preferir utilizar o seu aspirador, tamb\u00e9m pode conectar o adaptador para aspirador. Outra vantagem deste modelo \u00e9 a fun\u00e7\u00e3o de travagem integrada, a qual previne danos na pe\u00e7a a ser trabalhada que poderiam surgir ao colocar a ferramenta na pe\u00e7a ou ao remov\u00ea-la. A SKIL 7471 DA \u00e9 fornecida num saco de transporte com 15 folhas de lixa de fixa\u00e7\u00e3o autoaderente, um recipiente do p\u00f3 \u00abX-Flow\u00bb e adaptador para aspirador.<\/p>\n<p><strong>Caracteristicas:<\/strong><\/p>\n<ul>\n<li>Os movimentos de lixamento exc\u00eantricos permitem tanto acabamentos finos como remo\u00e7\u00e3o de superf\u00edcies de grande escala<\/li>\n<li>Bot\u00e3o de regula\u00e7\u00e3o da velocidade vari\u00e1vel para uma remo\u00e7\u00e3o controlada de diferentes materiais<\/li>\n<li>O sistema de recolha de p\u00f3 \u00abX-Flow\u00bb exclusivo sem filtro assegura uma aspira\u00e7\u00e3o do p\u00f3 potente sem obstru\u00e7\u00f5es<\/li>\n<li>Sistema de compensa\u00e7\u00e3o com contrapesos para vibra\u00e7\u00f5es reduzidas (\u00abVRS\u00bb)<\/li>\n<li>Design ergon\u00f3mico para opera\u00e7\u00e3o com uma m\u00e3o para total liberdade de movimentos e uma excelente visibilidade da pe\u00e7a a trabalhar<\/li>\n<li>Trav\u00e3o do prato de lixa: lixamento suave e sem riscos e tempo de paragem reduzido<\/li>\n<li>Os rolamentos protegidos contra o p\u00f3 asseguram uma durabilidade extra<\/li>\n<li>Ideal para superf\u00edcies curvas e planas<\/li>\n<li>Adaptador inclu\u00eddo para conectar um aspirador, se necess\u00e1rio<\/li>\n<li>Softgrip antiderrapante para maior conforto durante trabalhos cont\u00ednuos<\/li>\n<li>Leve, para uma utiliza\u00e7\u00e3o f\u00e1cil na vertical<\/li>\n<li>Troca r\u00e1pido (sistema de fixa\u00e7\u00e3o autoaderente) da folha<\/li>\n<\/ul>","protected":false},"excerpt":{"rendered":"<p>A lixadeira exc\u00eantrica SKIL 7471 de 300 W \u00e9 o seu parceiro ideal para lixar superf\u00edcies planas e curvas. Esta<\/p>","protected":false},"featured_media":29910,"template":"","meta":[],"product_brand":[67],"product_cat":[34,97],"product_tag":[],"class_list":{"0":"post-29486","1":"product","2":"type-product","3":"status-publish","4":"has-post-thumbnail","6":"product_brand-skil","7":"product_cat-ferramentas-eletricas","8":"product_cat-lixadeiras","10":"first","11":"instock","12":"sale","13":"purchasable","14":"product-type-simple"},"_links":{"self":[{"href":"https:\/\/equipment-pt3.com\/en\/wp-json\/wp\/v2\/product\/29486","targetHints":{"allow":["GET"]}}],"collection":[{"href":"https:\/\/equipment-pt3.com\/en\/wp-json\/wp\/v2\/product"}],"about":[{"href":"https:\/\/equipment-pt3.com\/en\/wp-json\/wp\/v2\/types\/product"}],"version-history":[{"count":4,"href":"https:\/\/equipment-pt3.com\/en\/wp-json\/wp\/v2\/product\/29486\/revisions"}],"predecessor-version":[{"id":29911,"href":"https:\/\/equipment-pt3.com\/en\/wp-json\/wp\/v2\/product\/29486\/revisions\/29911"}],"wp:featuredmedia":[{"embeddable":true,"href":"https:\/\/equipment-pt3.com\/en\/wp-json\/wp\/v2\/media\/29910"}],"wp:attachment":[{"href":"https:\/\/equipment-pt3.com\/en\/wp-json\/wp\/v2\/media?parent=29486"}],"wp:term":[{"taxonomy":"product_brand","embeddable":true,"href":"https:\/\/equipment-pt3.com\/en\/wp-json\/wp\/v2\/product_brand?post=29486"},{"taxonomy":"product_cat","embeddable":true,"href":"https:\/\/equipment-pt3.com\/en\/wp-json\/wp\/v2\/product_cat?post=29486"},{"taxonomy":"product_tag","embeddable":true,"href":"https:\/\/equipment-pt3.com\/en\/wp-json\/wp\/v2\/product_tag?post=29486"}],"curies":[{"name":"wp","href":"https:\/\/api.w.org\/{rel}","templated":true}]}}