{"id":29487,"date":"2026-02-03T13:10:38","date_gmt":"2026-02-03T13:10:38","guid":{"rendered":"https:\/\/equipment-pt3.com\/produto\/skil-7521-da-lixadora-gesso-cartonado\/"},"modified":"2026-02-16T10:09:38","modified_gmt":"2026-02-16T10:09:38","slug":"skil-7521-da-lixadora-gesso-cartonado","status":"publish","type":"product","link":"https:\/\/equipment-pt3.com\/en\/product\/skil-7521-da-lixadora-gesso-cartonado\/","title":{"rendered":"SKIL 7521 DA Lixadora gesso cartonado"},"content":{"rendered":"<p>A potente lixadeira para gesso cartonado SKIL 7521 de 750 W, concebida para folhas de \u00d8 225 mm, permite-lhe concluir as tarefas rapidamente e com o m\u00ednimo esfor\u00e7o. Com a sua haste extensora, a mangueira e o cabo de alimenta\u00e7\u00e3o com 4 metros de comprimento e um comprimento de at\u00e9 1,8 m, pode lixar facilmente grandes superf\u00edcies. A lixadeira est\u00e1 equipada com uma gama de carater\u00edsticas eletr\u00f3nicas, incluindo arranque suave para uma acelera\u00e7\u00e3o suave sem contragolpes, velocidade constante para resultados consistentes e prote\u00e7\u00e3o contra sobrecargas para prolongar a vida \u00fatil da ferramenta. Al\u00e9m disso, a defini\u00e7\u00e3o de velocidade vari\u00e1vel permite-lhe ajustar a lixadeira para se adaptar a diferentes materiais de superf\u00edcie, garantindo um desempenho ideal.<\/p>\n<ul>\n<li>Arranque suave, velocidade vari\u00e1vel, velocidade constante e prote\u00e7\u00e3o contra sobrecargas para o ajudar a realizar o trabalho corretamente e com facilidade<\/li>\n<li>A luz LED de 360\u00b0 destaca exatamente onde lixar<\/li>\n<li>Segmento de escova amov\u00edvel para lixar junto ao rebordo<\/li>\n<li>Design dobr\u00e1vel para f\u00e1cil armazenamento e transporte<\/li>\n<li>Liberdade de rota\u00e7\u00e3o ideal para lixar paredes e tetos<\/li>\n<li>O suporte de prote\u00e7\u00e3o da mangueira evita que a mangueira se dobre<\/li>\n<li>Com a folha de lixa correta, \u00e9 ideal para lixar placas de gesso, placas de isolamento s\u00f3lidas de styropor, prepara\u00e7\u00e3o para pintura, polimento<\/li>\n<li>Al\u00e7a a tiracolo ajust\u00e1vel para maior conforto e manuseamento<\/li>\n<li>Ligar o cabo de alimenta\u00e7\u00e3o \u00e0 mangueira para minimizar o risco de emaranhamento<\/li>\n<li>Mangueira de 4 m<\/li>\n<\/ul>","protected":false},"excerpt":{"rendered":"<p>A potente lixadeira para gesso cartonado SKIL 7521 de 750 W, concebida para folhas de \u00d8 225 mm, permite-lhe concluir<\/p>","protected":false},"featured_media":29904,"template":"","meta":[],"product_brand":[67],"product_cat":[34,97],"product_tag":[],"class_list":{"0":"post-29487","1":"product","2":"type-product","3":"status-publish","4":"has-post-thumbnail","6":"product_brand-skil","7":"product_cat-ferramentas-eletricas","8":"product_cat-lixadeiras","10":"first","11":"instock","12":"sale","13":"purchasable","14":"product-type-simple"},"_links":{"self":[{"href":"https:\/\/equipment-pt3.com\/en\/wp-json\/wp\/v2\/product\/29487","targetHints":{"allow":["GET"]}}],"collection":[{"href":"https:\/\/equipment-pt3.com\/en\/wp-json\/wp\/v2\/product"}],"about":[{"href":"https:\/\/equipment-pt3.com\/en\/wp-json\/wp\/v2\/types\/product"}],"version-history":[{"count":2,"href":"https:\/\/equipment-pt3.com\/en\/wp-json\/wp\/v2\/product\/29487\/revisions"}],"predecessor-version":[{"id":29900,"href":"https:\/\/equipment-pt3.com\/en\/wp-json\/wp\/v2\/product\/29487\/revisions\/29900"}],"wp:featuredmedia":[{"embeddable":true,"href":"https:\/\/equipment-pt3.com\/en\/wp-json\/wp\/v2\/media\/29904"}],"wp:attachment":[{"href":"https:\/\/equipment-pt3.com\/en\/wp-json\/wp\/v2\/media?parent=29487"}],"wp:term":[{"taxonomy":"product_brand","embeddable":true,"href":"https:\/\/equipment-pt3.com\/en\/wp-json\/wp\/v2\/product_brand?post=29487"},{"taxonomy":"product_cat","embeddable":true,"href":"https:\/\/equipment-pt3.com\/en\/wp-json\/wp\/v2\/product_cat?post=29487"},{"taxonomy":"product_tag","embeddable":true,"href":"https:\/\/equipment-pt3.com\/en\/wp-json\/wp\/v2\/product_tag?post=29487"}],"curies":[{"name":"wp","href":"https:\/\/api.w.org\/{rel}","templated":true}]}}