{"id":29488,"date":"2026-02-03T13:10:38","date_gmt":"2026-02-03T13:10:38","guid":{"rendered":"https:\/\/equipment-pt3.com\/produto\/skil-7800aa-multifuncoes-1300w\/"},"modified":"2026-02-16T10:10:15","modified_gmt":"2026-02-16T10:10:15","slug":"skil-7800aa-multifuncoes-1300w","status":"publish","type":"product","link":"https:\/\/equipment-pt3.com\/en\/product\/skil-7800aa-multifuncoes-1300w\/","title":{"rendered":"SKIL 7800AA Multifun\u00e7\u00f5es 1300W"},"content":{"rendered":"<ul>\n<li>A forma mais r\u00e1pida e f\u00e1cil de remover camadas superiores desgastadas, tinta e ferrugem<\/li>\n<li>Para todo o tipo de trabalhos de renova\u00e7\u00e3o em madeira, pedra, bet\u00e3o e metal<\/li>\n<li>Ideal tamb\u00e9m para lixar pe\u00e7as curvas ou irregulares<\/li>\n<li>Design em linha para um melhor equil\u00edbrio e um alcance \u00f3timo, mesmo em espa\u00e7os estreitos<\/li>\n<li>Bot\u00e3o de regula\u00e7\u00e3o da velocidade vari\u00e1vel para uma remo\u00e7\u00e3o controlada de diferentes materiais<\/li>\n<li>A velocidade constante garante a efic\u00e1cia, mesmo sob uma carga mais elevada<\/li>\n<li>Arranque suave para um aumento gradual de velocidade at\u00e9 ao m\u00e1ximo, evitando contragolpes<\/li>\n<li>Cabo em borracha de 4 m para um alcance e durabilidade ideais<\/li>\n<li>Liga\u00e7\u00e3o para aspirador para um ambiente de trabalho mais limpo<\/li>\n<li>Dep\u00f3sito integrado para chave<\/li>\n<li>Os rolamentos protegidos contra o p\u00f3 asseguram uma durabilidade extra<\/li>\n<li>Bloqueio do fuso para mudar de acess\u00f3rio facilmente<\/li>\n<\/ul>","protected":false},"excerpt":{"rendered":"<p>A forma mais r\u00e1pida e f\u00e1cil de remover camadas superiores desgastadas, tinta e ferrugem Para todo o tipo de trabalhos<\/p>","protected":false},"featured_media":29680,"template":"","meta":[],"product_brand":[67],"product_cat":[34,97],"product_tag":[],"class_list":{"0":"post-29488","1":"product","2":"type-product","3":"status-publish","4":"has-post-thumbnail","6":"product_brand-skil","7":"product_cat-ferramentas-eletricas","8":"product_cat-lixadeiras","10":"first","11":"instock","12":"sale","13":"purchasable","14":"product-type-simple"},"_links":{"self":[{"href":"https:\/\/equipment-pt3.com\/en\/wp-json\/wp\/v2\/product\/29488","targetHints":{"allow":["GET"]}}],"collection":[{"href":"https:\/\/equipment-pt3.com\/en\/wp-json\/wp\/v2\/product"}],"about":[{"href":"https:\/\/equipment-pt3.com\/en\/wp-json\/wp\/v2\/types\/product"}],"version-history":[{"count":1,"href":"https:\/\/equipment-pt3.com\/en\/wp-json\/wp\/v2\/product\/29488\/revisions"}],"predecessor-version":[{"id":29679,"href":"https:\/\/equipment-pt3.com\/en\/wp-json\/wp\/v2\/product\/29488\/revisions\/29679"}],"wp:featuredmedia":[{"embeddable":true,"href":"https:\/\/equipment-pt3.com\/en\/wp-json\/wp\/v2\/media\/29680"}],"wp:attachment":[{"href":"https:\/\/equipment-pt3.com\/en\/wp-json\/wp\/v2\/media?parent=29488"}],"wp:term":[{"taxonomy":"product_brand","embeddable":true,"href":"https:\/\/equipment-pt3.com\/en\/wp-json\/wp\/v2\/product_brand?post=29488"},{"taxonomy":"product_cat","embeddable":true,"href":"https:\/\/equipment-pt3.com\/en\/wp-json\/wp\/v2\/product_cat?post=29488"},{"taxonomy":"product_tag","embeddable":true,"href":"https:\/\/equipment-pt3.com\/en\/wp-json\/wp\/v2\/product_tag?post=29488"}],"curies":[{"name":"wp","href":"https:\/\/api.w.org\/{rel}","templated":true}]}}