{"id":29489,"date":"2026-02-03T13:10:38","date_gmt":"2026-02-03T13:10:38","guid":{"rendered":"https:\/\/equipment-pt3.com\/produto\/skil-3420-da-serra-vertical-sem-fio\/"},"modified":"2026-02-16T09:56:56","modified_gmt":"2026-02-16T09:56:56","slug":"skil-3420-da-serra-vertical-sem-fio","status":"publish","type":"product","link":"https:\/\/equipment-pt3.com\/en\/product\/skil-3420-da-serra-vertical-sem-fio\/","title":{"rendered":"SKIL 3420 DA Serra vertical sem fio"},"content":{"rendered":"<p>A SKIL 3420, uma serra vertical sem fio \u00ab20V Max\u00bb (18 V), \u00e9 extremamente adequada para a serragem precisa de cortes curvos e a direito. Boa visibilidade do seu trabalho gra\u00e7as \u00e0 ilumina\u00e7\u00e3o LED. O seletor do material com quatro ajustes permite-lhe encontrar sempre o ajuste correto para o trabalho em quest\u00e3o. Com o controlo da velocidade vari\u00e1vel pode utilizar esta serra vertical para obter os melhores resultados em diversos materiais. O sistema \u00abClic\u00bb isento de ferramentas permite-lhe trocar facilmente as l\u00e2minas de serra sem precisar de quaisquer ferramentas. Outras fun\u00e7\u00f5es pr\u00e1ticas incluem o soprador do p\u00f3 que proporciona uma boa visibilidade da pe\u00e7a a ser trabalhada e a placa de base ajust\u00e1vel sem chave que permite cortes em bisel at\u00e9 45\u00b0. Para um ambiente de trabalho mais limpo, o adaptador para aspirador \u00e9 compat\u00edvel com a maior parte dos aspiradores de tamanho padr\u00e3o. Al\u00e9m disso, o design ergon\u00f3mico com Softgrip assegura um conforto de trabalho extra. A SKIL 3420 DA \u00e9 fornecida num saco de transporte com uma bateria \u00ab20V Max\u00bb (18 V) 2,5 Ah \u00abKeep Cool\u00bb, um carregador r\u00e1pido, tr\u00eas l\u00e2minas de serra para madeira, duas l\u00e2minas de serra para metal e um adaptador para aspirador.<\/p>\n<p>&nbsp;<\/p>\n<p><strong>Caracteristicas:<\/strong><\/p>\n<ul>\n<li>Serra vertical sem fio \u00ab20V Max\u00bb (18 V) potente para uma variedade de tarefas de serragem de bricolage<\/li>\n<li>A luz LED ilumina a linha de corte para uma melhor visibilidade da pe\u00e7a a trabalhar<\/li>\n<li>Seletor de material com quatro ajustes: sempre o ajuste certo para o trabalho em quest\u00e3o<\/li>\n<li>Controlo da velocidade vari\u00e1vel para cortes de alta precis\u00e3o em diversos materiais<\/li>\n<li>Substitui\u00e7\u00e3o da l\u00e2mina r\u00e1pida e f\u00e1cil, com o sistema \u00abClic\u00bb isento de ferramentas<\/li>\n<li>Interruptor para soprar o p\u00f3 de modo a manter uma boa vis\u00e3o da linha de corte em todos os momentos<\/li>\n<li>\u00c2ngulo da base ajust\u00e1vel sem chave at\u00e9 45\u00b0 para a esquerda ou direita para cortes em bisel precisos<\/li>\n<li>Softgrip para uma preens\u00e3o firme e mais c\u00f3moda<\/li>\n<li>Adaptador inclu\u00eddo para conectar um aspirador, se necess\u00e1rio<\/li>\n<li>Tecnologia de i\u00f5es de l\u00edtio: sem efeito mem\u00f3ria, sem descarga espont\u00e2nea e sempre pronta a utilizar<\/li>\n<li>O indicador do n\u00edvel de carga da bateria patenteado exibe comodamente o n\u00edvel de carga da bateria<\/li>\n<\/ul>","protected":false},"excerpt":{"rendered":"<p>A SKIL 3420, uma serra vertical sem fio \u00ab20V Max\u00bb (18 V), \u00e9 extremamente adequada para a serragem precisa de<\/p>","protected":false},"featured_media":29905,"template":"","meta":[],"product_brand":[67],"product_cat":[98,34],"product_tag":[],"class_list":{"0":"post-29489","1":"product","2":"type-product","3":"status-publish","4":"has-post-thumbnail","6":"product_brand-skil","7":"product_cat-ferramentas-de-corte","8":"product_cat-ferramentas-eletricas","10":"first","11":"instock","12":"sale","13":"purchasable","14":"product-type-simple"},"_links":{"self":[{"href":"https:\/\/equipment-pt3.com\/en\/wp-json\/wp\/v2\/product\/29489","targetHints":{"allow":["GET"]}}],"collection":[{"href":"https:\/\/equipment-pt3.com\/en\/wp-json\/wp\/v2\/product"}],"about":[{"href":"https:\/\/equipment-pt3.com\/en\/wp-json\/wp\/v2\/types\/product"}],"version-history":[{"count":3,"href":"https:\/\/equipment-pt3.com\/en\/wp-json\/wp\/v2\/product\/29489\/revisions"}],"predecessor-version":[{"id":29907,"href":"https:\/\/equipment-pt3.com\/en\/wp-json\/wp\/v2\/product\/29489\/revisions\/29907"}],"wp:featuredmedia":[{"embeddable":true,"href":"https:\/\/equipment-pt3.com\/en\/wp-json\/wp\/v2\/media\/29905"}],"wp:attachment":[{"href":"https:\/\/equipment-pt3.com\/en\/wp-json\/wp\/v2\/media?parent=29489"}],"wp:term":[{"taxonomy":"product_brand","embeddable":true,"href":"https:\/\/equipment-pt3.com\/en\/wp-json\/wp\/v2\/product_brand?post=29489"},{"taxonomy":"product_cat","embeddable":true,"href":"https:\/\/equipment-pt3.com\/en\/wp-json\/wp\/v2\/product_cat?post=29489"},{"taxonomy":"product_tag","embeddable":true,"href":"https:\/\/equipment-pt3.com\/en\/wp-json\/wp\/v2\/product_tag?post=29489"}],"curies":[{"name":"wp","href":"https:\/\/api.w.org\/{rel}","templated":true}]}}